{"id":436,"date":"2026-03-12T17:54:09","date_gmt":"2026-03-12T17:54:09","guid":{"rendered":"https:\/\/trade.colart.com\/fr\/product\/winsor-newton-aquarelle-cotman-boite-sketcher-deluxe\/"},"modified":"2026-04-16T10:22:22","modified_gmt":"2026-04-16T10:22:22","slug":"winsor-newton-aquarelle-cotman-boite-sketcher-deluxe","status":"publish","type":"product","link":"https:\/\/trade.colart.com\/fr\/product\/winsor-newton-aquarelle-cotman-boite-sketcher-deluxe\/","title":{"rendered":"Winsor &amp; Newton Aquarelle Cotman Boite Sketcher Deluxe"},"content":{"rendered":"<p>D\u00e9couvrez 16 aquarelles Cotman fabriqu\u00e9es avec des pigments de haute qualit\u00e9 dans un ensemble de poche. Contient un pinceau de voyage, un crayon et une gomme mie de pain.<\/p>\n<p>Le Set de poche complet s&#8217;appelait auparavant la Bo\u00eete de poche esquisse de luxe.<\/p>\n","protected":false},"excerpt":{"rendered":"<p>D\u00e9couvrez 16 aquarelles Cotman fabriqu\u00e9es avec des pigments de haute qualit\u00e9 dans un ensemble de poche. Contient un pinceau de voyage, un crayon et une gomme mie de pain.<\/p>\n<p>Le Set de poche complet s&#8217;appelait auparavant la Bo\u00eete de poche esquisse de luxe. <span class=\"more_dots\">&#8230;<\/span><\/p>\n<p><a class=\"btn btn-secondary understrap-read-more-link\" href=\"https:\/\/trade.colart.com\/fr\/product\/winsor-newton-aquarelle-cotman-boite-sketcher-deluxe\/\">Read More&#8230;<span class=\"screen-reader-text\"> from Winsor &amp; Newton Aquarelle Cotman Boite Sketcher Deluxe<\/span><\/a><\/p>\n","protected":false},"featured_media":21115,"comment_status":"closed","ping_status":"closed","template":"","meta":{"_acf_changed":false},"product_brand":[],"product_cat":[278,277],"product_tag":[],"class_list":{"0":"post-436","1":"product","2":"type-product","3":"status-publish","4":"has-post-thumbnail","6":"product_cat-winsor-newton-couleurs-aquarelle-couleurs-aquarelle-fine-cotman-sets-aquarelle-fine-cotman","7":"product_cat-winsor-newton-coffrets-sets-aquarelle-fine-cotman","9":"first","10":"instock","11":"shipping-taxable","12":"purchasable","13":"product-type-simple"},"acf":[],"_links":{"self":[{"href":"https:\/\/trade.colart.com\/fr\/wp-json\/wp\/v2\/product\/436","targetHints":{"allow":["GET"]}}],"collection":[{"href":"https:\/\/trade.colart.com\/fr\/wp-json\/wp\/v2\/product"}],"about":[{"href":"https:\/\/trade.colart.com\/fr\/wp-json\/wp\/v2\/types\/product"}],"replies":[{"embeddable":true,"href":"https:\/\/trade.colart.com\/fr\/wp-json\/wp\/v2\/comments?post=436"}],"wp:featuredmedia":[{"embeddable":true,"href":"https:\/\/trade.colart.com\/fr\/wp-json\/wp\/v2\/media\/21115"}],"wp:attachment":[{"href":"https:\/\/trade.colart.com\/fr\/wp-json\/wp\/v2\/media?parent=436"}],"wp:term":[{"taxonomy":"product_brand","embeddable":true,"href":"https:\/\/trade.colart.com\/fr\/wp-json\/wp\/v2\/product_brand?post=436"},{"taxonomy":"product_cat","embeddable":true,"href":"https:\/\/trade.colart.com\/fr\/wp-json\/wp\/v2\/product_cat?post=436"},{"taxonomy":"product_tag","embeddable":true,"href":"https:\/\/trade.colart.com\/fr\/wp-json\/wp\/v2\/product_tag?post=436"}],"curies":[{"name":"wp","href":"https:\/\/api.w.org\/{rel}","templated":true}]}}