{"id":437,"date":"2026-03-12T06:12:09","date_gmt":"2026-03-12T06:12:09","guid":{"rendered":"https:\/\/trade.colart.com\/fr\/product\/winsor-newton-aquarelle-cotman-boite-studio-45x12-godets\/"},"modified":"2026-04-15T14:20:54","modified_gmt":"2026-04-15T14:20:54","slug":"winsor-newton-aquarelle-cotman-boite-studio-45x12-godets","status":"publish","type":"product","link":"https:\/\/trade.colart.com\/fr\/product\/winsor-newton-aquarelle-cotman-boite-studio-45x12-godets\/","title":{"rendered":"Winsor &amp; Newton Aquarelle Cotman Boite Studio 45&#215;1\/2 Godets"},"content":{"rendered":"<p>D\u00e9couvrez la gamme de 40 aquarelles Cotman fabriqu\u00e9es avec des pigments de haute qualit\u00e9 pour assurer la permanence des couleurs. Ce set contient un tube suppl\u00e9mentaire des 5 couleurs les plus populaires, ainsi qu&#8217;un pinceau et des palettes avec plusieurs zones de m\u00e9lange.<\/p>\n","protected":false},"excerpt":{"rendered":"<p>D\u00e9couvrez la gamme de 40 aquarelles Cotman fabriqu\u00e9es avec des pigments de haute qualit\u00e9 pour assurer la permanence des couleurs. Ce set contient un tube suppl\u00e9mentaire des 5 couleurs les plus populaires, ainsi qu&#8217;un pinceau et des palettes avec plusieurs zones de m\u00e9lange. <span class=\"more_dots\">&#8230;<\/span><\/p>\n<p><a class=\"btn btn-secondary understrap-read-more-link\" href=\"https:\/\/trade.colart.com\/fr\/product\/winsor-newton-aquarelle-cotman-boite-studio-45x12-godets\/\">Read More&#8230;<span class=\"screen-reader-text\"> from Winsor &amp; Newton Aquarelle Cotman Boite Studio 45&#215;1\/2 Godets<\/span><\/a><\/p>\n","protected":false},"featured_media":0,"comment_status":"closed","ping_status":"closed","template":"","meta":{"_acf_changed":false},"product_brand":[],"product_cat":[278,277],"product_tag":[],"class_list":{"0":"post-437","1":"product","2":"type-product","3":"status-publish","5":"product_cat-winsor-newton-couleurs-aquarelle-couleurs-aquarelle-fine-cotman-sets-aquarelle-fine-cotman","6":"product_cat-winsor-newton-coffrets-sets-aquarelle-fine-cotman","8":"first","9":"instock","10":"shipping-taxable","11":"purchasable","12":"product-type-simple"},"acf":[],"_links":{"self":[{"href":"https:\/\/trade.colart.com\/fr\/wp-json\/wp\/v2\/product\/437","targetHints":{"allow":["GET"]}}],"collection":[{"href":"https:\/\/trade.colart.com\/fr\/wp-json\/wp\/v2\/product"}],"about":[{"href":"https:\/\/trade.colart.com\/fr\/wp-json\/wp\/v2\/types\/product"}],"replies":[{"embeddable":true,"href":"https:\/\/trade.colart.com\/fr\/wp-json\/wp\/v2\/comments?post=437"}],"wp:attachment":[{"href":"https:\/\/trade.colart.com\/fr\/wp-json\/wp\/v2\/media?parent=437"}],"wp:term":[{"taxonomy":"product_brand","embeddable":true,"href":"https:\/\/trade.colart.com\/fr\/wp-json\/wp\/v2\/product_brand?post=437"},{"taxonomy":"product_cat","embeddable":true,"href":"https:\/\/trade.colart.com\/fr\/wp-json\/wp\/v2\/product_cat?post=437"},{"taxonomy":"product_tag","embeddable":true,"href":"https:\/\/trade.colart.com\/fr\/wp-json\/wp\/v2\/product_tag?post=437"}],"curies":[{"name":"wp","href":"https:\/\/api.w.org\/{rel}","templated":true}]}}