{"id":441,"date":"2026-03-12T06:12:55","date_gmt":"2026-03-12T06:12:55","guid":{"rendered":"https:\/\/trade.colart.com\/fr\/product\/winsor-newton-aquarelle-professionnelle-bo%c3%aete-l%c3%a9g%c3%a8re-pour-croquis-sketchers-24-demi-godets\/"},"modified":"2026-04-17T10:22:24","modified_gmt":"2026-04-17T10:22:24","slug":"winsor-newton-bo%c3%aete-m%c3%a9tal-de-voyage-compl%c3%a8te-aquarelle-professionnelle","status":"publish","type":"product","link":"https:\/\/trade.colart.com\/fr\/product\/winsor-newton-bo%c3%aete-m%c3%a9tal-de-voyage-compl%c3%a8te-aquarelle-professionnelle\/","title":{"rendered":"Winsor &amp; Newton Bo\u00eete M\u00e9tal de Voyage Compl\u00e8te Aquarelle Professionnelle"},"content":{"rendered":"<p>D\u00e9couvrez 24 de nos Aquarelles Professionnelles aux performances in\u00e9gal\u00e9es. Elles contiennent une forte concentration de pigments de qualit\u00e9 pour assurer la r\u00e9sistance \u00e0 la lumi\u00e8re et la permanence des couleurs. Les demi-godets sont dans une bo\u00eete de voyage qui dispose d&#8217;une palette int\u00e9gr\u00e9e dans le couvercle, d&#8217;un volet rabattable pour le m\u00e9lange et la teinte, d&#8217;un anneau pour le pouce \u00e0 la base, et d&#8217;un espace pour un pinceau.<\/p>\n<p>La Bo\u00eete m\u00e9tal de voyage compl\u00e8te s&#8217;appelait auparavant la Bo\u00eete esquisse l\u00e9g\u00e8re.<\/p>\n","protected":false},"excerpt":{"rendered":"<p>D\u00e9couvrez 24 de nos Aquarelles Professionnelles aux performances in\u00e9gal\u00e9es. Elles contiennent une forte concentration de pigments de qualit\u00e9 pour assurer la r\u00e9sistance \u00e0 la lumi\u00e8re et la permanence des couleurs. Les demi-godets sont dans une bo\u00eete de voyage qui dispose d&#8217;une palette int\u00e9gr\u00e9e dans le couvercle, d&#8217;un volet rabattable pour le m\u00e9lange et la teinte, d&#8217;un anneau pour le pouce \u00e0 la base, et d&#8217;un espace pour un pinceau.<\/p>\n<p>La Bo\u00eete m\u00e9tal de voyage compl\u00e8te s&#8217;appelait auparavant la Bo\u00eete esquisse l\u00e9g\u00e8re. <span class=\"more_dots\">&#8230;<\/span><\/p>\n<p><a class=\"btn btn-secondary understrap-read-more-link\" href=\"https:\/\/trade.colart.com\/fr\/product\/winsor-newton-bo%c3%aete-m%c3%a9tal-de-voyage-compl%c3%a8te-aquarelle-professionnelle\/\">Read More&#8230;<span class=\"screen-reader-text\"> from Winsor &amp; Newton Bo\u00eete M\u00e9tal de Voyage Compl\u00e8te Aquarelle Professionnelle<\/span><\/a><\/p>\n","protected":false},"featured_media":23210,"comment_status":"closed","ping_status":"closed","template":"","meta":{"_acf_changed":false},"product_brand":[],"product_cat":[283,282],"product_tag":[],"class_list":{"0":"post-441","1":"product","2":"type-product","3":"status-publish","4":"has-post-thumbnail","6":"product_cat-winsor-newton-couleurs-aquarelle-couleurs-aquarelle-extra-fine-professionnelle-sets-aquarelle-extra-fine-professionnelle","7":"product_cat-winsor-newton-coffrets-sets-aquarelle-extra-fine-professionnelle","9":"first","10":"outofstock","11":"shipping-taxable","12":"purchasable","13":"product-type-simple"},"acf":[],"_links":{"self":[{"href":"https:\/\/trade.colart.com\/fr\/wp-json\/wp\/v2\/product\/441","targetHints":{"allow":["GET"]}}],"collection":[{"href":"https:\/\/trade.colart.com\/fr\/wp-json\/wp\/v2\/product"}],"about":[{"href":"https:\/\/trade.colart.com\/fr\/wp-json\/wp\/v2\/types\/product"}],"replies":[{"embeddable":true,"href":"https:\/\/trade.colart.com\/fr\/wp-json\/wp\/v2\/comments?post=441"}],"wp:featuredmedia":[{"embeddable":true,"href":"https:\/\/trade.colart.com\/fr\/wp-json\/wp\/v2\/media\/23210"}],"wp:attachment":[{"href":"https:\/\/trade.colart.com\/fr\/wp-json\/wp\/v2\/media?parent=441"}],"wp:term":[{"taxonomy":"product_brand","embeddable":true,"href":"https:\/\/trade.colart.com\/fr\/wp-json\/wp\/v2\/product_brand?post=441"},{"taxonomy":"product_cat","embeddable":true,"href":"https:\/\/trade.colart.com\/fr\/wp-json\/wp\/v2\/product_cat?post=441"},{"taxonomy":"product_tag","embeddable":true,"href":"https:\/\/trade.colart.com\/fr\/wp-json\/wp\/v2\/product_tag?post=441"}],"curies":[{"name":"wp","href":"https:\/\/api.w.org\/{rel}","templated":true}]}}