{"id":4473,"date":"2025-03-26T11:33:06","date_gmt":"2025-03-26T11:33:06","guid":{"rendered":"https:\/\/trade.colart.com\/fr\/product\/winsor-newton-sets-promarker-brush\/"},"modified":"2026-04-17T11:09:15","modified_gmt":"2026-04-17T11:09:15","slug":"winsor-newton-sets-promarker-brush","status":"publish","type":"product","link":"https:\/\/trade.colart.com\/fr\/product\/winsor-newton-sets-promarker-brush\/","title":{"rendered":"Sets Promarker Brush"},"content":{"rendered":"<p>The Winsor &amp; Newton Promarker Brush provides the ultimate in precise and flexible line control, adding versatility to your drawing and illustration practice. The 72-colour rich range is highly blendable and offers print quality, streak-free coverage.72 colour ranging from subtle pastels to bold, vibrant hues.Blend-friendly,with malleable, alcohol-based, translucent ink.Twin-tipped, with a broad chisel nib and brush nib.High quality nibs for print-quality, streak-free coverage<\/p>\n","protected":false},"excerpt":{"rendered":"<p>Adoptez la palette Promarker Brush la plus vive possible avec les couleurs : Jaune, Citrouille, Rouge, Carmin, Magenta, Violet, Cyan, Bleu Royal, Vert Vif, Vert Luxuriant, Cacao, Gris Chaud 5 et Noir. Comme tous les Promarker Brush, les 12 nuances peuvent \u00eatre utilis\u00e9es avec le blender incolore offert pour explorer des tons d\u00e9grad\u00e9s ou des teintes plus att\u00e9nu\u00e9es. Ces 12 couleurs vives ont \u00e9t\u00e9 sp\u00e9cifiquement choisies pour se compl\u00e9ter et \u00e9largir votre collection de couleurs. <span class=\"more_dots\">&#8230;<\/span><\/p>\n<p><a class=\"btn btn-secondary understrap-read-more-link\" href=\"https:\/\/trade.colart.com\/fr\/product\/winsor-newton-sets-promarker-brush\/\">Read More&#8230;<span class=\"screen-reader-text\"> from Sets Promarker Brush<\/span><\/a><\/p>\n","protected":false},"featured_media":3846,"comment_status":"closed","ping_status":"closed","template":"","meta":{"_acf_changed":false},"product_brand":[],"product_cat":[124,173],"product_tag":[175,4623],"class_list":{"0":"post-4473","1":"product","2":"type-product","3":"status-publish","4":"has-post-thumbnail","6":"product_cat-winsor-newton-arts-graphiques-graphic-markers-marqueurs-graphiques-promarker-brush","7":"product_cat-winsor-newton-coffrets-sets-promarker-brush","8":"product_tag-promarker","9":"product_tag-marker","11":"first","12":"instock","13":"shipping-taxable","14":"purchasable","15":"product-type-variable"},"acf":[],"_links":{"self":[{"href":"https:\/\/trade.colart.com\/fr\/wp-json\/wp\/v2\/product\/4473","targetHints":{"allow":["GET"]}}],"collection":[{"href":"https:\/\/trade.colart.com\/fr\/wp-json\/wp\/v2\/product"}],"about":[{"href":"https:\/\/trade.colart.com\/fr\/wp-json\/wp\/v2\/types\/product"}],"replies":[{"embeddable":true,"href":"https:\/\/trade.colart.com\/fr\/wp-json\/wp\/v2\/comments?post=4473"}],"wp:featuredmedia":[{"embeddable":true,"href":"https:\/\/trade.colart.com\/fr\/wp-json\/wp\/v2\/media\/3846"}],"wp:attachment":[{"href":"https:\/\/trade.colart.com\/fr\/wp-json\/wp\/v2\/media?parent=4473"}],"wp:term":[{"taxonomy":"product_brand","embeddable":true,"href":"https:\/\/trade.colart.com\/fr\/wp-json\/wp\/v2\/product_brand?post=4473"},{"taxonomy":"product_cat","embeddable":true,"href":"https:\/\/trade.colart.com\/fr\/wp-json\/wp\/v2\/product_cat?post=4473"},{"taxonomy":"product_tag","embeddable":true,"href":"https:\/\/trade.colart.com\/fr\/wp-json\/wp\/v2\/product_tag?post=4473"}],"curies":[{"name":"wp","href":"https:\/\/api.w.org\/{rel}","templated":true}]}}