{"id":483,"date":"2026-03-12T20:26:49","date_gmt":"2026-03-12T20:26:49","guid":{"rendered":"https:\/\/trade.colart.com\/fr\/product\/winsor-newton-set-n1-de-4-pinceaux-cotman-manche-court\/"},"modified":"2026-04-17T14:24:31","modified_gmt":"2026-04-17T14:24:31","slug":"winsor-newton-set-n1-de-4-pinceaux-cotman-manche-court","status":"publish","type":"product","link":"https:\/\/trade.colart.com\/fr\/product\/winsor-newton-set-n1-de-4-pinceaux-cotman-manche-court\/","title":{"rendered":"Winsor &amp; Newton Set N\u00b01 De 4 Pinceaux Cotman Manche Court"},"content":{"rendered":"<p>Fabriqu\u00e9 \u00e0 partir de fibres synth\u00e9tiques m\u00e9lang\u00e9es de haute qualit\u00e9 et de diff\u00e9rentes \u00e9paisseurs. Les filaments doux offrent un bon contr\u00f4le du flux, un excellent ressort, une pointe pr\u00e9cise et une grande capacit\u00e9 de transport des couleurs. Contient des pinceaux ronds n\u00b01, 4 et 6 et un pinceau \u00e0 lavis 10 mm.<\/p>\n","protected":false},"excerpt":{"rendered":"<p>Fabriqu\u00e9 \u00e0 partir de fibres synth\u00e9tiques m\u00e9lang\u00e9es de haute qualit\u00e9 et de diff\u00e9rentes \u00e9paisseurs. Les filaments doux offrent un bon contr\u00f4le du flux, un excellent ressort, une pointe pr\u00e9cise et une grande capacit\u00e9 de transport des couleurs. Contient des pinceaux ronds n\u00b01, 4 et 6 et un pinceau \u00e0 lavis 10 mm. <span class=\"more_dots\">&#8230;<\/span><\/p>\n<p><a class=\"btn btn-secondary understrap-read-more-link\" href=\"https:\/\/trade.colart.com\/fr\/product\/winsor-newton-set-n1-de-4-pinceaux-cotman-manche-court\/\">Read More&#8230;<span class=\"screen-reader-text\"> from Winsor &amp; Newton Set N\u00b01 De 4 Pinceaux Cotman Manche Court<\/span><\/a><\/p>\n","protected":false},"featured_media":3437,"comment_status":"closed","ping_status":"closed","template":"","meta":{"_acf_changed":false},"product_brand":[],"product_cat":[307,308],"product_tag":[],"class_list":{"0":"post-483","1":"product","2":"type-product","3":"status-publish","4":"has-post-thumbnail","6":"product_cat-winsor-newton-pinceaux-set-pinceaux","7":"product_cat-winsor-newton-coffrets-sets-pinceaux","9":"first","10":"instock","11":"shipping-taxable","12":"purchasable","13":"product-type-simple"},"acf":[],"_links":{"self":[{"href":"https:\/\/trade.colart.com\/fr\/wp-json\/wp\/v2\/product\/483","targetHints":{"allow":["GET"]}}],"collection":[{"href":"https:\/\/trade.colart.com\/fr\/wp-json\/wp\/v2\/product"}],"about":[{"href":"https:\/\/trade.colart.com\/fr\/wp-json\/wp\/v2\/types\/product"}],"replies":[{"embeddable":true,"href":"https:\/\/trade.colart.com\/fr\/wp-json\/wp\/v2\/comments?post=483"}],"wp:featuredmedia":[{"embeddable":true,"href":"https:\/\/trade.colart.com\/fr\/wp-json\/wp\/v2\/media\/3437"}],"wp:attachment":[{"href":"https:\/\/trade.colart.com\/fr\/wp-json\/wp\/v2\/media?parent=483"}],"wp:term":[{"taxonomy":"product_brand","embeddable":true,"href":"https:\/\/trade.colart.com\/fr\/wp-json\/wp\/v2\/product_brand?post=483"},{"taxonomy":"product_cat","embeddable":true,"href":"https:\/\/trade.colart.com\/fr\/wp-json\/wp\/v2\/product_cat?post=483"},{"taxonomy":"product_tag","embeddable":true,"href":"https:\/\/trade.colart.com\/fr\/wp-json\/wp\/v2\/product_tag?post=483"}],"curies":[{"name":"wp","href":"https:\/\/api.w.org\/{rel}","templated":true}]}}