{"id":484,"date":"2026-03-12T21:42:35","date_gmt":"2026-03-12T21:42:35","guid":{"rendered":"https:\/\/trade.colart.com\/fr\/product\/winsor-newton-graphite-crayon-assort-x6-set\/"},"modified":"2026-04-17T10:13:55","modified_gmt":"2026-04-17T10:13:55","slug":"winsor-newton-graphite-crayon-assort-x6-set","status":"publish","type":"product","link":"https:\/\/trade.colart.com\/fr\/product\/winsor-newton-graphite-crayon-assort-x6-set\/","title":{"rendered":"Winsor &amp; Newton Graphite Crayon Assort x6 Set"},"content":{"rendered":"<p>Cr\u00e9ez des dessins finement d\u00e9taill\u00e9s aux croquis spontan\u00e9s et expressifs avec ces crayons graphite polyvalents et de haute qualit\u00e9. Id\u00e9als pour capturer le mouvement ou l&#8217;inspiration lors de d\u00e9placements, ils sont disponibles dans une gamme de duret\u00e9s, avec les graduations H id\u00e9ales pour les dessins d\u00e9licats et complexes, et les graduations B plus douces et plus sombres parfaites pour l&#8217;ombrage et la couverture homog\u00e8ne de grandes surfaces. Pour une touche finale parfaite, ils sont pr\u00e9sent\u00e9s dans des bo\u00eetes en m\u00e9tal sobres et \u00e9l\u00e9gantes, estampill\u00e9es du logo embl\u00e9matique de Winsor &amp; Newton. Non seulement ces six crayons &#8211; crayons graphite 4B &amp; 8B, fusains blanc &amp; s\u00e9pia, fusain dur &amp; moyen &#8211; sont essentiels pour le croquis informel, mais ils constituent \u00e9galement une excellente option pour voyager gr\u00e2ce \u00e0 leur bo\u00eete de protection.<\/p>\n","protected":false},"excerpt":{"rendered":"<p>Cr\u00e9ez des dessins finement d\u00e9taill\u00e9s aux croquis spontan\u00e9s et expressifs avec ces crayons graphite polyvalents et de haute qualit\u00e9. Id\u00e9als pour capturer le mouvement ou l&#8217;inspiration lors de d\u00e9placements, ils sont disponibles dans une gamme de duret\u00e9s, avec les graduations H id\u00e9ales pour les dessins d\u00e9licats et complexes, et les graduations B plus douces et plus sombres parfaites pour l&#8217;ombrage et la couverture homog\u00e8ne de grandes surfaces. Pour une touche finale parfaite, ils sont pr\u00e9sent\u00e9s dans des bo\u00eetes en m\u00e9tal sobres et \u00e9l\u00e9gantes, estampill\u00e9es du logo embl\u00e9matique de Winsor &amp; Newton. Non seulement ces six crayons &#8211; crayons graphite 4B &amp; 8B, fusains blanc &amp; s\u00e9pia, fusain dur &amp; moyen &#8211; sont essentiels pour le croquis informel, mais ils constituent \u00e9galement une excellente option pour voyager gr\u00e2ce \u00e0 leur bo\u00eete de protection. <span class=\"more_dots\">&#8230;<\/span><\/p>\n<p><a class=\"btn btn-secondary understrap-read-more-link\" href=\"https:\/\/trade.colart.com\/fr\/product\/winsor-newton-graphite-crayon-assort-x6-set\/\">Read More&#8230;<span class=\"screen-reader-text\"> from Winsor &amp; Newton Graphite Crayon Assort x6 Set<\/span><\/a><\/p>\n","protected":false},"featured_media":53852,"comment_status":"closed","ping_status":"closed","template":"","meta":{"_acf_changed":false},"product_brand":[],"product_cat":[311,309],"product_tag":[],"class_list":{"0":"post-484","1":"product","2":"type-product","3":"status-publish","4":"has-post-thumbnail","6":"product_cat-winsor-newton-arts-graphiques-crayons-studio-collection-crayons-graphite-studio-collection","7":"product_cat-winsor-newton-coffrets-sets-crayons-studio-collection","9":"first","10":"instock","11":"shipping-taxable","12":"purchasable","13":"product-type-simple"},"acf":[],"_links":{"self":[{"href":"https:\/\/trade.colart.com\/fr\/wp-json\/wp\/v2\/product\/484","targetHints":{"allow":["GET"]}}],"collection":[{"href":"https:\/\/trade.colart.com\/fr\/wp-json\/wp\/v2\/product"}],"about":[{"href":"https:\/\/trade.colart.com\/fr\/wp-json\/wp\/v2\/types\/product"}],"replies":[{"embeddable":true,"href":"https:\/\/trade.colart.com\/fr\/wp-json\/wp\/v2\/comments?post=484"}],"wp:featuredmedia":[{"embeddable":true,"href":"https:\/\/trade.colart.com\/fr\/wp-json\/wp\/v2\/media\/53852"}],"wp:attachment":[{"href":"https:\/\/trade.colart.com\/fr\/wp-json\/wp\/v2\/media?parent=484"}],"wp:term":[{"taxonomy":"product_brand","embeddable":true,"href":"https:\/\/trade.colart.com\/fr\/wp-json\/wp\/v2\/product_brand?post=484"},{"taxonomy":"product_cat","embeddable":true,"href":"https:\/\/trade.colart.com\/fr\/wp-json\/wp\/v2\/product_cat?post=484"},{"taxonomy":"product_tag","embeddable":true,"href":"https:\/\/trade.colart.com\/fr\/wp-json\/wp\/v2\/product_tag?post=484"}],"curies":[{"name":"wp","href":"https:\/\/api.w.org\/{rel}","templated":true}]}}