{"id":485,"date":"2026-03-12T21:43:04","date_gmt":"2026-03-12T21:43:04","guid":{"rendered":"https:\/\/trade.colart.com\/fr\/product\/winsor-newton-graphite-crayon-medium-x12-set\/"},"modified":"2026-04-17T08:07:14","modified_gmt":"2026-04-17T08:07:14","slug":"winsor-newton-graphite-crayon-medium-x12-set","status":"publish","type":"product","link":"https:\/\/trade.colart.com\/fr\/product\/winsor-newton-graphite-crayon-medium-x12-set\/","title":{"rendered":"Winsor &amp; Newton Graphite Crayon Medium x12 Set"},"content":{"rendered":"<p>Une gamme de crayons graphites pour le croquis et le dessin, adapt\u00e9s aux estompages, aux ombrages doux et aux d\u00e9tails fins. Id\u00e9aux pour saisir le mouvement ou l&#8217;inspiration sur le vif, ils sont disponibles en diff\u00e9rents niveaux de duret\u00e9, les crayons de qualit\u00e9 H convenant mieux aux dessins d\u00e9licats et complexes, et les crayons de qualit\u00e9 B, plus doux et plus fonc\u00e9s, convenant mieux \u00e0 l&#8217;ombrage et \u00e0 la couverture en douceur de grandes surfaces. Pour une touche finale parfaite, ils sont pr\u00e9sent\u00e9s dans d&#8217;\u00e9l\u00e9gantes bo\u00eetes en m\u00e9tal, estampill\u00e9es du logo embl\u00e9matique de Winsor &amp; Newton.<\/p>\n","protected":false},"excerpt":{"rendered":"<p>Une gamme de crayons graphites pour le croquis et le dessin, adapt\u00e9s aux estompages, aux ombrages doux et aux d\u00e9tails fins. Id\u00e9aux pour saisir le mouvement ou l&#8217;inspiration sur le vif, ils sont disponibles en diff\u00e9rents niveaux de duret\u00e9, les crayons de qualit\u00e9 H convenant mieux aux dessins d\u00e9licats et complexes, et les crayons de qualit\u00e9 B, plus doux et plus fonc\u00e9s, convenant mieux \u00e0 l&#8217;ombrage et \u00e0 la couverture en douceur de grandes surfaces. Pour une touche finale parfaite, ils sont pr\u00e9sent\u00e9s dans d&#8217;\u00e9l\u00e9gantes bo\u00eetes en m\u00e9tal, estampill\u00e9es du logo embl\u00e9matique de Winsor &amp; Newton. <span class=\"more_dots\">&#8230;<\/span><\/p>\n<p><a class=\"btn btn-secondary understrap-read-more-link\" href=\"https:\/\/trade.colart.com\/fr\/product\/winsor-newton-graphite-crayon-medium-x12-set\/\">Read More&#8230;<span class=\"screen-reader-text\"> from Winsor &amp; Newton Graphite Crayon Medium x12 Set<\/span><\/a><\/p>\n","protected":false},"featured_media":53856,"comment_status":"closed","ping_status":"closed","template":"","meta":{"_acf_changed":false},"product_brand":[],"product_cat":[311,309],"product_tag":[],"class_list":{"0":"post-485","1":"product","2":"type-product","3":"status-publish","4":"has-post-thumbnail","6":"product_cat-winsor-newton-arts-graphiques-crayons-studio-collection-crayons-graphite-studio-collection","7":"product_cat-winsor-newton-coffrets-sets-crayons-studio-collection","9":"first","10":"instock","11":"shipping-taxable","12":"purchasable","13":"product-type-simple"},"acf":[],"_links":{"self":[{"href":"https:\/\/trade.colart.com\/fr\/wp-json\/wp\/v2\/product\/485","targetHints":{"allow":["GET"]}}],"collection":[{"href":"https:\/\/trade.colart.com\/fr\/wp-json\/wp\/v2\/product"}],"about":[{"href":"https:\/\/trade.colart.com\/fr\/wp-json\/wp\/v2\/types\/product"}],"replies":[{"embeddable":true,"href":"https:\/\/trade.colart.com\/fr\/wp-json\/wp\/v2\/comments?post=485"}],"wp:featuredmedia":[{"embeddable":true,"href":"https:\/\/trade.colart.com\/fr\/wp-json\/wp\/v2\/media\/53856"}],"wp:attachment":[{"href":"https:\/\/trade.colart.com\/fr\/wp-json\/wp\/v2\/media?parent=485"}],"wp:term":[{"taxonomy":"product_brand","embeddable":true,"href":"https:\/\/trade.colart.com\/fr\/wp-json\/wp\/v2\/product_brand?post=485"},{"taxonomy":"product_cat","embeddable":true,"href":"https:\/\/trade.colart.com\/fr\/wp-json\/wp\/v2\/product_cat?post=485"},{"taxonomy":"product_tag","embeddable":true,"href":"https:\/\/trade.colart.com\/fr\/wp-json\/wp\/v2\/product_tag?post=485"}],"curies":[{"name":"wp","href":"https:\/\/api.w.org\/{rel}","templated":true}]}}