{"id":487,"date":"2026-03-12T21:43:42","date_gmt":"2026-03-12T21:43:42","guid":{"rendered":"https:\/\/trade.colart.com\/fr\/product\/winsor-newton-precision-watercolour-pencil-x12-tin-set\/"},"modified":"2026-04-17T13:33:40","modified_gmt":"2026-04-17T13:33:40","slug":"winsor-newton-precision-watercolour-pencil-x12-tin-set","status":"publish","type":"product","link":"https:\/\/trade.colart.com\/fr\/product\/winsor-newton-precision-watercolour-pencil-x12-tin-set\/","title":{"rendered":"Winsor &amp; Newton Precision Watercolour Pencil x12 Tin Set"},"content":{"rendered":"<p>Explorez des effets aquarelle \u00e9poustouflants et des teintes riches et vives avec ces crayons polyvalents \u00e0 grosse mine. Utilisez-les \u00e0 sec comme des crayons ordinaires pour un ombrage et un m\u00e9lange lisses et vifs, ou exp\u00e9rimentez avec un pinceau humide pour transformer la couleur du crayon en peinture \u2013 parfait pour cr\u00e9er de magnifiques \u0153uvres d&#8217;art expressives en d\u00e9placement. Pour une touche finale parfaite, ils sont pr\u00e9sent\u00e9s dans de belles bo\u00eetes en m\u00e9tal sobres, emboss\u00e9es du logo embl\u00e9matique de Winsor &amp; Newton.<\/p>\n","protected":false},"excerpt":{"rendered":"<p>Explorez des effets aquarelle \u00e9poustouflants et des teintes riches et vives avec ces crayons polyvalents \u00e0 grosse mine. Utilisez-les \u00e0 sec comme des crayons ordinaires pour un ombrage et un m\u00e9lange lisses et vifs, ou exp\u00e9rimentez avec un pinceau humide pour transformer la couleur du crayon en peinture \u2013 parfait pour cr\u00e9er de magnifiques \u0153uvres d&#8217;art expressives en d\u00e9placement. Pour une touche finale parfaite, ils sont pr\u00e9sent\u00e9s dans de belles bo\u00eetes en m\u00e9tal sobres, emboss\u00e9es du logo embl\u00e9matique de Winsor &amp; Newton. <span class=\"more_dots\">&#8230;<\/span><\/p>\n<p><a class=\"btn btn-secondary understrap-read-more-link\" href=\"https:\/\/trade.colart.com\/fr\/product\/winsor-newton-precision-watercolour-pencil-x12-tin-set\/\">Read More&#8230;<span class=\"screen-reader-text\"> from Winsor &amp; Newton Precision Watercolour Pencil x12 Tin Set<\/span><\/a><\/p>\n","protected":false},"featured_media":55153,"comment_status":"closed","ping_status":"closed","template":"","meta":{"_acf_changed":false},"product_brand":[],"product_cat":[313,309],"product_tag":[],"class_list":{"0":"post-487","1":"product","2":"type-product","3":"status-publish","4":"has-post-thumbnail","6":"product_cat-winsor-newton-arts-graphiques-crayons-studio-collection-crayons-de-couleur-aquarellables-studio-collection","7":"product_cat-winsor-newton-coffrets-sets-crayons-studio-collection","9":"first","10":"instock","11":"shipping-taxable","12":"purchasable","13":"product-type-simple"},"acf":[],"_links":{"self":[{"href":"https:\/\/trade.colart.com\/fr\/wp-json\/wp\/v2\/product\/487","targetHints":{"allow":["GET"]}}],"collection":[{"href":"https:\/\/trade.colart.com\/fr\/wp-json\/wp\/v2\/product"}],"about":[{"href":"https:\/\/trade.colart.com\/fr\/wp-json\/wp\/v2\/types\/product"}],"replies":[{"embeddable":true,"href":"https:\/\/trade.colart.com\/fr\/wp-json\/wp\/v2\/comments?post=487"}],"wp:featuredmedia":[{"embeddable":true,"href":"https:\/\/trade.colart.com\/fr\/wp-json\/wp\/v2\/media\/55153"}],"wp:attachment":[{"href":"https:\/\/trade.colart.com\/fr\/wp-json\/wp\/v2\/media?parent=487"}],"wp:term":[{"taxonomy":"product_brand","embeddable":true,"href":"https:\/\/trade.colart.com\/fr\/wp-json\/wp\/v2\/product_brand?post=487"},{"taxonomy":"product_cat","embeddable":true,"href":"https:\/\/trade.colart.com\/fr\/wp-json\/wp\/v2\/product_cat?post=487"},{"taxonomy":"product_tag","embeddable":true,"href":"https:\/\/trade.colart.com\/fr\/wp-json\/wp\/v2\/product_tag?post=487"}],"curies":[{"name":"wp","href":"https:\/\/api.w.org\/{rel}","templated":true}]}}