{"id":491,"date":"2026-03-12T21:43:17","date_gmt":"2026-03-12T21:43:17","guid":{"rendered":"https:\/\/trade.colart.com\/fr\/product\/winsor-newton-esquisse-crayon-x6-set\/"},"modified":"2026-04-17T13:34:55","modified_gmt":"2026-04-17T13:34:55","slug":"winsor-newton-esquisse-crayon-x6-set","status":"publish","type":"product","link":"https:\/\/trade.colart.com\/fr\/product\/winsor-newton-esquisse-crayon-x6-set\/","title":{"rendered":"Winsor &amp; Newton Esquisse Crayon x6 Set"},"content":{"rendered":"<p>D\u00e9couvrez le plaisir du dessin et du croquis traditionnels avec ces sets soigneusement s\u00e9lectionn\u00e9s de crayons essentiels. Les crayons fusains et graphite classiques inclus se m\u00e9langent facilement pour cr\u00e9er des ombrages \u00e9vocateurs, les rendant id\u00e9aux pour des dessins vivants saisissants et des natures mortes. Tr\u00e8s polyvalents, ces crayons de haute qualit\u00e9 sont \u00e9galement parfaits pour des croquis spontan\u00e9s, vous permettant de capturer rapidement le mouvement et d&#8217;explorer de nouvelles id\u00e9es. Ce set contient : fuasin blanc, fusain moyen, fusain dur, s\u00e9pia, ainsi que des crayons graphite 4B et 8B.<\/p>\n","protected":false},"excerpt":{"rendered":"<p>D\u00e9couvrez le plaisir du dessin et du croquis traditionnels avec ces sets soigneusement s\u00e9lectionn\u00e9s de crayons essentiels. Les crayons fusains et graphite classiques inclus se m\u00e9langent facilement pour cr\u00e9er des ombrages \u00e9vocateurs, les rendant id\u00e9aux pour des dessins vivants saisissants et des natures mortes. Tr\u00e8s polyvalents, ces crayons de haute qualit\u00e9 sont \u00e9galement parfaits pour des croquis spontan\u00e9s, vous permettant de capturer rapidement le mouvement et d&#8217;explorer de nouvelles id\u00e9es. Ce set contient : fuasin blanc, fusain moyen, fusain dur, s\u00e9pia, ainsi que des crayons graphite 4B et 8B. <span class=\"more_dots\">&#8230;<\/span><\/p>\n<p><a class=\"btn btn-secondary understrap-read-more-link\" href=\"https:\/\/trade.colart.com\/fr\/product\/winsor-newton-esquisse-crayon-x6-set\/\">Read More&#8230;<span class=\"screen-reader-text\"> from Winsor &amp; Newton Esquisse Crayon x6 Set<\/span><\/a><\/p>\n","protected":false},"featured_media":53862,"comment_status":"closed","ping_status":"closed","template":"","meta":{"_acf_changed":false},"product_brand":[],"product_cat":[309],"product_tag":[],"class_list":{"0":"post-491","1":"product","2":"type-product","3":"status-publish","4":"has-post-thumbnail","6":"product_cat-winsor-newton-coffrets-sets-crayons-studio-collection","8":"first","9":"instock","10":"shipping-taxable","11":"purchasable","12":"product-type-simple"},"acf":[],"_links":{"self":[{"href":"https:\/\/trade.colart.com\/fr\/wp-json\/wp\/v2\/product\/491","targetHints":{"allow":["GET"]}}],"collection":[{"href":"https:\/\/trade.colart.com\/fr\/wp-json\/wp\/v2\/product"}],"about":[{"href":"https:\/\/trade.colart.com\/fr\/wp-json\/wp\/v2\/types\/product"}],"replies":[{"embeddable":true,"href":"https:\/\/trade.colart.com\/fr\/wp-json\/wp\/v2\/comments?post=491"}],"wp:featuredmedia":[{"embeddable":true,"href":"https:\/\/trade.colart.com\/fr\/wp-json\/wp\/v2\/media\/53862"}],"wp:attachment":[{"href":"https:\/\/trade.colart.com\/fr\/wp-json\/wp\/v2\/media?parent=491"}],"wp:term":[{"taxonomy":"product_brand","embeddable":true,"href":"https:\/\/trade.colart.com\/fr\/wp-json\/wp\/v2\/product_brand?post=491"},{"taxonomy":"product_cat","embeddable":true,"href":"https:\/\/trade.colart.com\/fr\/wp-json\/wp\/v2\/product_cat?post=491"},{"taxonomy":"product_tag","embeddable":true,"href":"https:\/\/trade.colart.com\/fr\/wp-json\/wp\/v2\/product_tag?post=491"}],"curies":[{"name":"wp","href":"https:\/\/api.w.org\/{rel}","templated":true}]}}