{"id":492,"date":"2026-03-12T21:43:11","date_gmt":"2026-03-12T21:43:11","guid":{"rendered":"https:\/\/trade.colart.com\/fr\/product\/winsor-newton-precision-crayon-couleur-x48-set\/"},"modified":"2026-04-17T09:25:48","modified_gmt":"2026-04-17T09:25:48","slug":"winsor-newton-precision-crayon-couleur-x48-set","status":"publish","type":"product","link":"https:\/\/trade.colart.com\/fr\/product\/winsor-newton-precision-crayon-couleur-x48-set\/","title":{"rendered":"Winsor &amp; Newton Precision Crayon Couleur x48 Set"},"content":{"rendered":"<p>Cr\u00e9ez des \u0153uvres d&#8217;art \u00e9patantes avec des couleurs merveilleusement riches et vives gr\u00e2ce \u00e0 ces crayons \u00e0 large mine. Leur texture douce facilite le m\u00e9lange, et leurs mines de haute qualit\u00e9 assurent une application fluide, que vous cherchiez \u00e0 obtenir des couleurs intenses ou \u00e0 r\u00e9aliser des ombrages d\u00e9licats. Pour une touche finale parfaite, ils sont pr\u00e9sent\u00e9s dans d&#8217;\u00e9l\u00e9gantes bo\u00eetes en m\u00e9tal sobres, orn\u00e9es du logo embl\u00e9matique de Winsor &amp; Newton.<\/p>\n","protected":false},"excerpt":{"rendered":"<p>Cr\u00e9ez des \u0153uvres d&#8217;art \u00e9patantes avec des couleurs merveilleusement riches et vives gr\u00e2ce \u00e0 ces crayons \u00e0 large mine. Leur texture douce facilite le m\u00e9lange, et leurs mines de haute qualit\u00e9 assurent une application fluide, que vous cherchiez \u00e0 obtenir des couleurs intenses ou \u00e0 r\u00e9aliser des ombrages d\u00e9licats. Pour une touche finale parfaite, ils sont pr\u00e9sent\u00e9s dans d&#8217;\u00e9l\u00e9gantes bo\u00eetes en m\u00e9tal sobres, orn\u00e9es du logo embl\u00e9matique de Winsor &amp; Newton. <span class=\"more_dots\">&#8230;<\/span><\/p>\n<p><a class=\"btn btn-secondary understrap-read-more-link\" href=\"https:\/\/trade.colart.com\/fr\/product\/winsor-newton-precision-crayon-couleur-x48-set\/\">Read More&#8230;<span class=\"screen-reader-text\"> from Winsor &amp; Newton Precision Crayon Couleur x48 Set<\/span><\/a><\/p>\n","protected":false},"featured_media":55158,"comment_status":"closed","ping_status":"closed","template":"","meta":{"_acf_changed":false},"product_brand":[],"product_cat":[312,309],"product_tag":[],"class_list":{"0":"post-492","1":"product","2":"type-product","3":"status-publish","4":"has-post-thumbnail","6":"product_cat-winsor-newton-arts-graphiques-crayons-studio-collection-crayons-de-couleur-studio-collection","7":"product_cat-winsor-newton-coffrets-sets-crayons-studio-collection","9":"first","10":"instock","11":"shipping-taxable","12":"purchasable","13":"product-type-simple"},"acf":[],"_links":{"self":[{"href":"https:\/\/trade.colart.com\/fr\/wp-json\/wp\/v2\/product\/492","targetHints":{"allow":["GET"]}}],"collection":[{"href":"https:\/\/trade.colart.com\/fr\/wp-json\/wp\/v2\/product"}],"about":[{"href":"https:\/\/trade.colart.com\/fr\/wp-json\/wp\/v2\/types\/product"}],"replies":[{"embeddable":true,"href":"https:\/\/trade.colart.com\/fr\/wp-json\/wp\/v2\/comments?post=492"}],"wp:featuredmedia":[{"embeddable":true,"href":"https:\/\/trade.colart.com\/fr\/wp-json\/wp\/v2\/media\/55158"}],"wp:attachment":[{"href":"https:\/\/trade.colart.com\/fr\/wp-json\/wp\/v2\/media?parent=492"}],"wp:term":[{"taxonomy":"product_brand","embeddable":true,"href":"https:\/\/trade.colart.com\/fr\/wp-json\/wp\/v2\/product_brand?post=492"},{"taxonomy":"product_cat","embeddable":true,"href":"https:\/\/trade.colart.com\/fr\/wp-json\/wp\/v2\/product_cat?post=492"},{"taxonomy":"product_tag","embeddable":true,"href":"https:\/\/trade.colart.com\/fr\/wp-json\/wp\/v2\/product_tag?post=492"}],"curies":[{"name":"wp","href":"https:\/\/api.w.org\/{rel}","templated":true}]}}