{"id":493,"date":"2026-03-12T06:35:42","date_gmt":"2026-03-12T06:35:42","guid":{"rendered":"https:\/\/trade.colart.com\/fr\/product\/winsor-newton-aquarelle-professionnelle-boite-metal-black-box-12x12-godets\/"},"modified":"2026-04-17T08:56:50","modified_gmt":"2026-04-17T08:56:50","slug":"winsor-newton-bo%c3%aete-m%c3%a9tal-de-voyage-personnalisable-aquarelle-professionnelle","status":"publish","type":"product","link":"https:\/\/trade.colart.com\/fr\/product\/winsor-newton-bo%c3%aete-m%c3%a9tal-de-voyage-personnalisable-aquarelle-professionnelle\/","title":{"rendered":"Winsor &amp; Newton Bo\u00eete M\u00e9tal de Voyage Personnalisable Aquarelle Professionnelle"},"content":{"rendered":"<p>D\u00e9couvrez 12 de nos Aquarelles Professionnelles aux performances in\u00e9gal\u00e9es. Le tout est pr\u00e9sent\u00e9 dans une bo\u00eete de voyage avec de l&#8217;espace pour 12 couleurs suppl\u00e9mentaires, vous permettant de personnaliser votre palette. La bo\u00eete m\u00e9tal de voyage personnalisable contient une palette int\u00e9gr\u00e9e dans le couvercle, un volet rabattable pour le m\u00e9lange et la teinte, un anneau de pouce \u00e0 la base, et un espace pour un pinceau.<\/p>\n<p>La Bo\u00eete m\u00e9tal de voyage personnalisable s&#8217;appelait auparavant la Bo\u00eete noire.<\/p>\n","protected":false},"excerpt":{"rendered":"<p>D\u00e9couvrez 12 de nos Aquarelles Professionnelles aux performances in\u00e9gal\u00e9es. Le tout est pr\u00e9sent\u00e9 dans une bo\u00eete de voyage avec de l&#8217;espace pour 12 couleurs suppl\u00e9mentaires, vous permettant de personnaliser votre palette. La bo\u00eete m\u00e9tal de voyage personnalisable contient une palette int\u00e9gr\u00e9e dans le couvercle, un volet rabattable pour le m\u00e9lange et la teinte, un anneau de pouce \u00e0 la base, et un espace pour un pinceau.<\/p>\n<p>La Bo\u00eete m\u00e9tal de voyage personnalisable s&#8217;appelait auparavant la Bo\u00eete noire. <span class=\"more_dots\">&#8230;<\/span><\/p>\n<p><a class=\"btn btn-secondary understrap-read-more-link\" href=\"https:\/\/trade.colart.com\/fr\/product\/winsor-newton-bo%c3%aete-m%c3%a9tal-de-voyage-personnalisable-aquarelle-professionnelle\/\">Read More&#8230;<span class=\"screen-reader-text\"> from Winsor &amp; Newton Bo\u00eete M\u00e9tal de Voyage Personnalisable Aquarelle Professionnelle<\/span><\/a><\/p>\n","protected":false},"featured_media":24335,"comment_status":"closed","ping_status":"closed","template":"","meta":{"_acf_changed":false},"product_brand":[],"product_cat":[283,282],"product_tag":[],"class_list":{"0":"post-493","1":"product","2":"type-product","3":"status-publish","4":"has-post-thumbnail","6":"product_cat-winsor-newton-couleurs-aquarelle-couleurs-aquarelle-extra-fine-professionnelle-sets-aquarelle-extra-fine-professionnelle","7":"product_cat-winsor-newton-coffrets-sets-aquarelle-extra-fine-professionnelle","9":"first","10":"instock","11":"shipping-taxable","12":"purchasable","13":"product-type-simple"},"acf":[],"_links":{"self":[{"href":"https:\/\/trade.colart.com\/fr\/wp-json\/wp\/v2\/product\/493","targetHints":{"allow":["GET"]}}],"collection":[{"href":"https:\/\/trade.colart.com\/fr\/wp-json\/wp\/v2\/product"}],"about":[{"href":"https:\/\/trade.colart.com\/fr\/wp-json\/wp\/v2\/types\/product"}],"replies":[{"embeddable":true,"href":"https:\/\/trade.colart.com\/fr\/wp-json\/wp\/v2\/comments?post=493"}],"wp:featuredmedia":[{"embeddable":true,"href":"https:\/\/trade.colart.com\/fr\/wp-json\/wp\/v2\/media\/24335"}],"wp:attachment":[{"href":"https:\/\/trade.colart.com\/fr\/wp-json\/wp\/v2\/media?parent=493"}],"wp:term":[{"taxonomy":"product_brand","embeddable":true,"href":"https:\/\/trade.colart.com\/fr\/wp-json\/wp\/v2\/product_brand?post=493"},{"taxonomy":"product_cat","embeddable":true,"href":"https:\/\/trade.colart.com\/fr\/wp-json\/wp\/v2\/product_cat?post=493"},{"taxonomy":"product_tag","embeddable":true,"href":"https:\/\/trade.colart.com\/fr\/wp-json\/wp\/v2\/product_tag?post=493"}],"curies":[{"name":"wp","href":"https:\/\/api.w.org\/{rel}","templated":true}]}}