{"id":495,"date":"2026-03-12T04:25:19","date_gmt":"2026-03-12T04:25:19","guid":{"rendered":"https:\/\/trade.colart.com\/fr\/product\/winsor-newton-aquarelle-professionnelle-coffret-12x12-godets\/"},"modified":"2026-04-17T10:58:00","modified_gmt":"2026-04-17T10:58:00","slug":"winsor-newton-set-de-poche-ext%c3%a9rieur-aquarelle-professionnelle","status":"publish","type":"product","link":"https:\/\/trade.colart.com\/fr\/product\/winsor-newton-set-de-poche-ext%c3%a9rieur-aquarelle-professionnelle\/","title":{"rendered":"Winsor &amp; Newton Set de Poche Ext\u00e9rieur Aquarelle Professionnelle"},"content":{"rendered":"<p>D\u00e9couvrez 12 de nos Aquarelles Professionnelles aux performances in\u00e9gal\u00e9es. Ce set offre tout le n\u00e9cessaire pour la peinture aquarelle en plein air dans un coffret de poche au design unique. Le Set de poche ext\u00e9rieur s&#8217;ouvre pour r\u00e9v\u00e9ler un pinceau de voyage, une \u00e9ponge, une bouteille de 35 ml, un r\u00e9cipient \u00e0 eau et 12 demi-godets d&#8217;aquarelle.<\/p>\n<p>Le Set de poche ext\u00e9rieur s&#8217;appelait auparavant la Bo\u00eete de terrain.<\/p>\n","protected":false},"excerpt":{"rendered":"<p>D\u00e9couvrez 12 de nos Aquarelles Professionnelles aux performances in\u00e9gal\u00e9es. Ce set offre tout le n\u00e9cessaire pour la peinture aquarelle en plein air dans un coffret de poche au design unique. Le Set de poche ext\u00e9rieur s&#8217;ouvre pour r\u00e9v\u00e9ler un pinceau de voyage, une \u00e9ponge, une bouteille de 35 ml, un r\u00e9cipient \u00e0 eau et 12 demi-godets d&#8217;aquarelle.<\/p>\n<p>Le Set de poche ext\u00e9rieur s&#8217;appelait auparavant la Bo\u00eete de terrain. <span class=\"more_dots\">&#8230;<\/span><\/p>\n<p><a class=\"btn btn-secondary understrap-read-more-link\" href=\"https:\/\/trade.colart.com\/fr\/product\/winsor-newton-set-de-poche-ext%c3%a9rieur-aquarelle-professionnelle\/\">Read More&#8230;<span class=\"screen-reader-text\"> from Winsor &amp; Newton Set de Poche Ext\u00e9rieur Aquarelle Professionnelle<\/span><\/a><\/p>\n","protected":false},"featured_media":58866,"comment_status":"closed","ping_status":"closed","template":"","meta":{"_acf_changed":false},"product_brand":[],"product_cat":[283,282],"product_tag":[],"class_list":{"0":"post-495","1":"product","2":"type-product","3":"status-publish","4":"has-post-thumbnail","6":"product_cat-winsor-newton-couleurs-aquarelle-couleurs-aquarelle-extra-fine-professionnelle-sets-aquarelle-extra-fine-professionnelle","7":"product_cat-winsor-newton-coffrets-sets-aquarelle-extra-fine-professionnelle","9":"first","10":"instock","11":"shipping-taxable","12":"purchasable","13":"product-type-simple"},"acf":[],"_links":{"self":[{"href":"https:\/\/trade.colart.com\/fr\/wp-json\/wp\/v2\/product\/495","targetHints":{"allow":["GET"]}}],"collection":[{"href":"https:\/\/trade.colart.com\/fr\/wp-json\/wp\/v2\/product"}],"about":[{"href":"https:\/\/trade.colart.com\/fr\/wp-json\/wp\/v2\/types\/product"}],"replies":[{"embeddable":true,"href":"https:\/\/trade.colart.com\/fr\/wp-json\/wp\/v2\/comments?post=495"}],"wp:featuredmedia":[{"embeddable":true,"href":"https:\/\/trade.colart.com\/fr\/wp-json\/wp\/v2\/media\/58866"}],"wp:attachment":[{"href":"https:\/\/trade.colart.com\/fr\/wp-json\/wp\/v2\/media?parent=495"}],"wp:term":[{"taxonomy":"product_brand","embeddable":true,"href":"https:\/\/trade.colart.com\/fr\/wp-json\/wp\/v2\/product_brand?post=495"},{"taxonomy":"product_cat","embeddable":true,"href":"https:\/\/trade.colart.com\/fr\/wp-json\/wp\/v2\/product_cat?post=495"},{"taxonomy":"product_tag","embeddable":true,"href":"https:\/\/trade.colart.com\/fr\/wp-json\/wp\/v2\/product_tag?post=495"}],"curies":[{"name":"wp","href":"https:\/\/api.w.org\/{rel}","templated":true}]}}