{"id":497,"date":"2026-03-12T05:39:34","date_gmt":"2026-03-12T05:39:34","guid":{"rendered":"https:\/\/trade.colart.com\/fr\/product\/winsor-newton-professionnelle-water-colour-compact-ny-0190049\/"},"modified":"2026-04-13T14:11:21","modified_gmt":"2026-04-13T14:11:21","slug":"winsor-newton-set-dext%c3%a9rieur-aquarelle-professionnelle","status":"publish","type":"product","link":"https:\/\/trade.colart.com\/fr\/product\/winsor-newton-set-dext%c3%a9rieur-aquarelle-professionnelle\/","title":{"rendered":"Winsor &amp; Newton Set d&#8217;Ext\u00e9rieur Aquarelle Professionnelle"},"content":{"rendered":"<p>D\u00e9couvrez 14 de nos Aquarelles Professionnelles aux performances in\u00e9gal\u00e9es. Elles contiennent une forte concentration de pigments de qualit\u00e9 pour assurer la r\u00e9sistance \u00e0 la lumi\u00e8re et la permanence des couleurs. Ce set est id\u00e9al pour une utilisation en ext\u00e9rieur, car il contient un pinceau en poils de martre de qualit\u00e9 sup\u00e9rieure et des palettes avec plusieurs zones de m\u00e9lange.<\/p>\n<p>Le Set d&#8217;ext\u00e9rieur s&#8217;appelait auparavant le Set Compact.<\/p>\n","protected":false},"excerpt":{"rendered":"<p>D\u00e9couvrez 14 de nos Aquarelles Professionnelles aux performances in\u00e9gal\u00e9es. Elles contiennent une forte concentration de pigments de qualit\u00e9 pour assurer la r\u00e9sistance \u00e0 la lumi\u00e8re et la permanence des couleurs. Ce set est id\u00e9al pour une utilisation en ext\u00e9rieur, car il contient un pinceau en poils de martre de qualit\u00e9 sup\u00e9rieure et des palettes avec plusieurs zones de m\u00e9lange.<\/p>\n<p>Le Set d&#8217;ext\u00e9rieur s&#8217;appelait auparavant le Set Compact. <span class=\"more_dots\">&#8230;<\/span><\/p>\n<p><a class=\"btn btn-secondary understrap-read-more-link\" href=\"https:\/\/trade.colart.com\/fr\/product\/winsor-newton-set-dext%c3%a9rieur-aquarelle-professionnelle\/\">Read More&#8230;<span class=\"screen-reader-text\"> from Winsor &amp; Newton Set d&#8217;Ext\u00e9rieur Aquarelle Professionnelle<\/span><\/a><\/p>\n","protected":false},"featured_media":64273,"comment_status":"closed","ping_status":"closed","template":"","meta":{"_acf_changed":false},"product_brand":[],"product_cat":[283,282],"product_tag":[],"class_list":{"0":"post-497","1":"product","2":"type-product","3":"status-publish","4":"has-post-thumbnail","6":"product_cat-winsor-newton-couleurs-aquarelle-couleurs-aquarelle-extra-fine-professionnelle-sets-aquarelle-extra-fine-professionnelle","7":"product_cat-winsor-newton-coffrets-sets-aquarelle-extra-fine-professionnelle","9":"first","10":"instock","11":"shipping-taxable","12":"purchasable","13":"product-type-simple"},"acf":[],"_links":{"self":[{"href":"https:\/\/trade.colart.com\/fr\/wp-json\/wp\/v2\/product\/497","targetHints":{"allow":["GET"]}}],"collection":[{"href":"https:\/\/trade.colart.com\/fr\/wp-json\/wp\/v2\/product"}],"about":[{"href":"https:\/\/trade.colart.com\/fr\/wp-json\/wp\/v2\/types\/product"}],"replies":[{"embeddable":true,"href":"https:\/\/trade.colart.com\/fr\/wp-json\/wp\/v2\/comments?post=497"}],"wp:featuredmedia":[{"embeddable":true,"href":"https:\/\/trade.colart.com\/fr\/wp-json\/wp\/v2\/media\/64273"}],"wp:attachment":[{"href":"https:\/\/trade.colart.com\/fr\/wp-json\/wp\/v2\/media?parent=497"}],"wp:term":[{"taxonomy":"product_brand","embeddable":true,"href":"https:\/\/trade.colart.com\/fr\/wp-json\/wp\/v2\/product_brand?post=497"},{"taxonomy":"product_cat","embeddable":true,"href":"https:\/\/trade.colart.com\/fr\/wp-json\/wp\/v2\/product_cat?post=497"},{"taxonomy":"product_tag","embeddable":true,"href":"https:\/\/trade.colart.com\/fr\/wp-json\/wp\/v2\/product_tag?post=497"}],"curies":[{"name":"wp","href":"https:\/\/api.w.org\/{rel}","templated":true}]}}