{"id":498,"date":"2026-03-12T06:38:14","date_gmt":"2026-03-12T06:38:14","guid":{"rendered":"https:\/\/trade.colart.com\/fr\/product\/winsor-newton-aquarelle-cotman-boite-blue-box\/"},"modified":"2026-04-17T08:22:33","modified_gmt":"2026-04-17T08:22:33","slug":"winsor-newton-aquarelle-cotman-boite-blue-box","status":"publish","type":"product","link":"https:\/\/trade.colart.com\/fr\/product\/winsor-newton-aquarelle-cotman-boite-blue-box\/","title":{"rendered":"Winsor &amp; Newton Aquarelle Cotman Boite Blue Box"},"content":{"rendered":"<p>D\u00e9couvrez 12 aquarelles Cotman fabriqu\u00e9es avec des pigments de haute qualit\u00e9 pour assurer la permanence des couleurs. Le tout est pr\u00e9sent\u00e9 dans une bo\u00eete de voyage avec de l&#8217;espace pour 12 couleurs suppl\u00e9mentaires, vous permettant de personnaliser votre palette. La bo\u00eete de voyage comporte une palette int\u00e9gr\u00e9e dans le couvercle, un plateau rabattable pour m\u00e9langer et teinter, un anneau de pouce \u00e0 la base et un espace pour un pinceau.<\/p>\n<p>La Bo\u00eete m\u00e9tal de voyage personnalisable s&#8217;appelait auparavant la Bo\u00eete bleue \/ Blue Box.<\/p>\n","protected":false},"excerpt":{"rendered":"<p>D\u00e9couvrez 12 aquarelles Cotman fabriqu\u00e9es avec des pigments de haute qualit\u00e9 pour assurer la permanence des couleurs. Le tout est pr\u00e9sent\u00e9 dans une bo\u00eete de voyage avec de l&#8217;espace pour 12 couleurs suppl\u00e9mentaires, vous permettant de personnaliser votre palette. La bo\u00eete de voyage comporte une palette int\u00e9gr\u00e9e dans le couvercle, un plateau rabattable pour m\u00e9langer et teinter, un anneau de pouce \u00e0 la base et un espace pour un pinceau.<\/p>\n<p>La Bo\u00eete m\u00e9tal de voyage personnalisable s&#8217;appelait auparavant la Bo\u00eete bleue \/ Blue Box. <span class=\"more_dots\">&#8230;<\/span><\/p>\n<p><a class=\"btn btn-secondary understrap-read-more-link\" href=\"https:\/\/trade.colart.com\/fr\/product\/winsor-newton-aquarelle-cotman-boite-blue-box\/\">Read More&#8230;<span class=\"screen-reader-text\"> from Winsor &amp; Newton Aquarelle Cotman Boite Blue Box<\/span><\/a><\/p>\n","protected":false},"featured_media":0,"comment_status":"closed","ping_status":"closed","template":"","meta":{"_acf_changed":false},"product_brand":[],"product_cat":[278,277],"product_tag":[],"class_list":{"0":"post-498","1":"product","2":"type-product","3":"status-publish","5":"product_cat-winsor-newton-couleurs-aquarelle-couleurs-aquarelle-fine-cotman-sets-aquarelle-fine-cotman","6":"product_cat-winsor-newton-coffrets-sets-aquarelle-fine-cotman","8":"first","9":"instock","10":"shipping-taxable","11":"purchasable","12":"product-type-simple"},"acf":[],"_links":{"self":[{"href":"https:\/\/trade.colart.com\/fr\/wp-json\/wp\/v2\/product\/498","targetHints":{"allow":["GET"]}}],"collection":[{"href":"https:\/\/trade.colart.com\/fr\/wp-json\/wp\/v2\/product"}],"about":[{"href":"https:\/\/trade.colart.com\/fr\/wp-json\/wp\/v2\/types\/product"}],"replies":[{"embeddable":true,"href":"https:\/\/trade.colart.com\/fr\/wp-json\/wp\/v2\/comments?post=498"}],"wp:attachment":[{"href":"https:\/\/trade.colart.com\/fr\/wp-json\/wp\/v2\/media?parent=498"}],"wp:term":[{"taxonomy":"product_brand","embeddable":true,"href":"https:\/\/trade.colart.com\/fr\/wp-json\/wp\/v2\/product_brand?post=498"},{"taxonomy":"product_cat","embeddable":true,"href":"https:\/\/trade.colart.com\/fr\/wp-json\/wp\/v2\/product_cat?post=498"},{"taxonomy":"product_tag","embeddable":true,"href":"https:\/\/trade.colart.com\/fr\/wp-json\/wp\/v2\/product_tag?post=498"}],"curies":[{"name":"wp","href":"https:\/\/api.w.org\/{rel}","templated":true}]}}