{"id":500,"date":"2026-03-12T22:01:14","date_gmt":"2026-03-12T22:01:14","guid":{"rendered":"https:\/\/trade.colart.com\/fr\/product\/winsor-newton-cotman-watercolour-10x5ml-set-dinitiation\/"},"modified":"2026-04-16T10:32:36","modified_gmt":"2026-04-16T10:32:36","slug":"winsor-newton-cotman-watercolour-10x5ml-set-dinitiation","status":"publish","type":"product","link":"https:\/\/trade.colart.com\/fr\/product\/winsor-newton-cotman-watercolour-10x5ml-set-dinitiation\/","title":{"rendered":"Winsor &amp; Newton Cotman Watercolour 10x5ml Set D&#8217;Initiation"},"content":{"rendered":"<p>D\u00e9couvrez la peinture aquarelle avec 10 couleurs essentielles fabriqu\u00e9es \u00e0 partir de pigments beaux-arts de haute qualit\u00e9. Pour \u00e9largir davantage votre palette, la gamme compl\u00e8te de 40 aquarelles Cotman est disponible \u00e0 l&#8217;achat s\u00e9par\u00e9ment en formats plus grands.<\/p>\n","protected":false},"excerpt":{"rendered":"<p>D\u00e9couvrez la peinture aquarelle avec 10 couleurs essentielles fabriqu\u00e9es \u00e0 partir de pigments beaux-arts de haute qualit\u00e9. Pour \u00e9largir davantage votre palette, la gamme compl\u00e8te de 40 aquarelles Cotman est disponible \u00e0 l&#8217;achat s\u00e9par\u00e9ment en formats plus grands. <span class=\"more_dots\">&#8230;<\/span><\/p>\n<p><a class=\"btn btn-secondary understrap-read-more-link\" href=\"https:\/\/trade.colart.com\/fr\/product\/winsor-newton-cotman-watercolour-10x5ml-set-dinitiation\/\">Read More&#8230;<span class=\"screen-reader-text\"> from Winsor &amp; Newton Cotman Watercolour 10x5ml Set D&#8217;Initiation<\/span><\/a><\/p>\n","protected":false},"featured_media":3499,"comment_status":"closed","ping_status":"closed","template":"","meta":{"_acf_changed":false},"product_brand":[],"product_cat":[278,277],"product_tag":[],"class_list":{"0":"post-500","1":"product","2":"type-product","3":"status-publish","4":"has-post-thumbnail","6":"product_cat-winsor-newton-couleurs-aquarelle-couleurs-aquarelle-fine-cotman-sets-aquarelle-fine-cotman","7":"product_cat-winsor-newton-coffrets-sets-aquarelle-fine-cotman","9":"first","10":"instock","11":"shipping-taxable","12":"purchasable","13":"product-type-simple"},"acf":[],"_links":{"self":[{"href":"https:\/\/trade.colart.com\/fr\/wp-json\/wp\/v2\/product\/500","targetHints":{"allow":["GET"]}}],"collection":[{"href":"https:\/\/trade.colart.com\/fr\/wp-json\/wp\/v2\/product"}],"about":[{"href":"https:\/\/trade.colart.com\/fr\/wp-json\/wp\/v2\/types\/product"}],"replies":[{"embeddable":true,"href":"https:\/\/trade.colart.com\/fr\/wp-json\/wp\/v2\/comments?post=500"}],"wp:featuredmedia":[{"embeddable":true,"href":"https:\/\/trade.colart.com\/fr\/wp-json\/wp\/v2\/media\/3499"}],"wp:attachment":[{"href":"https:\/\/trade.colart.com\/fr\/wp-json\/wp\/v2\/media?parent=500"}],"wp:term":[{"taxonomy":"product_brand","embeddable":true,"href":"https:\/\/trade.colart.com\/fr\/wp-json\/wp\/v2\/product_brand?post=500"},{"taxonomy":"product_cat","embeddable":true,"href":"https:\/\/trade.colart.com\/fr\/wp-json\/wp\/v2\/product_cat?post=500"},{"taxonomy":"product_tag","embeddable":true,"href":"https:\/\/trade.colart.com\/fr\/wp-json\/wp\/v2\/product_tag?post=500"}],"curies":[{"name":"wp","href":"https:\/\/api.w.org\/{rel}","templated":true}]}}