{"id":51859,"date":"2025-03-27T00:19:03","date_gmt":"2025-03-27T00:19:03","guid":{"rendered":"https:\/\/trade.colart.com\/fr\/product\/lefranc-bourgeois-peinture-acrylique\/"},"modified":"2026-04-17T11:56:11","modified_gmt":"2026-04-17T11:56:11","slug":"lefranc-bourgeois-peinture-acrylique","status":"publish","type":"product","link":"https:\/\/trade.colart.com\/fr\/product\/lefranc-bourgeois-peinture-acrylique\/","title":{"rendered":"Peinture acrylique"},"content":{"rendered":"<p>La gamme Acrylic Fine comprend 50 teintes \u00e9quilibr\u00e9es aux textures denses, s\u00e9chant et durcissant rapidement. Chaque couleur est r\u00e9sistante et durable. Con\u00e7ue pour \u00eatre utilis\u00e9e avec des additifs, c&#8217;est une gamme faite pour l&#8217;exploration artistique.<\/p>\n<p>Avec 23 couleurs mono pigmentaires, vous \u00eates libre de recr\u00e9er vos couleurs pr\u00e9f\u00e9r\u00e9es. Fabriqu\u00e9 en France, chaque tube offre une qualit\u00e9 incroyable pour les artistes, les \u00e9tudiants et les passionn\u00e9s.<\/p>\n","protected":false},"excerpt":{"rendered":"<p>La gamme Acrylic Fine comprend 50 teintes \u00e9quilibr\u00e9es aux textures denses, s\u00e9chant et durcissant rapidement. Chaque couleur est r\u00e9sistante et durable. Con\u00e7ue pour \u00eatre utilis\u00e9e avec des additifs, c&#8217;est une gamme faite pour l&#8217;exploration artistique. Avec 23 couleurs mono pigmentaires, vous \u00eates libre de recr\u00e9er vos couleurs pr\u00e9f\u00e9r\u00e9es. Fabriqu\u00e9 en France, chaque tube offre une <span class=\"more_dots\">&#8230;<\/span><\/p>\n<p><a class=\"btn btn-secondary understrap-read-more-link\" href=\"https:\/\/trade.colart.com\/fr\/product\/lefranc-bourgeois-peinture-acrylique\/\">Read More&#8230;<span class=\"screen-reader-text\"> from Peinture acrylique<\/span><\/a><\/p>\n","protected":false},"featured_media":13063,"comment_status":"closed","ping_status":"closed","template":"","meta":{"_acf_changed":false},"product_brand":[],"product_cat":[2819],"product_tag":[],"class_list":{"0":"post-51859","1":"product","2":"type-product","3":"status-publish","4":"has-post-thumbnail","6":"product_cat-lefranc-bourgeois-beaux-arts-acrylique-vinylique-fine-acrylique","8":"first","9":"instock","10":"shipping-taxable","11":"purchasable","12":"product-type-variable"},"acf":[],"_links":{"self":[{"href":"https:\/\/trade.colart.com\/fr\/wp-json\/wp\/v2\/product\/51859","targetHints":{"allow":["GET"]}}],"collection":[{"href":"https:\/\/trade.colart.com\/fr\/wp-json\/wp\/v2\/product"}],"about":[{"href":"https:\/\/trade.colart.com\/fr\/wp-json\/wp\/v2\/types\/product"}],"replies":[{"embeddable":true,"href":"https:\/\/trade.colart.com\/fr\/wp-json\/wp\/v2\/comments?post=51859"}],"wp:featuredmedia":[{"embeddable":true,"href":"https:\/\/trade.colart.com\/fr\/wp-json\/wp\/v2\/media\/13063"}],"wp:attachment":[{"href":"https:\/\/trade.colart.com\/fr\/wp-json\/wp\/v2\/media?parent=51859"}],"wp:term":[{"taxonomy":"product_brand","embeddable":true,"href":"https:\/\/trade.colart.com\/fr\/wp-json\/wp\/v2\/product_brand?post=51859"},{"taxonomy":"product_cat","embeddable":true,"href":"https:\/\/trade.colart.com\/fr\/wp-json\/wp\/v2\/product_cat?post=51859"},{"taxonomy":"product_tag","embeddable":true,"href":"https:\/\/trade.colart.com\/fr\/wp-json\/wp\/v2\/product_tag?post=51859"}],"curies":[{"name":"wp","href":"https:\/\/api.w.org\/{rel}","templated":true}]}}