{"id":51861,"date":"2025-03-21T14:43:01","date_gmt":"2025-03-21T14:43:01","guid":{"rendered":"https:\/\/trade.colart.com\/fr\/product\/lefranc-bourgeois-chassis-lin-lefranc\/"},"modified":"2026-04-17T11:22:02","modified_gmt":"2026-04-17T11:22:02","slug":"lefranc-bourgeois-chassis-lin-lefranc","status":"publish","type":"product","link":"https:\/\/trade.colart.com\/fr\/product\/lefranc-bourgeois-chassis-lin-lefranc\/","title":{"rendered":"Ch\u00e2ssis Lin Lefranc"},"content":{"rendered":"<p>Trouvez votre support id\u00e9al pour l&#8217;huile et l&#8217;acrylique parmi notre choix de toiles de lin tendues \u00e0 la main, classiques, de toiles en coton de haute qualit\u00e9 et pr\u00eates \u00e0 l&#8217;emploi, ou de toiles d&#8217;atelier. Toutes sont adapt\u00e9es aux professionnels et aux amateurs, ainsi qu&#8217;aux d\u00e9butants.<\/p>\n","protected":false},"excerpt":{"rendered":"<p>Mettez votre art en valeur avec nos toiles en lin de qualit\u00e9 sup\u00e9rieure. Fabriqu\u00e9es \u00e0 partir de lin \u00e0 longues fibres 100 % europ\u00e9en, ces toiles offrent une durabilit\u00e9 et une r\u00e9sistance \u00e0 l&#8217;humidit\u00e9 optimales. De conception traditionnelle, elles sont tendues \u00e0 la main, trait\u00e9es et pr\u00eates \u00e0 \u00eatre recouvertes d&#8217;acrylique ou d&#8217;huile.<\/p>\n<p>Avec un cadre en pin s\u00e9ch\u00e9 au four et issu d&#8217;une for\u00eat durable, elles sont r\u00e9sistantes \u00e0 la d\u00e9formation. Con\u00e7ues pour l&#8217;exposition et la vente d&#8217;\u0153uvres. Poids 465 g\/m2 <span class=\"more_dots\">&#8230;<\/span><\/p>\n<p><a class=\"btn btn-secondary understrap-read-more-link\" href=\"https:\/\/trade.colart.com\/fr\/product\/lefranc-bourgeois-chassis-lin-lefranc\/\">Read More&#8230;<span class=\"screen-reader-text\"> from Ch\u00e2ssis Lin Lefranc<\/span><\/a><\/p>\n","protected":false},"featured_media":21353,"comment_status":"closed","ping_status":"closed","template":"","meta":{"_acf_changed":false},"product_brand":[],"product_cat":[2846],"product_tag":[],"class_list":{"0":"post-51861","1":"product","2":"type-product","3":"status-publish","4":"has-post-thumbnail","6":"product_cat-lefranc-bourgeois-beaux-arts-supports-chassis-lin","8":"first","9":"instock","10":"shipping-taxable","11":"purchasable","12":"product-type-variable"},"acf":[],"_links":{"self":[{"href":"https:\/\/trade.colart.com\/fr\/wp-json\/wp\/v2\/product\/51861","targetHints":{"allow":["GET"]}}],"collection":[{"href":"https:\/\/trade.colart.com\/fr\/wp-json\/wp\/v2\/product"}],"about":[{"href":"https:\/\/trade.colart.com\/fr\/wp-json\/wp\/v2\/types\/product"}],"replies":[{"embeddable":true,"href":"https:\/\/trade.colart.com\/fr\/wp-json\/wp\/v2\/comments?post=51861"}],"wp:featuredmedia":[{"embeddable":true,"href":"https:\/\/trade.colart.com\/fr\/wp-json\/wp\/v2\/media\/21353"}],"wp:attachment":[{"href":"https:\/\/trade.colart.com\/fr\/wp-json\/wp\/v2\/media?parent=51861"}],"wp:term":[{"taxonomy":"product_brand","embeddable":true,"href":"https:\/\/trade.colart.com\/fr\/wp-json\/wp\/v2\/product_brand?post=51861"},{"taxonomy":"product_cat","embeddable":true,"href":"https:\/\/trade.colart.com\/fr\/wp-json\/wp\/v2\/product_cat?post=51861"},{"taxonomy":"product_tag","embeddable":true,"href":"https:\/\/trade.colart.com\/fr\/wp-json\/wp\/v2\/product_tag?post=51861"}],"curies":[{"name":"wp","href":"https:\/\/api.w.org\/{rel}","templated":true}]}}