{"id":51863,"date":"2025-01-24T01:07:22","date_gmt":"2025-01-24T01:07:22","guid":{"rendered":"https:\/\/trade.colart.com\/fr\/product\/charbonnel-mixtion-a-dorer\/"},"modified":"2026-04-17T11:01:15","modified_gmt":"2026-04-17T11:01:15","slug":"charbonnel-mixtion-a-dorer","status":"publish","type":"product","link":"https:\/\/trade.colart.com\/fr\/product\/charbonnel-mixtion-a-dorer\/","title":{"rendered":"Mixtion \u00c0 Dorer"},"content":{"rendered":"<p>.<\/p>\n","protected":false},"excerpt":{"rendered":"<p>La mixtion \u00e0 dorer \u00e0 l\u2019huile est un m\u00e9lange sp\u00e9cial qui permet de coller la feuille d&#8217;or sur des surfaces non poreuses (verre, m\u00e9tal, marbre, etc.)<\/p>\n<p>Temps de s\u00e9chage: environ 3 heures<br \/>\nElle est plut\u00f4t employ\u00e9e sur des surfaces moins importantes, pour des travaux d\u2019int\u00e9rieur, ou lorsque le contexte ne permet pas d\u2019employer la mixtion 12 heures (climat trop humide et taux de poussi\u00e8re important <span class=\"more_dots\">&#8230;<\/span><\/p>\n<p><a class=\"btn btn-secondary understrap-read-more-link\" href=\"https:\/\/trade.colart.com\/fr\/product\/charbonnel-mixtion-a-dorer\/\">Read More&#8230;<span class=\"screen-reader-text\"> from Mixtion \u00c0 Dorer<\/span><\/a><\/p>\n","protected":false},"featured_media":14007,"comment_status":"closed","ping_status":"closed","template":"","meta":{"_acf_changed":false},"product_brand":[],"product_cat":[1467],"product_tag":[],"class_list":{"0":"post-51863","1":"product","2":"type-product","3":"status-publish","4":"has-post-thumbnail","6":"product_cat-charbonnel-additifs","8":"first","9":"instock","10":"shipping-taxable","11":"purchasable","12":"product-type-variable"},"acf":[],"_links":{"self":[{"href":"https:\/\/trade.colart.com\/fr\/wp-json\/wp\/v2\/product\/51863","targetHints":{"allow":["GET"]}}],"collection":[{"href":"https:\/\/trade.colart.com\/fr\/wp-json\/wp\/v2\/product"}],"about":[{"href":"https:\/\/trade.colart.com\/fr\/wp-json\/wp\/v2\/types\/product"}],"replies":[{"embeddable":true,"href":"https:\/\/trade.colart.com\/fr\/wp-json\/wp\/v2\/comments?post=51863"}],"wp:featuredmedia":[{"embeddable":true,"href":"https:\/\/trade.colart.com\/fr\/wp-json\/wp\/v2\/media\/14007"}],"wp:attachment":[{"href":"https:\/\/trade.colart.com\/fr\/wp-json\/wp\/v2\/media?parent=51863"}],"wp:term":[{"taxonomy":"product_brand","embeddable":true,"href":"https:\/\/trade.colart.com\/fr\/wp-json\/wp\/v2\/product_brand?post=51863"},{"taxonomy":"product_cat","embeddable":true,"href":"https:\/\/trade.colart.com\/fr\/wp-json\/wp\/v2\/product_cat?post=51863"},{"taxonomy":"product_tag","embeddable":true,"href":"https:\/\/trade.colart.com\/fr\/wp-json\/wp\/v2\/product_tag?post=51863"}],"curies":[{"name":"wp","href":"https:\/\/api.w.org\/{rel}","templated":true}]}}