{"id":51873,"date":"2025-01-24T01:06:13","date_gmt":"2025-01-24T01:06:13","guid":{"rendered":"https:\/\/trade.colart.com\/fr\/product\/charbonnel-assiette-a-dorer\/"},"modified":"2026-04-15T10:34:41","modified_gmt":"2026-04-15T10:34:41","slug":"charbonnel-assiette-a-dorer","status":"publish","type":"product","link":"https:\/\/trade.colart.com\/fr\/product\/charbonnel-assiette-a-dorer\/","title":{"rendered":"Assiette \u00c0 Dorer"},"content":{"rendered":"","protected":false},"excerpt":{"rendered":"<p>P\u00e2te d&#8217;argile tr\u00e8s finement broy\u00e9e, l\u2019assiette \u00e0 dorer\u00a0garantit au doreur un assiettage stable et parfaitement homog\u00e8ne de haute qualit\u00e9.<\/p>\n<p>Utilisation:<br \/>\n&#8211; M\u00e9langer l&#8217;assiette \u00e0 deux fois son volume d&#8217;une solution ti\u00e8de \u00e0 base de colle de peau de lapin.\u00a0L&#8217;ajout de colle de peau est indispensable pour assurer la fixation de l&#8217;or sur l&#8217;assiette \u00e0 dorer (5 \u00e0 8 gm de peau de lapin pour 100gm d&#8217;eau).<br \/>\n&#8211; Chauffer au bain marie a 60 degres Celsius<br \/>\n&#8211; Appliquer soigneusement le support pr\u00e9alablement pr\u00e9par\u00e9. L\u2019assiette doit \u00eatre d\u00e9pos\u00e9e en 3 ou 4 couches avec une brosse \u00e0 assiette en trois fines couches espac\u00e9es d&#8217;environ 2 heures (attendre que chacune d\u2019elles soit compl\u00e8tement s\u00e8che avant de passer \u00e0 la suivante)<br \/>\n&#8211; Enfin, apr\u00e8s 24 heures de s\u00e9chage, elle sera polie avec la brosse chien d\u2019assiette.<br \/>\n&#8211; Appliquer les feuilles d\u2019or<\/p>\n<p>La couleur de l&#8217;assiette appara\u00eet l\u00e9g\u00e8rement, donnant une tonalit\u00e9 finale \u00e0 l&#8217;or. Les diff\u00e9rentes nuances peuvent se m\u00e9langer. <span class=\"more_dots\">&#8230;<\/span><\/p>\n<p><a class=\"btn btn-secondary understrap-read-more-link\" href=\"https:\/\/trade.colart.com\/fr\/product\/charbonnel-assiette-a-dorer\/\">Read More&#8230;<span class=\"screen-reader-text\"> from Assiette \u00c0 Dorer<\/span><\/a><\/p>\n","protected":false},"featured_media":14026,"comment_status":"closed","ping_status":"closed","template":"","meta":{"_acf_changed":false},"product_brand":[],"product_cat":[2894],"product_tag":[],"class_list":{"0":"post-51873","1":"product","2":"type-product","3":"status-publish","4":"has-post-thumbnail","6":"product_cat-charbonnel-dorure","8":"first","9":"instock","10":"shipping-taxable","11":"purchasable","12":"product-type-variable"},"acf":[],"_links":{"self":[{"href":"https:\/\/trade.colart.com\/fr\/wp-json\/wp\/v2\/product\/51873","targetHints":{"allow":["GET"]}}],"collection":[{"href":"https:\/\/trade.colart.com\/fr\/wp-json\/wp\/v2\/product"}],"about":[{"href":"https:\/\/trade.colart.com\/fr\/wp-json\/wp\/v2\/types\/product"}],"replies":[{"embeddable":true,"href":"https:\/\/trade.colart.com\/fr\/wp-json\/wp\/v2\/comments?post=51873"}],"wp:featuredmedia":[{"embeddable":true,"href":"https:\/\/trade.colart.com\/fr\/wp-json\/wp\/v2\/media\/14026"}],"wp:attachment":[{"href":"https:\/\/trade.colart.com\/fr\/wp-json\/wp\/v2\/media?parent=51873"}],"wp:term":[{"taxonomy":"product_brand","embeddable":true,"href":"https:\/\/trade.colart.com\/fr\/wp-json\/wp\/v2\/product_brand?post=51873"},{"taxonomy":"product_cat","embeddable":true,"href":"https:\/\/trade.colart.com\/fr\/wp-json\/wp\/v2\/product_cat?post=51873"},{"taxonomy":"product_tag","embeddable":true,"href":"https:\/\/trade.colart.com\/fr\/wp-json\/wp\/v2\/product_tag?post=51873"}],"curies":[{"name":"wp","href":"https:\/\/api.w.org\/{rel}","templated":true}]}}