{"id":51875,"date":"2025-02-11T09:17:52","date_gmt":"2025-02-11T09:17:52","guid":{"rendered":"https:\/\/trade.colart.com\/fr\/product\/conte-a-paris-conte-a-paris-les-carres-couleurs\/"},"modified":"2026-04-17T10:05:54","modified_gmt":"2026-04-17T10:05:54","slug":"conte-a-paris-conte-a-paris-les-carres-couleurs","status":"publish","type":"product","link":"https:\/\/trade.colart.com\/fr\/product\/conte-a-paris-conte-a-paris-les-carres-couleurs\/","title":{"rendered":"Cont\u00e9 \u00e0 Paris Les carr\u00e9s couleurs"},"content":{"rendered":"<p>Les carr\u00e9s Cont\u00e9 \u00e0 Paris sont r\u00e9put\u00e9s pour leur qualit\u00e9 de pigments, tenue \u00e0 la lumi\u00e8re, l\u2019\u00e9clat et la puret\u00e9 exceptionnelle des couleurs. <\/p>\n<p>Choisis par les plus grands artistes, Picasso, Degas, ou Delacroix, les carr\u00e9s Cont\u00e9 \u00e0 Paris ont toujours \u00e9t\u00e9 la r\u00e9f\u00e9rence en mati\u00e8re de pastel.  La gamme comporte 70 nuances qui offrent une luminosit\u00e9 et une intensit\u00e9 exceptionnelle, id\u00e9ale pour les paysages, portraits, et natures mortes. <\/p>\n<p>Les carr\u00e9s pastels Cont\u00e9 \u00e0 Paris ont une forme unique, avec leur section de 6 x 6 mm et d\u2019une longueur de 65 mm ils peuvent \u00eatre utilis\u00e9s de multiples fa\u00e7ons : travail pr\u00e9cis et nerveux gr\u00e2ce aux ar\u00eates des b\u00e2tonnets, aplats en utilisant la tranche du carr\u00e9 pour marquer les valeurs. <\/p>\n","protected":false},"excerpt":{"rendered":"<p>Les carr\u00e9s Cont\u00e9 \u00e0 Paris sont r\u00e9put\u00e9s pour leur qualit\u00e9 de pigments, tenue \u00e0 la lumi\u00e8re, l\u2019\u00e9clat et la puret\u00e9 exceptionnelle des couleurs. Choisis par les plus grands artistes, Picasso, Degas, ou Delacroix, les carr\u00e9s Cont\u00e9 \u00e0 Paris ont toujours \u00e9t\u00e9 la r\u00e9f\u00e9rence en mati\u00e8re de pastel. La gamme comporte 70 nuances qui offrent une <span class=\"more_dots\">&#8230;<\/span><\/p>\n<p><a class=\"btn btn-secondary understrap-read-more-link\" href=\"https:\/\/trade.colart.com\/fr\/product\/conte-a-paris-conte-a-paris-les-carres-couleurs\/\">Read More&#8230;<span class=\"screen-reader-text\"> from Cont\u00e9 \u00e0 Paris Les carr\u00e9s couleurs<\/span><\/a><\/p>\n","protected":false},"featured_media":13826,"comment_status":"closed","ping_status":"closed","template":"","meta":{"_acf_changed":false},"product_brand":[],"product_cat":[1400],"product_tag":[],"class_list":{"0":"post-51875","1":"product","2":"type-product","3":"status-publish","4":"has-post-thumbnail","6":"product_cat-conte-a-paris-les-carres-couleurs","8":"first","9":"instock","10":"shipping-taxable","11":"purchasable","12":"product-type-variable"},"acf":[],"_links":{"self":[{"href":"https:\/\/trade.colart.com\/fr\/wp-json\/wp\/v2\/product\/51875","targetHints":{"allow":["GET"]}}],"collection":[{"href":"https:\/\/trade.colart.com\/fr\/wp-json\/wp\/v2\/product"}],"about":[{"href":"https:\/\/trade.colart.com\/fr\/wp-json\/wp\/v2\/types\/product"}],"replies":[{"embeddable":true,"href":"https:\/\/trade.colart.com\/fr\/wp-json\/wp\/v2\/comments?post=51875"}],"wp:featuredmedia":[{"embeddable":true,"href":"https:\/\/trade.colart.com\/fr\/wp-json\/wp\/v2\/media\/13826"}],"wp:attachment":[{"href":"https:\/\/trade.colart.com\/fr\/wp-json\/wp\/v2\/media?parent=51875"}],"wp:term":[{"taxonomy":"product_brand","embeddable":true,"href":"https:\/\/trade.colart.com\/fr\/wp-json\/wp\/v2\/product_brand?post=51875"},{"taxonomy":"product_cat","embeddable":true,"href":"https:\/\/trade.colart.com\/fr\/wp-json\/wp\/v2\/product_cat?post=51875"},{"taxonomy":"product_tag","embeddable":true,"href":"https:\/\/trade.colart.com\/fr\/wp-json\/wp\/v2\/product_tag?post=51875"}],"curies":[{"name":"wp","href":"https:\/\/api.w.org\/{rel}","templated":true}]}}