{"id":51877,"date":"2025-03-26T22:39:07","date_gmt":"2025-03-26T22:39:07","guid":{"rendered":"https:\/\/trade.colart.com\/fr\/product\/conte-a-paris-conte-a-paris-les-crayons-pastel\/"},"modified":"2026-04-17T09:13:58","modified_gmt":"2026-04-17T09:13:58","slug":"conte-a-paris-conte-a-paris-les-crayons-pastel","status":"publish","type":"product","link":"https:\/\/trade.colart.com\/fr\/product\/conte-a-paris-conte-a-paris-les-crayons-pastel\/","title":{"rendered":"Cont\u00e9 \u00e0 Paris Les crayons pastel"},"content":{"rendered":"<p>Les crayons pastels sont id\u00e9aux pour les portraits, le dessin d&#8217;apr\u00e8s nature et le travail g\u00e9n\u00e9ral sur les figures.  <\/p>\n<p>L\u00e9g\u00e8rement durs, ils permettent d&#8217;obtenir des d\u00e9tails exigeant de la pr\u00e9cision et de la finesse dans les petits et moyens formats. <\/p>\n<p>Le diam\u00e8tre exceptionnel de la mine des crayons pastels Cont\u00e9 \u00e0 Paris offre une vraie libert\u00e9 de trait\u00e9, une sensation in\u00e9gal\u00e9e et un rendu poudreux unique. <\/p>\n<p>Les crayons ont un diam\u00e8tre de 8,5 mm et la gamme comprend 48 couleurs vives et \u00e9quilibr\u00e9es. <\/p>\n","protected":false},"excerpt":{"rendered":"<p>Les crayons pastels sont id\u00e9aux pour les portraits, le dessin d&#8217;apr\u00e8s nature et le travail g\u00e9n\u00e9ral sur les figures. L\u00e9g\u00e8rement durs, ils permettent d&#8217;obtenir des d\u00e9tails exigeant de la pr\u00e9cision et de la finesse dans les petits et moyens formats. Le diam\u00e8tre exceptionnel de la mine des crayons pastels Cont\u00e9 \u00e0 Paris offre une vraie <span class=\"more_dots\">&#8230;<\/span><\/p>\n<p><a class=\"btn btn-secondary understrap-read-more-link\" href=\"https:\/\/trade.colart.com\/fr\/product\/conte-a-paris-conte-a-paris-les-crayons-pastel\/\">Read More&#8230;<span class=\"screen-reader-text\"> from Cont\u00e9 \u00e0 Paris Les crayons pastel<\/span><\/a><\/p>\n","protected":false},"featured_media":12316,"comment_status":"closed","ping_status":"closed","template":"","meta":{"_acf_changed":false},"product_brand":[],"product_cat":[1115],"product_tag":[],"class_list":{"0":"post-51877","1":"product","2":"type-product","3":"status-publish","4":"has-post-thumbnail","6":"product_cat-conte-a-paris-les-crayons-pastel","8":"first","9":"instock","10":"shipping-taxable","11":"purchasable","12":"product-type-variable"},"acf":[],"_links":{"self":[{"href":"https:\/\/trade.colart.com\/fr\/wp-json\/wp\/v2\/product\/51877","targetHints":{"allow":["GET"]}}],"collection":[{"href":"https:\/\/trade.colart.com\/fr\/wp-json\/wp\/v2\/product"}],"about":[{"href":"https:\/\/trade.colart.com\/fr\/wp-json\/wp\/v2\/types\/product"}],"replies":[{"embeddable":true,"href":"https:\/\/trade.colart.com\/fr\/wp-json\/wp\/v2\/comments?post=51877"}],"wp:featuredmedia":[{"embeddable":true,"href":"https:\/\/trade.colart.com\/fr\/wp-json\/wp\/v2\/media\/12316"}],"wp:attachment":[{"href":"https:\/\/trade.colart.com\/fr\/wp-json\/wp\/v2\/media?parent=51877"}],"wp:term":[{"taxonomy":"product_brand","embeddable":true,"href":"https:\/\/trade.colart.com\/fr\/wp-json\/wp\/v2\/product_brand?post=51877"},{"taxonomy":"product_cat","embeddable":true,"href":"https:\/\/trade.colart.com\/fr\/wp-json\/wp\/v2\/product_cat?post=51877"},{"taxonomy":"product_tag","embeddable":true,"href":"https:\/\/trade.colart.com\/fr\/wp-json\/wp\/v2\/product_tag?post=51877"}],"curies":[{"name":"wp","href":"https:\/\/api.w.org\/{rel}","templated":true}]}}