{"id":5200,"date":"2026-03-12T07:43:33","date_gmt":"2026-03-12T07:43:33","guid":{"rendered":"https:\/\/trade.colart.com\/fr\/product\/liquitex-brosse-free-style-ronde-no-12\/"},"modified":"2026-04-08T09:43:20","modified_gmt":"2026-04-08T09:43:20","slug":"liquitex-brosse-free-style-ronde-no-12","status":"publish","type":"product","link":"https:\/\/trade.colart.com\/fr\/product\/liquitex-brosse-free-style-ronde-no-12\/","title":{"rendered":"Liquitex Brosse Free Style Ronde No 12"},"content":{"rendered":"<p>Un pinceau professionnel \u00e0 manche long avec un pointe ronde et pointue pour une application pr\u00e9cise. Les filaments de nylon durable ont le ressort et l&#8217;\u00e9lasticit\u00e9 id\u00e9aux pour les supports acryliques, tandis que le manche lest\u00e9 est con\u00e7u de mani\u00e8re ergonomique pour l&#8217;\u00e9quilibre et le confort.<\/p>\n","protected":false},"excerpt":{"rendered":"<p>Un pinceau professionnel \u00e0 manche long avec un pointe ronde et pointue pour une application pr\u00e9cise. Les filaments de nylon durable ont le ressort et l&#8217;\u00e9lasticit\u00e9 id\u00e9aux pour les supports acryliques, tandis que le manche lest\u00e9 est con\u00e7u de mani\u00e8re ergonomique pour l&#8217;\u00e9quilibre et le confort. <span class=\"more_dots\">&#8230;<\/span><\/p>\n<p><a class=\"btn btn-secondary understrap-read-more-link\" href=\"https:\/\/trade.colart.com\/fr\/product\/liquitex-brosse-free-style-ronde-no-12\/\">Read More&#8230;<span class=\"screen-reader-text\"> from Liquitex Brosse Free Style Ronde No 12<\/span><\/a><\/p>\n","protected":false},"featured_media":11254,"comment_status":"closed","ping_status":"closed","template":"","meta":{"_acf_changed":false},"product_brand":[],"product_cat":[1032,1033],"product_tag":[],"class_list":{"0":"post-5200","1":"product","2":"type-product","3":"status-publish","4":"has-post-thumbnail","6":"product_cat-liquitex-produit-gamme-acrylique-professionnelle-outils-pinceaux-voir-tout","7":"product_cat-liquitex-produit-gamme-acrylique-professionnelle-outils-pinceaux-brosses-free-style","9":"first","10":"instock","11":"shipping-taxable","12":"purchasable","13":"product-type-simple"},"acf":[],"_links":{"self":[{"href":"https:\/\/trade.colart.com\/fr\/wp-json\/wp\/v2\/product\/5200","targetHints":{"allow":["GET"]}}],"collection":[{"href":"https:\/\/trade.colart.com\/fr\/wp-json\/wp\/v2\/product"}],"about":[{"href":"https:\/\/trade.colart.com\/fr\/wp-json\/wp\/v2\/types\/product"}],"replies":[{"embeddable":true,"href":"https:\/\/trade.colart.com\/fr\/wp-json\/wp\/v2\/comments?post=5200"}],"wp:featuredmedia":[{"embeddable":true,"href":"https:\/\/trade.colart.com\/fr\/wp-json\/wp\/v2\/media\/11254"}],"wp:attachment":[{"href":"https:\/\/trade.colart.com\/fr\/wp-json\/wp\/v2\/media?parent=5200"}],"wp:term":[{"taxonomy":"product_brand","embeddable":true,"href":"https:\/\/trade.colart.com\/fr\/wp-json\/wp\/v2\/product_brand?post=5200"},{"taxonomy":"product_cat","embeddable":true,"href":"https:\/\/trade.colart.com\/fr\/wp-json\/wp\/v2\/product_cat?post=5200"},{"taxonomy":"product_tag","embeddable":true,"href":"https:\/\/trade.colart.com\/fr\/wp-json\/wp\/v2\/product_tag?post=5200"}],"curies":[{"name":"wp","href":"https:\/\/api.w.org\/{rel}","templated":true}]}}