{"id":52035,"date":"2025-01-24T03:30:09","date_gmt":"2025-01-24T03:30:09","guid":{"rendered":"https:\/\/trade.colart.com\/fr\/product\/winsor-newton-apprets\/"},"modified":"2026-04-15T06:52:22","modified_gmt":"2026-04-15T06:52:22","slug":"winsor-newton-apprets","status":"publish","type":"product","link":"https:\/\/trade.colart.com\/fr\/product\/winsor-newton-apprets\/","title":{"rendered":"Appr\u00eats"},"content":{"rendered":"<p>Primers are applied before painting and control the texture, absorbency and the colour of the surface. A good quality primer is essential as the longevity of a painting depends on how the surface has been prepared. Oil primers create a traditional base for oil painting and are preferred by artists who enjoy a slight increase in gloss and smoothness. Our oil primers are available in white, clear or black.<\/p>\n","protected":false},"excerpt":{"rendered":"<p>En raison de la nature de ces produits, ils ne peuvent \u00eatre exp\u00e9di\u00e9s par avion le lendemain ou en deux jours ; ils seront exp\u00e9di\u00e9s par voie terrestre. Appr\u00eat pr\u00eat \u00e0 l&#8217;emploi, pr\u00e9traitement id\u00e9al pour obtenir un support lisse compatible avec les peintures \u00e0 l&#8217;huile classiques et diluables \u00e0 l&#8217;eau. L&#8217;appr\u00eat pour peinture \u00e0 l&#8217;huile s&#8217;applique directement sur vos surfaces m\u00e9talliques ou poreuses (toiles \u00e0 encoller, bois brut, bois dur, contreplaqu\u00e9, papier, etc.) sans s&#8217;infiltrer. Il est pr\u00e9f\u00e9rable d&#8217;appliquer plusieurs couches fines et de les laisser s\u00e9cher toute une nuit avant de peindre. <span class=\"more_dots\">&#8230;<\/span><\/p>\n<p><a class=\"btn btn-secondary understrap-read-more-link\" href=\"https:\/\/trade.colart.com\/fr\/product\/winsor-newton-apprets\/\">Read More&#8230;<span class=\"screen-reader-text\"> from Appr\u00eats<\/span><\/a><\/p>\n","protected":false},"featured_media":3976,"comment_status":"closed","ping_status":"closed","template":"","meta":{"_acf_changed":false},"product_brand":[],"product_cat":[200],"product_tag":[175],"class_list":{"0":"post-52035","1":"product","2":"type-product","3":"status-publish","4":"has-post-thumbnail","6":"product_cat-winsor-newton-additifs-additifs-pour-huile","7":"product_tag-promarker","9":"first","10":"instock","11":"shipping-taxable","12":"purchasable","13":"product-type-variable"},"acf":[],"_links":{"self":[{"href":"https:\/\/trade.colart.com\/fr\/wp-json\/wp\/v2\/product\/52035","targetHints":{"allow":["GET"]}}],"collection":[{"href":"https:\/\/trade.colart.com\/fr\/wp-json\/wp\/v2\/product"}],"about":[{"href":"https:\/\/trade.colart.com\/fr\/wp-json\/wp\/v2\/types\/product"}],"replies":[{"embeddable":true,"href":"https:\/\/trade.colart.com\/fr\/wp-json\/wp\/v2\/comments?post=52035"}],"wp:featuredmedia":[{"embeddable":true,"href":"https:\/\/trade.colart.com\/fr\/wp-json\/wp\/v2\/media\/3976"}],"wp:attachment":[{"href":"https:\/\/trade.colart.com\/fr\/wp-json\/wp\/v2\/media?parent=52035"}],"wp:term":[{"taxonomy":"product_brand","embeddable":true,"href":"https:\/\/trade.colart.com\/fr\/wp-json\/wp\/v2\/product_brand?post=52035"},{"taxonomy":"product_cat","embeddable":true,"href":"https:\/\/trade.colart.com\/fr\/wp-json\/wp\/v2\/product_cat?post=52035"},{"taxonomy":"product_tag","embeddable":true,"href":"https:\/\/trade.colart.com\/fr\/wp-json\/wp\/v2\/product_tag?post=52035"}],"curies":[{"name":"wp","href":"https:\/\/api.w.org\/{rel}","templated":true}]}}