{"id":5210,"date":"2026-03-12T07:44:30","date_gmt":"2026-03-12T07:44:30","guid":{"rendered":"https:\/\/trade.colart.com\/fr\/product\/liquitex-brosse-free-style-usee-bombee-no-8\/"},"modified":"2026-04-14T16:56:07","modified_gmt":"2026-04-14T16:56:07","slug":"liquitex-brosse-free-style-usee-bombee-no-8","status":"publish","type":"product","link":"https:\/\/trade.colart.com\/fr\/product\/liquitex-brosse-free-style-usee-bombee-no-8\/","title":{"rendered":"Liquitex Brosse Free Style Usee Bombee No 8"},"content":{"rendered":"<p>Un pinceau professionnel polyvalent \u00e0 long manche avec une t\u00eate plate et ovale pour des traits larges avec un bord adouci. Parfaits pour les m\u00e9langes, les filaments en nylon durable ont le ressort et l&#8217;\u00e9lasticit\u00e9 id\u00e9aux pour les supports acryliques, tandis que le manche lest\u00e9 est con\u00e7u de mani\u00e8re ergonomique pour l&#8217;\u00e9quilibre et le confort.<\/p>\n","protected":false},"excerpt":{"rendered":"<p>Un pinceau professionnel polyvalent \u00e0 long manche avec une t\u00eate plate et ovale pour des traits larges avec un bord adouci. Parfaits pour les m\u00e9langes, les filaments en nylon durable ont le ressort et l&#8217;\u00e9lasticit\u00e9 id\u00e9aux pour les supports acryliques, tandis que le manche lest\u00e9 est con\u00e7u de mani\u00e8re ergonomique pour l&#8217;\u00e9quilibre et le confort. <span class=\"more_dots\">&#8230;<\/span><\/p>\n<p><a class=\"btn btn-secondary understrap-read-more-link\" href=\"https:\/\/trade.colart.com\/fr\/product\/liquitex-brosse-free-style-usee-bombee-no-8\/\">Read More&#8230;<span class=\"screen-reader-text\"> from Liquitex Brosse Free Style Usee Bombee No 8<\/span><\/a><\/p>\n","protected":false},"featured_media":11262,"comment_status":"closed","ping_status":"closed","template":"","meta":{"_acf_changed":false},"product_brand":[],"product_cat":[1032,1033],"product_tag":[],"class_list":{"0":"post-5210","1":"product","2":"type-product","3":"status-publish","4":"has-post-thumbnail","6":"product_cat-liquitex-produit-gamme-acrylique-professionnelle-outils-pinceaux-voir-tout","7":"product_cat-liquitex-produit-gamme-acrylique-professionnelle-outils-pinceaux-brosses-free-style","9":"first","10":"instock","11":"shipping-taxable","12":"purchasable","13":"product-type-simple"},"acf":[],"_links":{"self":[{"href":"https:\/\/trade.colart.com\/fr\/wp-json\/wp\/v2\/product\/5210","targetHints":{"allow":["GET"]}}],"collection":[{"href":"https:\/\/trade.colart.com\/fr\/wp-json\/wp\/v2\/product"}],"about":[{"href":"https:\/\/trade.colart.com\/fr\/wp-json\/wp\/v2\/types\/product"}],"replies":[{"embeddable":true,"href":"https:\/\/trade.colart.com\/fr\/wp-json\/wp\/v2\/comments?post=5210"}],"wp:featuredmedia":[{"embeddable":true,"href":"https:\/\/trade.colart.com\/fr\/wp-json\/wp\/v2\/media\/11262"}],"wp:attachment":[{"href":"https:\/\/trade.colart.com\/fr\/wp-json\/wp\/v2\/media?parent=5210"}],"wp:term":[{"taxonomy":"product_brand","embeddable":true,"href":"https:\/\/trade.colart.com\/fr\/wp-json\/wp\/v2\/product_brand?post=5210"},{"taxonomy":"product_cat","embeddable":true,"href":"https:\/\/trade.colart.com\/fr\/wp-json\/wp\/v2\/product_cat?post=5210"},{"taxonomy":"product_tag","embeddable":true,"href":"https:\/\/trade.colart.com\/fr\/wp-json\/wp\/v2\/product_tag?post=5210"}],"curies":[{"name":"wp","href":"https:\/\/api.w.org\/{rel}","templated":true}]}}