{"id":522,"date":"2026-03-12T04:28:03","date_gmt":"2026-03-12T04:28:03","guid":{"rendered":"https:\/\/trade.colart.com\/fr\/product\/winsor-newton-huile-winton-set-21mlx6-tubes\/"},"modified":"2026-04-15T10:50:00","modified_gmt":"2026-04-15T10:50:00","slug":"winsor-newton-huile-winton-set-21mlx6-tubes","status":"publish","type":"product","link":"https:\/\/trade.colart.com\/fr\/product\/winsor-newton-huile-winton-set-21mlx6-tubes\/","title":{"rendered":"Winsor &amp; Newton Huile Winton Set 21mlx6 Tubes"},"content":{"rendered":"<p>Un petit set de tubes contenant 6 tubes de 21 ml de couleurs \u00e0 l&#8217;huile de Winton. contient : Nuance de Jaune de Cadmium P\u00e2le, Nuance de Rouge de Cadmium Fonc\u00e9, Outremer Fran\u00e7ais, Nuance de Vert de Guignet, Ocre Jaune, Terre d&#8217;Ombre Br\u00fbl\u00e9e. Le contenu peut varier.<\/p>\n","protected":false},"excerpt":{"rendered":"<p>Un petit set de tubes contenant 6 tubes de 21 ml de couleurs \u00e0 l&#8217;huile de Winton. contient : Nuance de Jaune de Cadmium P\u00e2le, Nuance de Rouge de Cadmium Fonc\u00e9, Outremer Fran\u00e7ais, Nuance de Vert de Guignet, Ocre Jaune, Terre d&#8217;Ombre Br\u00fbl\u00e9e. Le contenu peut varier. <span class=\"more_dots\">&#8230;<\/span><\/p>\n<p><a class=\"btn btn-secondary understrap-read-more-link\" href=\"https:\/\/trade.colart.com\/fr\/product\/winsor-newton-huile-winton-set-21mlx6-tubes\/\">Read More&#8230;<span class=\"screen-reader-text\"> from Winsor &amp; Newton Huile Winton Set 21mlx6 Tubes<\/span><\/a><\/p>\n","protected":false},"featured_media":57621,"comment_status":"closed","ping_status":"closed","template":"","meta":{"_acf_changed":false},"product_brand":[],"product_cat":[276,274],"product_tag":[],"class_list":{"0":"post-522","1":"product","2":"type-product","3":"status-publish","4":"has-post-thumbnail","6":"product_cat-winsor-newton-couleurs-couleur-a-lhuile-couleurs-huile-fine-winton-sets-huile-fine-winton","7":"product_cat-winsor-newton-coffrets-sets-huile-fine-winton","9":"first","10":"instock","11":"shipping-taxable","12":"purchasable","13":"product-type-simple"},"acf":[],"_links":{"self":[{"href":"https:\/\/trade.colart.com\/fr\/wp-json\/wp\/v2\/product\/522","targetHints":{"allow":["GET"]}}],"collection":[{"href":"https:\/\/trade.colart.com\/fr\/wp-json\/wp\/v2\/product"}],"about":[{"href":"https:\/\/trade.colart.com\/fr\/wp-json\/wp\/v2\/types\/product"}],"replies":[{"embeddable":true,"href":"https:\/\/trade.colart.com\/fr\/wp-json\/wp\/v2\/comments?post=522"}],"wp:featuredmedia":[{"embeddable":true,"href":"https:\/\/trade.colart.com\/fr\/wp-json\/wp\/v2\/media\/57621"}],"wp:attachment":[{"href":"https:\/\/trade.colart.com\/fr\/wp-json\/wp\/v2\/media?parent=522"}],"wp:term":[{"taxonomy":"product_brand","embeddable":true,"href":"https:\/\/trade.colart.com\/fr\/wp-json\/wp\/v2\/product_brand?post=522"},{"taxonomy":"product_cat","embeddable":true,"href":"https:\/\/trade.colart.com\/fr\/wp-json\/wp\/v2\/product_cat?post=522"},{"taxonomy":"product_tag","embeddable":true,"href":"https:\/\/trade.colart.com\/fr\/wp-json\/wp\/v2\/product_tag?post=522"}],"curies":[{"name":"wp","href":"https:\/\/api.w.org\/{rel}","templated":true}]}}