{"id":5246,"date":"2026-03-12T07:47:54","date_gmt":"2026-03-12T07:47:54","guid":{"rendered":"https:\/\/trade.colart.com\/fr\/product\/liquitex-basics-brosse-ronde-no12\/"},"modified":"2026-04-14T16:58:26","modified_gmt":"2026-04-14T16:58:26","slug":"liquitex-basics-brosse-ronde-no12","status":"publish","type":"product","link":"https:\/\/trade.colart.com\/fr\/product\/liquitex-basics-brosse-ronde-no12\/","title":{"rendered":"Liquitex Basics Brosse Ronde No12"},"content":{"rendered":"<p>Un pinceau durable \u00e0 manche long avec un t\u00eate ronde et pointue pour une application pr\u00e9cise. Id\u00e9al pour les travaux de pr\u00e9cision, ce pinceau en nylon durable retient de bonnes charges de couleur et convient parfaitement aux peintures Basics et \u00e0 toutes les peintures acryliques \u00e0 viscosit\u00e9s moyennes\/fluides.<\/p>\n","protected":false},"excerpt":{"rendered":"<p>Un pinceau durable \u00e0 manche long avec un t\u00eate ronde et pointue pour une application pr\u00e9cise. Id\u00e9al pour les travaux de pr\u00e9cision, ce pinceau en nylon durable retient de bonnes charges de couleur et convient parfaitement aux peintures Basics et \u00e0 toutes les peintures acryliques \u00e0 viscosit\u00e9s moyennes\/fluides.<br \/>\n <span class=\"more_dots\">&#8230;<\/span><\/p>\n<p><a class=\"btn btn-secondary understrap-read-more-link\" href=\"https:\/\/trade.colart.com\/fr\/product\/liquitex-basics-brosse-ronde-no12\/\">Read More&#8230;<span class=\"screen-reader-text\"> from Liquitex Basics Brosse Ronde No12<\/span><\/a><\/p>\n","protected":false},"featured_media":11300,"comment_status":"closed","ping_status":"closed","template":"","meta":{"_acf_changed":false},"product_brand":[],"product_cat":[1035],"product_tag":[],"class_list":{"0":"post-5246","1":"product","2":"type-product","3":"status-publish","4":"has-post-thumbnail","6":"product_cat-liquitex-produit-gamme-acrylique-basics-pinceaux-basics","8":"first","9":"instock","10":"shipping-taxable","11":"purchasable","12":"product-type-simple"},"acf":[],"_links":{"self":[{"href":"https:\/\/trade.colart.com\/fr\/wp-json\/wp\/v2\/product\/5246","targetHints":{"allow":["GET"]}}],"collection":[{"href":"https:\/\/trade.colart.com\/fr\/wp-json\/wp\/v2\/product"}],"about":[{"href":"https:\/\/trade.colart.com\/fr\/wp-json\/wp\/v2\/types\/product"}],"replies":[{"embeddable":true,"href":"https:\/\/trade.colart.com\/fr\/wp-json\/wp\/v2\/comments?post=5246"}],"wp:featuredmedia":[{"embeddable":true,"href":"https:\/\/trade.colart.com\/fr\/wp-json\/wp\/v2\/media\/11300"}],"wp:attachment":[{"href":"https:\/\/trade.colart.com\/fr\/wp-json\/wp\/v2\/media?parent=5246"}],"wp:term":[{"taxonomy":"product_brand","embeddable":true,"href":"https:\/\/trade.colart.com\/fr\/wp-json\/wp\/v2\/product_brand?post=5246"},{"taxonomy":"product_cat","embeddable":true,"href":"https:\/\/trade.colart.com\/fr\/wp-json\/wp\/v2\/product_cat?post=5246"},{"taxonomy":"product_tag","embeddable":true,"href":"https:\/\/trade.colart.com\/fr\/wp-json\/wp\/v2\/product_tag?post=5246"}],"curies":[{"name":"wp","href":"https:\/\/api.w.org\/{rel}","templated":true}]}}