{"id":52463,"date":"2026-03-12T23:03:20","date_gmt":"2026-03-12T23:03:20","guid":{"rendered":"https:\/\/trade.colart.com\/fr\/product\/winsor-newton-set-huile-artisan-37mlx10-huile-lin-75-ml-2-pinceaux-2\/"},"modified":"2026-04-01T17:04:11","modified_gmt":"2026-04-01T17:04:11","slug":"winsor-newton-set-huile-artisan-37mlx10-huile-lin-75-ml-2-pinceaux","status":"publish","type":"product","link":"https:\/\/trade.colart.com\/fr\/product\/winsor-newton-set-huile-artisan-37mlx10-huile-lin-75-ml-2-pinceaux\/","title":{"rendered":"Winsor &amp; Newton Set Huile Artisan 37mlx10 + Huile Lin 75 ml + 2 Pinceaux"},"content":{"rendered":"<p>Ce set de peinture joliment emball\u00e9 est un cadeau id\u00e9al pour les d\u00e9butants. Il contient : 1 flacon de 75 ml d&#8217;huile de lin diluable \u00e0 l&#8217;eau Artisan, 2 pinceaux en soie de porc, et 10 tubes de 37 ml de couleur \u00e0 l&#8217;huile hydrosoluble Artisan, incluant les teintes suivantes : Jaune Citron, Nuance de Jaune de Cadmium, Nuance de Rouge de Cadmium Fonc\u00e9, Alizarine Cramoisie Permanent, Nuance de Bleu C\u00e9rul\u00e9um, Outremer Fran\u00e7ais, Vert Phtalo (Nuance Bleue), Ocre Jaune, Terre d&#8217;Ombre Br\u00fbl\u00e9e, Blanc de Titane. Le contenu peut varier.<\/p>\n","protected":false},"excerpt":{"rendered":"<p>Ce set de peinture joliment emball\u00e9 est un cadeau id\u00e9al pour les d\u00e9butants. Il contient : 1 flacon de 75 ml d&#8217;huile de lin diluable \u00e0 l&#8217;eau Artisan, 2 pinceaux en soie de porc, et 10 tubes de 37 ml de couleur \u00e0 l&#8217;huile hydrosoluble Artisan, incluant les teintes suivantes : Jaune Citron, Nuance de Jaune de Cadmium, Nuance de Rouge de Cadmium Fonc\u00e9, Alizarine Cramoisie Permanent, Nuance de Bleu C\u00e9rul\u00e9um, Outremer Fran\u00e7ais, Vert Phtalo (Nuance Bleue), Ocre Jaune, Terre d&#8217;Ombre Br\u00fbl\u00e9e, Blanc de Titane. Le contenu peut varier. <span class=\"more_dots\">&#8230;<\/span><\/p>\n<p><a class=\"btn btn-secondary understrap-read-more-link\" href=\"https:\/\/trade.colart.com\/fr\/product\/winsor-newton-set-huile-artisan-37mlx10-huile-lin-75-ml-2-pinceaux\/\">Read More&#8230;<span class=\"screen-reader-text\"> from Winsor &amp; Newton Set Huile Artisan 37mlx10 + Huile Lin 75 ml + 2 Pinceaux<\/span><\/a><\/p>\n","protected":false},"featured_media":3583,"comment_status":"closed","ping_status":"closed","template":"","meta":{"_acf_changed":false},"product_brand":[],"product_cat":[271,314],"product_tag":[],"class_list":{"0":"post-52463","1":"product","2":"type-product","3":"status-publish","4":"has-post-thumbnail","6":"product_cat-winsor-newton-couleurs-couleur-a-lhuile-couleurs-huile-hydrosoluble-artisan-sets-huile-hydrosoluble-artisan","7":"product_cat-winsor-newton-coffrets-sets-huile-extra-fine-artists","9":"first","10":"outofstock","11":"shipping-taxable","12":"purchasable","13":"product-type-simple"},"acf":[],"_links":{"self":[{"href":"https:\/\/trade.colart.com\/fr\/wp-json\/wp\/v2\/product\/52463","targetHints":{"allow":["GET"]}}],"collection":[{"href":"https:\/\/trade.colart.com\/fr\/wp-json\/wp\/v2\/product"}],"about":[{"href":"https:\/\/trade.colart.com\/fr\/wp-json\/wp\/v2\/types\/product"}],"replies":[{"embeddable":true,"href":"https:\/\/trade.colart.com\/fr\/wp-json\/wp\/v2\/comments?post=52463"}],"wp:featuredmedia":[{"embeddable":true,"href":"https:\/\/trade.colart.com\/fr\/wp-json\/wp\/v2\/media\/3583"}],"wp:attachment":[{"href":"https:\/\/trade.colart.com\/fr\/wp-json\/wp\/v2\/media?parent=52463"}],"wp:term":[{"taxonomy":"product_brand","embeddable":true,"href":"https:\/\/trade.colart.com\/fr\/wp-json\/wp\/v2\/product_brand?post=52463"},{"taxonomy":"product_cat","embeddable":true,"href":"https:\/\/trade.colart.com\/fr\/wp-json\/wp\/v2\/product_cat?post=52463"},{"taxonomy":"product_tag","embeddable":true,"href":"https:\/\/trade.colart.com\/fr\/wp-json\/wp\/v2\/product_tag?post=52463"}],"curies":[{"name":"wp","href":"https:\/\/api.w.org\/{rel}","templated":true}]}}