{"id":52465,"date":"2026-03-12T23:03:30","date_gmt":"2026-03-12T23:03:30","guid":{"rendered":"https:\/\/trade.colart.com\/fr\/product\/winsor-newton-set-huile-artisan-10-tubes-21ml-2\/"},"modified":"2026-04-10T10:26:51","modified_gmt":"2026-04-10T10:26:51","slug":"winsor-newton-set-huile-artisan-10-tubes-21ml","status":"publish","type":"product","link":"https:\/\/trade.colart.com\/fr\/product\/winsor-newton-set-huile-artisan-10-tubes-21ml\/","title":{"rendered":"Winsor &amp; Newton Set Huile Artisan 10 Tubes 21ml"},"content":{"rendered":"<p>Ce set contient une gamme compl\u00e8te de couleurs en tubes de 21 ml. Il inclut : Jaune Citron, Nuance de Jaune de Cadmium P\u00e2le, Nuance de Rouge de Cadmium, Alizarine Cramoisie Permanent, Nuance de Bleu C\u00e9rul\u00e9um, Outremer Fran\u00e7ais, Vert Phtalo (Nuance Bleue), Ocre Jaune, Terre d&#8217;Ombre Br\u00fbl\u00e9e, Blanc de Titane. Le contenu peut varier.<\/p>\n","protected":false},"excerpt":{"rendered":"<p>Ce set contient une gamme compl\u00e8te de couleurs en tubes de 21 ml. Il inclut : Jaune Citron, Nuance de Jaune de Cadmium P\u00e2le, Nuance de Rouge de Cadmium, Alizarine Cramoisie Permanent, Nuance de Bleu C\u00e9rul\u00e9um, Outremer Fran\u00e7ais, Vert Phtalo (Nuance Bleue), Ocre Jaune, Terre d&#8217;Ombre Br\u00fbl\u00e9e, Blanc de Titane. Le contenu peut varier. <span class=\"more_dots\">&#8230;<\/span><\/p>\n<p><a class=\"btn btn-secondary understrap-read-more-link\" href=\"https:\/\/trade.colart.com\/fr\/product\/winsor-newton-set-huile-artisan-10-tubes-21ml\/\">Read More&#8230;<span class=\"screen-reader-text\"> from Winsor &amp; Newton Set Huile Artisan 10 Tubes 21ml<\/span><\/a><\/p>\n","protected":false},"featured_media":72,"comment_status":"closed","ping_status":"closed","template":"","meta":{"_acf_changed":false},"product_brand":[],"product_cat":[271,270],"product_tag":[],"class_list":{"0":"post-52465","1":"product","2":"type-product","3":"status-publish","4":"has-post-thumbnail","6":"product_cat-winsor-newton-couleurs-couleur-a-lhuile-couleurs-huile-hydrosoluble-artisan-sets-huile-hydrosoluble-artisan","7":"product_cat-winsor-newton-coffrets-sets-huile-hydrosoluble-artisan","9":"first","10":"instock","11":"shipping-taxable","12":"purchasable","13":"product-type-simple"},"acf":[],"_links":{"self":[{"href":"https:\/\/trade.colart.com\/fr\/wp-json\/wp\/v2\/product\/52465","targetHints":{"allow":["GET"]}}],"collection":[{"href":"https:\/\/trade.colart.com\/fr\/wp-json\/wp\/v2\/product"}],"about":[{"href":"https:\/\/trade.colart.com\/fr\/wp-json\/wp\/v2\/types\/product"}],"replies":[{"embeddable":true,"href":"https:\/\/trade.colart.com\/fr\/wp-json\/wp\/v2\/comments?post=52465"}],"wp:featuredmedia":[{"embeddable":true,"href":"https:\/\/trade.colart.com\/fr\/wp-json\/wp\/v2\/media\/72"}],"wp:attachment":[{"href":"https:\/\/trade.colart.com\/fr\/wp-json\/wp\/v2\/media?parent=52465"}],"wp:term":[{"taxonomy":"product_brand","embeddable":true,"href":"https:\/\/trade.colart.com\/fr\/wp-json\/wp\/v2\/product_brand?post=52465"},{"taxonomy":"product_cat","embeddable":true,"href":"https:\/\/trade.colart.com\/fr\/wp-json\/wp\/v2\/product_cat?post=52465"},{"taxonomy":"product_tag","embeddable":true,"href":"https:\/\/trade.colart.com\/fr\/wp-json\/wp\/v2\/product_tag?post=52465"}],"curies":[{"name":"wp","href":"https:\/\/api.w.org\/{rel}","templated":true}]}}