{"id":52467,"date":"2026-03-12T22:57:32","date_gmt":"2026-03-12T22:57:32","guid":{"rendered":"https:\/\/trade.colart.com\/fr\/product\/winsor-newton-huile-winton-set-21mlx10-tubes-2\/"},"modified":"2026-04-15T13:16:32","modified_gmt":"2026-04-15T13:16:32","slug":"winsor-newton-huile-winton-set-21mlx10-tubes","status":"publish","type":"product","link":"https:\/\/trade.colart.com\/fr\/product\/winsor-newton-huile-winton-set-21mlx10-tubes\/","title":{"rendered":"Winsor &amp; Newton Huile Winton Set 21mlx10 Tubes"},"content":{"rendered":"<p>Ce set contient une gamme compl\u00e8te de couleurs en tubes de 21 ml. Il inclut : Nuance de Jaune de Cadmium P\u00e2le, Nuance de Rouge de Cadmium Fonc\u00e9, Outremer Fran\u00e7ais, Bleu de Phtalo, Vert Permanent Clair, Nuance de Vert de Guignet, Ocre Jaune, Terre de Sienne Br\u00fbl\u00e9e, Noir d&#8217;Ivoire, Blanc de Titane. Le contenu peut varier.<\/p>\n","protected":false},"excerpt":{"rendered":"<p>Ce set contient une gamme compl\u00e8te de couleurs en tubes de 21 ml. Il inclut : Nuance de Jaune de Cadmium P\u00e2le, Nuance de Rouge de Cadmium Fonc\u00e9, Outremer Fran\u00e7ais, Bleu de Phtalo, Vert Permanent Clair, Nuance de Vert de Guignet, Ocre Jaune, Terre de Sienne Br\u00fbl\u00e9e, Noir d&#8217;Ivoire, Blanc de Titane. Le contenu peut varier. <span class=\"more_dots\">&#8230;<\/span><\/p>\n<p><a class=\"btn btn-secondary understrap-read-more-link\" href=\"https:\/\/trade.colart.com\/fr\/product\/winsor-newton-huile-winton-set-21mlx10-tubes\/\">Read More&#8230;<span class=\"screen-reader-text\"> from Winsor &amp; Newton Huile Winton Set 21mlx10 Tubes<\/span><\/a><\/p>\n","protected":false},"featured_media":3531,"comment_status":"closed","ping_status":"closed","template":"","meta":{"_acf_changed":false},"product_brand":[],"product_cat":[276,274],"product_tag":[],"class_list":{"0":"post-52467","1":"product","2":"type-product","3":"status-publish","4":"has-post-thumbnail","6":"product_cat-winsor-newton-couleurs-couleur-a-lhuile-couleurs-huile-fine-winton-sets-huile-fine-winton","7":"product_cat-winsor-newton-coffrets-sets-huile-fine-winton","9":"first","10":"instock","11":"shipping-taxable","12":"purchasable","13":"product-type-simple"},"acf":[],"_links":{"self":[{"href":"https:\/\/trade.colart.com\/fr\/wp-json\/wp\/v2\/product\/52467","targetHints":{"allow":["GET"]}}],"collection":[{"href":"https:\/\/trade.colart.com\/fr\/wp-json\/wp\/v2\/product"}],"about":[{"href":"https:\/\/trade.colart.com\/fr\/wp-json\/wp\/v2\/types\/product"}],"replies":[{"embeddable":true,"href":"https:\/\/trade.colart.com\/fr\/wp-json\/wp\/v2\/comments?post=52467"}],"wp:featuredmedia":[{"embeddable":true,"href":"https:\/\/trade.colart.com\/fr\/wp-json\/wp\/v2\/media\/3531"}],"wp:attachment":[{"href":"https:\/\/trade.colart.com\/fr\/wp-json\/wp\/v2\/media?parent=52467"}],"wp:term":[{"taxonomy":"product_brand","embeddable":true,"href":"https:\/\/trade.colart.com\/fr\/wp-json\/wp\/v2\/product_brand?post=52467"},{"taxonomy":"product_cat","embeddable":true,"href":"https:\/\/trade.colart.com\/fr\/wp-json\/wp\/v2\/product_cat?post=52467"},{"taxonomy":"product_tag","embeddable":true,"href":"https:\/\/trade.colart.com\/fr\/wp-json\/wp\/v2\/product_tag?post=52467"}],"curies":[{"name":"wp","href":"https:\/\/api.w.org\/{rel}","templated":true}]}}