{"id":5247,"date":"2026-03-12T07:49:49","date_gmt":"2026-03-12T07:49:49","guid":{"rendered":"https:\/\/trade.colart.com\/fr\/product\/liquitex-basics-brosse-plat-court-no1\/"},"modified":"2026-04-17T07:51:18","modified_gmt":"2026-04-17T07:51:18","slug":"liquitex-basics-brosse-plat-court-no1","status":"publish","type":"product","link":"https:\/\/trade.colart.com\/fr\/product\/liquitex-basics-brosse-plat-court-no1\/","title":{"rendered":"Liquitex Basics Brosse Plat Court No1"},"content":{"rendered":"<p>Un pinceau durable \u00e0 manche long, avec une t\u00eate courte et plate et une pointe l\u00e9g\u00e8rement profil\u00e9e. Id\u00e9al pour des traits rapides et contr\u00f4l\u00e9s, ce pinceau en nylon durable retient de bonnes charges de couleur et est id\u00e9al pour les peintures Basics et toutes les peintures acryliques \u00e0 viscosit\u00e9s moyennes\/fluides.<\/p>\n","protected":false},"excerpt":{"rendered":"<p>Un pinceau durable \u00e0 manche long, avec une t\u00eate courte et plate et une pointe l\u00e9g\u00e8rement profil\u00e9e. Id\u00e9al pour des traits rapides et contr\u00f4l\u00e9s, ce pinceau en nylon durable retient de bonnes charges de couleur et est id\u00e9al pour les peintures Basics et toutes les peintures acryliques \u00e0 viscosit\u00e9s moyennes\/fluides. <span class=\"more_dots\">&#8230;<\/span><\/p>\n<p><a class=\"btn btn-secondary understrap-read-more-link\" href=\"https:\/\/trade.colart.com\/fr\/product\/liquitex-basics-brosse-plat-court-no1\/\">Read More&#8230;<span class=\"screen-reader-text\"> from Liquitex Basics Brosse Plat Court No1<\/span><\/a><\/p>\n","protected":false},"featured_media":11301,"comment_status":"closed","ping_status":"closed","template":"","meta":{"_acf_changed":false},"product_brand":[],"product_cat":[1035],"product_tag":[],"class_list":{"0":"post-5247","1":"product","2":"type-product","3":"status-publish","4":"has-post-thumbnail","6":"product_cat-liquitex-produit-gamme-acrylique-basics-pinceaux-basics","8":"first","9":"instock","10":"shipping-taxable","11":"purchasable","12":"product-type-simple"},"acf":[],"_links":{"self":[{"href":"https:\/\/trade.colart.com\/fr\/wp-json\/wp\/v2\/product\/5247","targetHints":{"allow":["GET"]}}],"collection":[{"href":"https:\/\/trade.colart.com\/fr\/wp-json\/wp\/v2\/product"}],"about":[{"href":"https:\/\/trade.colart.com\/fr\/wp-json\/wp\/v2\/types\/product"}],"replies":[{"embeddable":true,"href":"https:\/\/trade.colart.com\/fr\/wp-json\/wp\/v2\/comments?post=5247"}],"wp:featuredmedia":[{"embeddable":true,"href":"https:\/\/trade.colart.com\/fr\/wp-json\/wp\/v2\/media\/11301"}],"wp:attachment":[{"href":"https:\/\/trade.colart.com\/fr\/wp-json\/wp\/v2\/media?parent=5247"}],"wp:term":[{"taxonomy":"product_brand","embeddable":true,"href":"https:\/\/trade.colart.com\/fr\/wp-json\/wp\/v2\/product_brand?post=5247"},{"taxonomy":"product_cat","embeddable":true,"href":"https:\/\/trade.colart.com\/fr\/wp-json\/wp\/v2\/product_cat?post=5247"},{"taxonomy":"product_tag","embeddable":true,"href":"https:\/\/trade.colart.com\/fr\/wp-json\/wp\/v2\/product_tag?post=5247"}],"curies":[{"name":"wp","href":"https:\/\/api.w.org\/{rel}","templated":true}]}}