{"id":52588,"date":"2025-02-13T16:44:00","date_gmt":"2025-02-13T16:44:00","guid":{"rendered":"https:\/\/trade.colart.com\/fr\/product\/lefranc-bourgeois-enfants-gouache-pailletee\/"},"modified":"2026-04-16T10:10:35","modified_gmt":"2026-04-16T10:10:35","slug":"lefranc-bourgeois-enfants-gouache-pailletee","status":"publish","type":"product","link":"https:\/\/trade.colart.com\/fr\/product\/lefranc-bourgeois-enfants-gouache-pailletee\/","title":{"rendered":"Gouache Paillet\u00e9e"},"content":{"rendered":"<p>Les graines d&#8217;artistes peuvent laisser libre court \u00e0 leur imagination avec la texture si particuli\u00e8re de la peinture \u00e0 paillettes et des gel paillet\u00e9s ! Pr\u00eats \u00e0 l&#8217;emploi, adapt\u00e9 \u00e0 l&#8217;usage des jeunes enfants et multi supports.<\/p>\n","protected":false},"excerpt":{"rendered":"<p>Les graines d\u2019artistes peuvent laisser libre court \u00e0 leur imagination avec la texture si particuli\u00e8re de la peinture \u00e0 paillettes et des gel paillet\u00e9s ! Pr\u00eats \u00e0 l\u2019emploi, adapt\u00e9 \u00e0 l\u2019usage des jeunes enfants et multi supports. <span class=\"more_dots\">&#8230;<\/span><\/p>\n<p><a class=\"btn btn-secondary understrap-read-more-link\" href=\"https:\/\/trade.colart.com\/fr\/product\/lefranc-bourgeois-enfants-gouache-pailletee\/\">Read More&#8230;<span class=\"screen-reader-text\"> from Gouache Paillet\u00e9e<\/span><\/a><\/p>\n","protected":false},"featured_media":13233,"comment_status":"closed","ping_status":"closed","template":"","meta":{"_acf_changed":false},"product_brand":[],"product_cat":[2767],"product_tag":[],"class_list":{"0":"post-52588","1":"product","2":"type-product","3":"status-publish","4":"has-post-thumbnail","6":"product_cat-lefranc-bourgeois-enfants-4-ans-eveil-artistique-couleurs-pailletees","8":"first","9":"instock","10":"shipping-taxable","11":"purchasable","12":"product-type-variable"},"acf":[],"_links":{"self":[{"href":"https:\/\/trade.colart.com\/fr\/wp-json\/wp\/v2\/product\/52588","targetHints":{"allow":["GET"]}}],"collection":[{"href":"https:\/\/trade.colart.com\/fr\/wp-json\/wp\/v2\/product"}],"about":[{"href":"https:\/\/trade.colart.com\/fr\/wp-json\/wp\/v2\/types\/product"}],"replies":[{"embeddable":true,"href":"https:\/\/trade.colart.com\/fr\/wp-json\/wp\/v2\/comments?post=52588"}],"wp:featuredmedia":[{"embeddable":true,"href":"https:\/\/trade.colart.com\/fr\/wp-json\/wp\/v2\/media\/13233"}],"wp:attachment":[{"href":"https:\/\/trade.colart.com\/fr\/wp-json\/wp\/v2\/media?parent=52588"}],"wp:term":[{"taxonomy":"product_brand","embeddable":true,"href":"https:\/\/trade.colart.com\/fr\/wp-json\/wp\/v2\/product_brand?post=52588"},{"taxonomy":"product_cat","embeddable":true,"href":"https:\/\/trade.colart.com\/fr\/wp-json\/wp\/v2\/product_cat?post=52588"},{"taxonomy":"product_tag","embeddable":true,"href":"https:\/\/trade.colart.com\/fr\/wp-json\/wp\/v2\/product_tag?post=52588"}],"curies":[{"name":"wp","href":"https:\/\/api.w.org\/{rel}","templated":true}]}}