{"id":52591,"date":"2025-02-13T16:10:28","date_gmt":"2025-02-13T16:10:28","guid":{"rendered":"https:\/\/trade.colart.com\/fr\/product\/lefranc-bourgeois-enfants-acrylique\/"},"modified":"2025-02-13T16:10:30","modified_gmt":"2025-02-13T16:10:30","slug":"lefranc-bourgeois-enfants-acrylique","status":"publish","type":"product","link":"https:\/\/trade.colart.com\/fr\/product\/lefranc-bourgeois-enfants-acrylique\/","title":{"rendered":"Acrylique"},"content":{"rendered":"<p>Notre peinture acrylique pour enfants est une peinture \u00e0 base d&#8217;eau, non nocive et tr\u00e8s couvrante. Elle peut \u00eatre appliqu\u00e9e sur quasiment toutes les surfaces, du papier aux mod\u00e8les en argile.<\/p>\n","protected":false},"excerpt":{"rendered":"<p>Notre peinture acrylique pour enfants est une peinture \u00e0 base d&#8217;eau, non nocive et tr\u00e8s couvrante. Elle peut \u00eatre appliqu\u00e9e sur quasiment toutes les surfaces, du papier aux mod\u00e8les en argile. <span class=\"more_dots\">&#8230;<\/span><\/p>\n<p><a class=\"btn btn-secondary understrap-read-more-link\" href=\"https:\/\/trade.colart.com\/fr\/product\/lefranc-bourgeois-enfants-acrylique\/\">Read More&#8230;<span class=\"screen-reader-text\"> from Acrylique<\/span><\/a><\/p>\n","protected":false},"featured_media":52255,"comment_status":"closed","ping_status":"closed","template":"","meta":{"_acf_changed":false},"product_brand":[],"product_cat":[2791],"product_tag":[],"class_list":{"0":"post-52591","1":"product","2":"type-product","3":"status-publish","4":"has-post-thumbnail","6":"product_cat-lefranc-bourgeois-enfants-10-ans-education-artistique-acrylique-essentiels","7":"no-variations-price","8":"d-none","10":"first","11":"instock","12":"shipping-taxable","13":"purchasable","14":"product-type-variable"},"acf":[],"_links":{"self":[{"href":"https:\/\/trade.colart.com\/fr\/wp-json\/wp\/v2\/product\/52591","targetHints":{"allow":["GET"]}}],"collection":[{"href":"https:\/\/trade.colart.com\/fr\/wp-json\/wp\/v2\/product"}],"about":[{"href":"https:\/\/trade.colart.com\/fr\/wp-json\/wp\/v2\/types\/product"}],"replies":[{"embeddable":true,"href":"https:\/\/trade.colart.com\/fr\/wp-json\/wp\/v2\/comments?post=52591"}],"wp:featuredmedia":[{"embeddable":true,"href":"https:\/\/trade.colart.com\/fr\/wp-json\/wp\/v2\/media\/52255"}],"wp:attachment":[{"href":"https:\/\/trade.colart.com\/fr\/wp-json\/wp\/v2\/media?parent=52591"}],"wp:term":[{"taxonomy":"product_brand","embeddable":true,"href":"https:\/\/trade.colart.com\/fr\/wp-json\/wp\/v2\/product_brand?post=52591"},{"taxonomy":"product_cat","embeddable":true,"href":"https:\/\/trade.colart.com\/fr\/wp-json\/wp\/v2\/product_cat?post=52591"},{"taxonomy":"product_tag","embeddable":true,"href":"https:\/\/trade.colart.com\/fr\/wp-json\/wp\/v2\/product_tag?post=52591"}],"curies":[{"name":"wp","href":"https:\/\/api.w.org\/{rel}","templated":true}]}}