{"id":5260,"date":"2026-03-12T07:51:51","date_gmt":"2026-03-12T07:51:51","guid":{"rendered":"https:\/\/trade.colart.com\/fr\/product\/liquitex-basics-brosse-plat-no5\/"},"modified":"2026-04-10T14:49:17","modified_gmt":"2026-04-10T14:49:17","slug":"liquitex-basics-brosse-plat-no5","status":"publish","type":"product","link":"https:\/\/trade.colart.com\/fr\/product\/liquitex-basics-brosse-plat-no5\/","title":{"rendered":"Liquitex Basics Brosse Plat No5"},"content":{"rendered":"<p>Un pinceau durable \u00e0 manche long avec une t\u00eate rectangulaire \u00e0 bouts carr\u00e9s pour des coups de pinceau audacieux et des lignes biseaut\u00e9es. Id\u00e9al pour les bords droits, ce pinceau en nylon durable retient de bonnes charges de couleur et est id\u00e9al pour les peintures Basics et toutes les acryliques \u00e0 viscosit\u00e9s moyennes\/fluides.<\/p>\n","protected":false},"excerpt":{"rendered":"<p>Un pinceau durable \u00e0 manche long avec une t\u00eate rectangulaire \u00e0 bouts carr\u00e9s pour des coups de pinceau audacieux et des lignes biseaut\u00e9es. Id\u00e9al pour les bords droits, ce pinceau en nylon durable retient de bonnes charges de couleur et est id\u00e9al pour les peintures Basics et toutes les acryliques \u00e0 viscosit\u00e9s moyennes\/fluides. <span class=\"more_dots\">&#8230;<\/span><\/p>\n<p><a class=\"btn btn-secondary understrap-read-more-link\" href=\"https:\/\/trade.colart.com\/fr\/product\/liquitex-basics-brosse-plat-no5\/\">Read More&#8230;<span class=\"screen-reader-text\"> from Liquitex Basics Brosse Plat No5<\/span><\/a><\/p>\n","protected":false},"featured_media":11315,"comment_status":"closed","ping_status":"closed","template":"","meta":{"_acf_changed":false},"product_brand":[],"product_cat":[1035],"product_tag":[],"class_list":{"0":"post-5260","1":"product","2":"type-product","3":"status-publish","4":"has-post-thumbnail","6":"product_cat-liquitex-produit-gamme-acrylique-basics-pinceaux-basics","8":"first","9":"instock","10":"shipping-taxable","11":"purchasable","12":"product-type-simple"},"acf":[],"_links":{"self":[{"href":"https:\/\/trade.colart.com\/fr\/wp-json\/wp\/v2\/product\/5260","targetHints":{"allow":["GET"]}}],"collection":[{"href":"https:\/\/trade.colart.com\/fr\/wp-json\/wp\/v2\/product"}],"about":[{"href":"https:\/\/trade.colart.com\/fr\/wp-json\/wp\/v2\/types\/product"}],"replies":[{"embeddable":true,"href":"https:\/\/trade.colart.com\/fr\/wp-json\/wp\/v2\/comments?post=5260"}],"wp:featuredmedia":[{"embeddable":true,"href":"https:\/\/trade.colart.com\/fr\/wp-json\/wp\/v2\/media\/11315"}],"wp:attachment":[{"href":"https:\/\/trade.colart.com\/fr\/wp-json\/wp\/v2\/media?parent=5260"}],"wp:term":[{"taxonomy":"product_brand","embeddable":true,"href":"https:\/\/trade.colart.com\/fr\/wp-json\/wp\/v2\/product_brand?post=5260"},{"taxonomy":"product_cat","embeddable":true,"href":"https:\/\/trade.colart.com\/fr\/wp-json\/wp\/v2\/product_cat?post=5260"},{"taxonomy":"product_tag","embeddable":true,"href":"https:\/\/trade.colart.com\/fr\/wp-json\/wp\/v2\/product_tag?post=5260"}],"curies":[{"name":"wp","href":"https:\/\/api.w.org\/{rel}","templated":true}]}}