{"id":5267,"date":"2026-03-12T07:55:36","date_gmt":"2026-03-12T07:55:36","guid":{"rendered":"https:\/\/trade.colart.com\/fr\/product\/liquitex-basics-brosse-amande-no3\/"},"modified":"2026-04-17T07:55:13","modified_gmt":"2026-04-17T07:55:13","slug":"liquitex-basics-brosse-amande-no3","status":"publish","type":"product","link":"https:\/\/trade.colart.com\/fr\/product\/liquitex-basics-brosse-amande-no3\/","title":{"rendered":"Liquitex Basics Brosse Amande No3"},"content":{"rendered":"<p>Un pinceau durable \u00e0 manche long avec une t\u00eate plate et ovale pour des traits larges avec une ar\u00eate douce. Parfaits pour les m\u00e9langes, les filaments en nylon ont le ressort et l&#8217;\u00e9lasticit\u00e9 id\u00e9aux pour les acryliques, tandis que le manche lest\u00e9 est con\u00e7u de mani\u00e8re ergonomique pour l&#8217;\u00e9quilibre et le confort.<\/p>\n","protected":false},"excerpt":{"rendered":"<p>Un pinceau durable \u00e0 manche long avec une t\u00eate plate et ovale pour des traits larges avec une ar\u00eate douce. Parfaits pour les m\u00e9langes, les filaments en nylon ont le ressort et l&#8217;\u00e9lasticit\u00e9 id\u00e9aux pour les acryliques, tandis que le manche lest\u00e9 est con\u00e7u de mani\u00e8re ergonomique pour l&#8217;\u00e9quilibre et le confort.<br \/>\n <span class=\"more_dots\">&#8230;<\/span><\/p>\n<p><a class=\"btn btn-secondary understrap-read-more-link\" href=\"https:\/\/trade.colart.com\/fr\/product\/liquitex-basics-brosse-amande-no3\/\">Read More&#8230;<span class=\"screen-reader-text\"> from Liquitex Basics Brosse Amande No3<\/span><\/a><\/p>\n","protected":false},"featured_media":11322,"comment_status":"closed","ping_status":"closed","template":"","meta":{"_acf_changed":false},"product_brand":[],"product_cat":[1035],"product_tag":[],"class_list":{"0":"post-5267","1":"product","2":"type-product","3":"status-publish","4":"has-post-thumbnail","6":"product_cat-liquitex-produit-gamme-acrylique-basics-pinceaux-basics","8":"first","9":"instock","10":"shipping-taxable","11":"purchasable","12":"product-type-simple"},"acf":[],"_links":{"self":[{"href":"https:\/\/trade.colart.com\/fr\/wp-json\/wp\/v2\/product\/5267","targetHints":{"allow":["GET"]}}],"collection":[{"href":"https:\/\/trade.colart.com\/fr\/wp-json\/wp\/v2\/product"}],"about":[{"href":"https:\/\/trade.colart.com\/fr\/wp-json\/wp\/v2\/types\/product"}],"replies":[{"embeddable":true,"href":"https:\/\/trade.colart.com\/fr\/wp-json\/wp\/v2\/comments?post=5267"}],"wp:featuredmedia":[{"embeddable":true,"href":"https:\/\/trade.colart.com\/fr\/wp-json\/wp\/v2\/media\/11322"}],"wp:attachment":[{"href":"https:\/\/trade.colart.com\/fr\/wp-json\/wp\/v2\/media?parent=5267"}],"wp:term":[{"taxonomy":"product_brand","embeddable":true,"href":"https:\/\/trade.colart.com\/fr\/wp-json\/wp\/v2\/product_brand?post=5267"},{"taxonomy":"product_cat","embeddable":true,"href":"https:\/\/trade.colart.com\/fr\/wp-json\/wp\/v2\/product_cat?post=5267"},{"taxonomy":"product_tag","embeddable":true,"href":"https:\/\/trade.colart.com\/fr\/wp-json\/wp\/v2\/product_tag?post=5267"}],"curies":[{"name":"wp","href":"https:\/\/api.w.org\/{rel}","templated":true}]}}