{"id":52677,"date":"2025-02-20T14:59:07","date_gmt":"2025-02-20T14:59:07","guid":{"rendered":"https:\/\/trade.colart.com\/fr\/product\/lefranc-bourgeois-bloc-de-papier-etude-aquarelle\/"},"modified":"2025-02-25T14:05:09","modified_gmt":"2025-02-25T14:05:09","slug":"lefranc-bourgeois-bloc-de-papier-etude-aquarelle","status":"publish","type":"product","link":"https:\/\/trade.colart.com\/fr\/product\/lefranc-bourgeois-bloc-de-papier-etude-aquarelle\/","title":{"rendered":"Bloc de Papier Etude Aquarelle"},"content":{"rendered":"<p>Notre gamme de papier est moulue afin d&#8217;offrir la meilleure qualit\u00e9 possible pour vos supports. Cr\u00e9ez davantage avec nos deux gammes de papier haute performance, telles que le papier acrylique, le papier calque, le papier noir et les papiers multi-techniques (pastels, aquarelle, etc.).<\/p>\n","protected":false},"excerpt":{"rendered":"<p>R\u00e9alisez des lavis et des d\u00e9grad\u00e9s plus d\u00e9licats sur un papier con\u00e7u pour l&#8217;aquarelle. Nos blocs de papier pour aquarelle Atelier sont press\u00e9s \u00e0 froid pour une meilleure absorption de l&#8217;humidit\u00e9. <\/p>\n<p>Chaque feuille a une surface naturellement blanche faite pour mettre en valeur les pigments des aquarelles et la matit\u00e9 des gouaches. Ce papier convient aussi \u00e0 l&#8217;acrylique. Disponible en set de 12 feuilles gomm\u00e9s, au format A5 &amp; A4 &#8211; 200g\/m2. <span class=\"more_dots\">&#8230;<\/span><\/p>\n<p><a class=\"btn btn-secondary understrap-read-more-link\" href=\"https:\/\/trade.colart.com\/fr\/product\/lefranc-bourgeois-bloc-de-papier-etude-aquarelle\/\">Read More&#8230;<span class=\"screen-reader-text\"> from Bloc de Papier Etude Aquarelle<\/span><\/a><\/p>\n","protected":false},"featured_media":17782,"comment_status":"closed","ping_status":"closed","template":"","meta":{"_acf_changed":false},"product_brand":[],"product_cat":[364],"product_tag":[],"class_list":{"0":"post-52677","1":"product","2":"type-product","3":"status-publish","4":"has-post-thumbnail","6":"product_cat-winsor-newton-coffrets-sets-pinceaux-foundation","7":"no-variations-price","8":"d-none","10":"first","11":"instock","12":"shipping-taxable","13":"purchasable","14":"product-type-variable"},"acf":[],"_links":{"self":[{"href":"https:\/\/trade.colart.com\/fr\/wp-json\/wp\/v2\/product\/52677","targetHints":{"allow":["GET"]}}],"collection":[{"href":"https:\/\/trade.colart.com\/fr\/wp-json\/wp\/v2\/product"}],"about":[{"href":"https:\/\/trade.colart.com\/fr\/wp-json\/wp\/v2\/types\/product"}],"replies":[{"embeddable":true,"href":"https:\/\/trade.colart.com\/fr\/wp-json\/wp\/v2\/comments?post=52677"}],"wp:featuredmedia":[{"embeddable":true,"href":"https:\/\/trade.colart.com\/fr\/wp-json\/wp\/v2\/media\/17782"}],"wp:attachment":[{"href":"https:\/\/trade.colart.com\/fr\/wp-json\/wp\/v2\/media?parent=52677"}],"wp:term":[{"taxonomy":"product_brand","embeddable":true,"href":"https:\/\/trade.colart.com\/fr\/wp-json\/wp\/v2\/product_brand?post=52677"},{"taxonomy":"product_cat","embeddable":true,"href":"https:\/\/trade.colart.com\/fr\/wp-json\/wp\/v2\/product_cat?post=52677"},{"taxonomy":"product_tag","embeddable":true,"href":"https:\/\/trade.colart.com\/fr\/wp-json\/wp\/v2\/product_tag?post=52677"}],"curies":[{"name":"wp","href":"https:\/\/api.w.org\/{rel}","templated":true}]}}