{"id":52678,"date":"2025-02-20T14:58:23","date_gmt":"2025-02-20T14:58:23","guid":{"rendered":"https:\/\/trade.colart.com\/fr\/product\/lefranc-bourgeois-bloc-de-papier-etude-a-dessin\/"},"modified":"2025-02-25T13:20:32","modified_gmt":"2025-02-25T13:20:32","slug":"lefranc-bourgeois-bloc-de-papier-etude-a-dessin","status":"publish","type":"product","link":"https:\/\/trade.colart.com\/fr\/product\/lefranc-bourgeois-bloc-de-papier-etude-a-dessin\/","title":{"rendered":"Bloc de Papier Etude \u00e0 Dessin"},"content":{"rendered":"<p>Notre gamme de papier est moulue afin d&#8217;offrir la meilleure qualit\u00e9 possible pour vos supports. Cr\u00e9ez davantage avec nos deux gammes de papier haute performance, telles que le papier acrylique, le papier calque, le papier noir et les papiers multi-techniques (pastels, aquarelle, etc.).<\/p>\n","protected":false},"excerpt":{"rendered":"<p>Dessinez des motifs complexes avec nos blocs de papier \u00e0 dessin Atelier. Con\u00e7u pour les dessins au crayon, \u00e0 la craie et au fusain, chaque feuille pr\u00e9sente une surface l\u00e9g\u00e8rement rugueuse, naturellement blanche, con\u00e7ue pour les supports secs. <\/p>\n<p>Adapt\u00e9 aux sprays fixateurs, ce papier est id\u00e9al pour les dessins complexes et les esquisses que vous souhaitez conserver. Disponible au format A5, A4 et A3, par bloc de 50 feuilles gomm\u00e9es et reli\u00e9es en spirale. Papier 150g\/m2. <span class=\"more_dots\">&#8230;<\/span><\/p>\n<p><a class=\"btn btn-secondary understrap-read-more-link\" href=\"https:\/\/trade.colart.com\/fr\/product\/lefranc-bourgeois-bloc-de-papier-etude-a-dessin\/\">Read More&#8230;<span class=\"screen-reader-text\"> from Bloc de Papier Etude \u00e0 Dessin<\/span><\/a><\/p>\n","protected":false},"featured_media":17747,"comment_status":"closed","ping_status":"closed","template":"","meta":{"_acf_changed":false},"product_brand":[],"product_cat":[364],"product_tag":[],"class_list":{"0":"post-52678","1":"product","2":"type-product","3":"status-publish","4":"has-post-thumbnail","6":"product_cat-winsor-newton-coffrets-sets-pinceaux-foundation","7":"no-variations-price","8":"d-none","10":"first","11":"instock","12":"shipping-taxable","13":"purchasable","14":"product-type-variable"},"acf":[],"_links":{"self":[{"href":"https:\/\/trade.colart.com\/fr\/wp-json\/wp\/v2\/product\/52678","targetHints":{"allow":["GET"]}}],"collection":[{"href":"https:\/\/trade.colart.com\/fr\/wp-json\/wp\/v2\/product"}],"about":[{"href":"https:\/\/trade.colart.com\/fr\/wp-json\/wp\/v2\/types\/product"}],"replies":[{"embeddable":true,"href":"https:\/\/trade.colart.com\/fr\/wp-json\/wp\/v2\/comments?post=52678"}],"wp:featuredmedia":[{"embeddable":true,"href":"https:\/\/trade.colart.com\/fr\/wp-json\/wp\/v2\/media\/17747"}],"wp:attachment":[{"href":"https:\/\/trade.colart.com\/fr\/wp-json\/wp\/v2\/media?parent=52678"}],"wp:term":[{"taxonomy":"product_brand","embeddable":true,"href":"https:\/\/trade.colart.com\/fr\/wp-json\/wp\/v2\/product_brand?post=52678"},{"taxonomy":"product_cat","embeddable":true,"href":"https:\/\/trade.colart.com\/fr\/wp-json\/wp\/v2\/product_cat?post=52678"},{"taxonomy":"product_tag","embeddable":true,"href":"https:\/\/trade.colart.com\/fr\/wp-json\/wp\/v2\/product_tag?post=52678"}],"curies":[{"name":"wp","href":"https:\/\/api.w.org\/{rel}","templated":true}]}}