{"id":52679,"date":"2025-01-23T21:13:16","date_gmt":"2025-01-23T21:13:16","guid":{"rendered":"https:\/\/trade.colart.com\/fr\/product\/lefranc-bourgeois-bloc-de-papier-etude-pour-pastel\/"},"modified":"2025-02-20T12:25:37","modified_gmt":"2025-02-20T12:25:37","slug":"lefranc-bourgeois-bloc-de-papier-etude-pour-pastel","status":"publish","type":"product","link":"https:\/\/trade.colart.com\/fr\/product\/lefranc-bourgeois-bloc-de-papier-etude-pour-pastel\/","title":{"rendered":"Bloc de Papier Etude pour Pastel"},"content":{"rendered":"<p>Notre gamme de papier est moulue afin d&#8217;offrir la meilleure qualit\u00e9 possible pour vos supports. Cr\u00e9ez davantage avec nos deux gammes de papier haute performance, telles que le papier acrylique, le papier calque, le papier noir et les papiers multi-techniques (pastels, aquarelle, etc.).<\/p>\n","protected":false},"excerpt":{"rendered":"<p>Superposez et m\u00e9langez les pastels sur un papier con\u00e7u pour les esquisses. Notre papier Pastel Atelier pr\u00e9sente une surface alv\u00e9ol\u00e9e en relief con\u00e7ue sp\u00e9cialement pour les pastels. Chaque feuille a une excellente absorption des couleurs et est id\u00e9ale pour la peinture en poudre.<\/p>\n<p>Il peut \u00eatre utilis\u00e9 avec des sprays fixateurs d&#8217;art, pour esquisser des dessins tr\u00e8s techniques. Disponible en set de 16 feuilles A4 et A3 160g\/m2 gomm\u00e9es (4x blanc, 3x rose clair, 3x vert soie et 3x gris argent\u00e9). <span class=\"more_dots\">&#8230;<\/span><\/p>\n<p><a class=\"btn btn-secondary understrap-read-more-link\" href=\"https:\/\/trade.colart.com\/fr\/product\/lefranc-bourgeois-bloc-de-papier-etude-pour-pastel\/\">Read More&#8230;<span class=\"screen-reader-text\"> from Bloc de Papier Etude pour Pastel<\/span><\/a><\/p>\n","protected":false},"featured_media":17769,"comment_status":"closed","ping_status":"closed","template":"","meta":{"_acf_changed":false},"product_brand":[],"product_cat":[364],"product_tag":[],"class_list":{"0":"post-52679","1":"product","2":"type-product","3":"status-publish","4":"has-post-thumbnail","6":"product_cat-winsor-newton-coffrets-sets-pinceaux-foundation","7":"no-variations-price","8":"d-none","10":"first","11":"instock","12":"shipping-taxable","13":"purchasable","14":"product-type-variable"},"acf":[],"_links":{"self":[{"href":"https:\/\/trade.colart.com\/fr\/wp-json\/wp\/v2\/product\/52679","targetHints":{"allow":["GET"]}}],"collection":[{"href":"https:\/\/trade.colart.com\/fr\/wp-json\/wp\/v2\/product"}],"about":[{"href":"https:\/\/trade.colart.com\/fr\/wp-json\/wp\/v2\/types\/product"}],"replies":[{"embeddable":true,"href":"https:\/\/trade.colart.com\/fr\/wp-json\/wp\/v2\/comments?post=52679"}],"wp:featuredmedia":[{"embeddable":true,"href":"https:\/\/trade.colart.com\/fr\/wp-json\/wp\/v2\/media\/17769"}],"wp:attachment":[{"href":"https:\/\/trade.colart.com\/fr\/wp-json\/wp\/v2\/media?parent=52679"}],"wp:term":[{"taxonomy":"product_brand","embeddable":true,"href":"https:\/\/trade.colart.com\/fr\/wp-json\/wp\/v2\/product_brand?post=52679"},{"taxonomy":"product_cat","embeddable":true,"href":"https:\/\/trade.colart.com\/fr\/wp-json\/wp\/v2\/product_cat?post=52679"},{"taxonomy":"product_tag","embeddable":true,"href":"https:\/\/trade.colart.com\/fr\/wp-json\/wp\/v2\/product_tag?post=52679"}],"curies":[{"name":"wp","href":"https:\/\/api.w.org\/{rel}","templated":true}]}}