{"id":52680,"date":"2025-02-20T14:58:44","date_gmt":"2025-02-20T14:58:44","guid":{"rendered":"https:\/\/trade.colart.com\/fr\/product\/lefranc-bourgeois-bloc-de-papier-etude-pour-acrylique\/"},"modified":"2025-02-25T11:04:40","modified_gmt":"2025-02-25T11:04:40","slug":"lefranc-bourgeois-bloc-de-papier-etude-pour-acrylique","status":"publish","type":"product","link":"https:\/\/trade.colart.com\/fr\/product\/lefranc-bourgeois-bloc-de-papier-etude-pour-acrylique\/","title":{"rendered":"Bloc de Papier Etude pour Acrylique"},"content":{"rendered":"<p>Notre gamme de papier est moulue afin d&#8217;offrir la meilleure qualit\u00e9 possible pour vos supports. Cr\u00e9ez davantage avec nos deux gammes de papier haute performance, telles que le papier acrylique, le papier calque, le papier noir et les papiers multi-techniques (pastels, aquarelle, etc.).<\/p>\n","protected":false},"excerpt":{"rendered":"<p>Nos feuilles de papier Acrylic Atelier ont la texture d&#8217;une toile tiss\u00e9e serr\u00e9e. Chaque feuille de ce papier haute performance a une surface blanche brillante, avec une base r\u00e9fl\u00e9chissante qui met en valeur les couleurs acryliques.<\/p>\n<p>100% sans acide, il est fabriqu\u00e9 avec soin pour assurer la consistance, la stabilit\u00e9 et la r\u00e9sistance dans le temps. Il convient \u00e0 l&#8217;huile et la gouache, apr\u00e8s application de deux couches de gesso. Disponible en bloc gomm\u00e9 de feuilles A4 et A3 &#8211; 15 x. 190g\/m\u00b2. <span class=\"more_dots\">&#8230;<\/span><\/p>\n<p><a class=\"btn btn-secondary understrap-read-more-link\" href=\"https:\/\/trade.colart.com\/fr\/product\/lefranc-bourgeois-bloc-de-papier-etude-pour-acrylique\/\">Read More&#8230;<span class=\"screen-reader-text\"> from Bloc de Papier Etude pour Acrylique<\/span><\/a><\/p>\n","protected":false},"featured_media":17817,"comment_status":"closed","ping_status":"closed","template":"","meta":{"_acf_changed":false},"product_brand":[],"product_cat":[364],"product_tag":[],"class_list":{"0":"post-52680","1":"product","2":"type-product","3":"status-publish","4":"has-post-thumbnail","6":"product_cat-winsor-newton-coffrets-sets-pinceaux-foundation","7":"no-variations-price","8":"d-none","10":"first","11":"instock","12":"shipping-taxable","13":"purchasable","14":"product-type-variable"},"acf":[],"_links":{"self":[{"href":"https:\/\/trade.colart.com\/fr\/wp-json\/wp\/v2\/product\/52680","targetHints":{"allow":["GET"]}}],"collection":[{"href":"https:\/\/trade.colart.com\/fr\/wp-json\/wp\/v2\/product"}],"about":[{"href":"https:\/\/trade.colart.com\/fr\/wp-json\/wp\/v2\/types\/product"}],"replies":[{"embeddable":true,"href":"https:\/\/trade.colart.com\/fr\/wp-json\/wp\/v2\/comments?post=52680"}],"wp:featuredmedia":[{"embeddable":true,"href":"https:\/\/trade.colart.com\/fr\/wp-json\/wp\/v2\/media\/17817"}],"wp:attachment":[{"href":"https:\/\/trade.colart.com\/fr\/wp-json\/wp\/v2\/media?parent=52680"}],"wp:term":[{"taxonomy":"product_brand","embeddable":true,"href":"https:\/\/trade.colart.com\/fr\/wp-json\/wp\/v2\/product_brand?post=52680"},{"taxonomy":"product_cat","embeddable":true,"href":"https:\/\/trade.colart.com\/fr\/wp-json\/wp\/v2\/product_cat?post=52680"},{"taxonomy":"product_tag","embeddable":true,"href":"https:\/\/trade.colart.com\/fr\/wp-json\/wp\/v2\/product_tag?post=52680"}],"curies":[{"name":"wp","href":"https:\/\/api.w.org\/{rel}","templated":true}]}}