{"id":52681,"date":"2025-02-20T14:59:02","date_gmt":"2025-02-20T14:59:02","guid":{"rendered":"https:\/\/trade.colart.com\/fr\/product\/lefranc-bourgeois-bloc-de-papier-etude-calque\/"},"modified":"2025-02-20T14:59:03","modified_gmt":"2025-02-20T14:59:03","slug":"lefranc-bourgeois-bloc-de-papier-etude-calque","status":"publish","type":"product","link":"https:\/\/trade.colart.com\/fr\/product\/lefranc-bourgeois-bloc-de-papier-etude-calque\/","title":{"rendered":"Bloc de Papier Etude Calque"},"content":{"rendered":"<p>Notre gamme de papier est moulue afin d&#8217;offrir la meilleure qualit\u00e9 possible pour vos supports. Cr\u00e9ez davantage avec nos deux gammes de papier haute performance, telles que le papier acrylique, le papier calque, le papier noir et les papiers multi-techniques (pastels, aquarelle, etc.).<\/p>\n","protected":false},"excerpt":{"rendered":"<p>Tracez des traits et esquissez des dessins techniques complexes avec notre bloc de papier calque Atelier. 30 feuilles A4 de papier calque lisse et translucide con\u00e7u pour les crayons, les stylos graphiques et les marqueurs \u00e0 encre.<\/p>\n<p>Ce papier calque professionnel est id\u00e9al pour les croquis et les dessins qui exigent de la pr\u00e9cision, ainsi que les projets artistiques cr\u00e9atifs. Bloc gomm\u00e9 de 30 feuilles A4 60g\/m2. <span class=\"more_dots\">&#8230;<\/span><\/p>\n<p><a class=\"btn btn-secondary understrap-read-more-link\" href=\"https:\/\/trade.colart.com\/fr\/product\/lefranc-bourgeois-bloc-de-papier-etude-calque\/\">Read More&#8230;<span class=\"screen-reader-text\"> from Bloc de Papier Etude Calque<\/span><\/a><\/p>\n","protected":false},"featured_media":17795,"comment_status":"closed","ping_status":"closed","template":"","meta":{"_acf_changed":false},"product_brand":[],"product_cat":[364],"product_tag":[],"class_list":{"0":"post-52681","1":"product","2":"type-product","3":"status-publish","4":"has-post-thumbnail","6":"product_cat-winsor-newton-coffrets-sets-pinceaux-foundation","7":"no-variations-price","8":"d-none","10":"first","11":"instock","12":"shipping-taxable","13":"purchasable","14":"product-type-variable"},"acf":[],"_links":{"self":[{"href":"https:\/\/trade.colart.com\/fr\/wp-json\/wp\/v2\/product\/52681","targetHints":{"allow":["GET"]}}],"collection":[{"href":"https:\/\/trade.colart.com\/fr\/wp-json\/wp\/v2\/product"}],"about":[{"href":"https:\/\/trade.colart.com\/fr\/wp-json\/wp\/v2\/types\/product"}],"replies":[{"embeddable":true,"href":"https:\/\/trade.colart.com\/fr\/wp-json\/wp\/v2\/comments?post=52681"}],"wp:featuredmedia":[{"embeddable":true,"href":"https:\/\/trade.colart.com\/fr\/wp-json\/wp\/v2\/media\/17795"}],"wp:attachment":[{"href":"https:\/\/trade.colart.com\/fr\/wp-json\/wp\/v2\/media?parent=52681"}],"wp:term":[{"taxonomy":"product_brand","embeddable":true,"href":"https:\/\/trade.colart.com\/fr\/wp-json\/wp\/v2\/product_brand?post=52681"},{"taxonomy":"product_cat","embeddable":true,"href":"https:\/\/trade.colart.com\/fr\/wp-json\/wp\/v2\/product_cat?post=52681"},{"taxonomy":"product_tag","embeddable":true,"href":"https:\/\/trade.colart.com\/fr\/wp-json\/wp\/v2\/product_tag?post=52681"}],"curies":[{"name":"wp","href":"https:\/\/api.w.org\/{rel}","templated":true}]}}