{"id":52682,"date":"2025-02-20T14:59:27","date_gmt":"2025-02-20T14:59:27","guid":{"rendered":"https:\/\/trade.colart.com\/fr\/product\/lefranc-bourgeois-bloc-de-papier-etude-noir-pour-acrylique\/"},"modified":"2025-02-25T12:09:12","modified_gmt":"2025-02-25T12:09:12","slug":"lefranc-bourgeois-bloc-de-papier-etude-noir-pour-acrylique","status":"publish","type":"product","link":"https:\/\/trade.colart.com\/fr\/product\/lefranc-bourgeois-bloc-de-papier-etude-noir-pour-acrylique\/","title":{"rendered":"Bloc de Papier Etude Noir pour Acrylique"},"content":{"rendered":"<p>Notre gamme de papier est moulue afin d&#8217;offrir la meilleure qualit\u00e9 possible pour vos supports. Cr\u00e9ez davantage avec nos deux gammes de papier haute performance, telles que le papier acrylique, le papier calque, le papier noir et les papiers multi-techniques (pastels, aquarelle, etc.).<\/p>\n","protected":false},"excerpt":{"rendered":"<p>R\u00e9alisez des ombres captivantes et des reflets vifs avec nos blocs de papier noir Atelier. Con\u00e7us pour mettre en valeur les m\u00e9diums opaques, notamment les pastels, les crayons et l&#8217;encre, ces blocs sont parfaits pour r\u00e9aliser des croquis \u00e0 la technique invers\u00e9e.<\/p>\n<p>Id\u00e9al pour l&#8217;artisanat, les pr\u00e9sentations et les affichages, notre papier noir a une bonne r\u00e9sistance et une texture lisse pour faciliter les m\u00e9langes. Disponible en bloc gomm\u00e9 de 20 feuilles A4 et A3. 140g\/m2 <span class=\"more_dots\">&#8230;<\/span><\/p>\n<p><a class=\"btn btn-secondary understrap-read-more-link\" href=\"https:\/\/trade.colart.com\/fr\/product\/lefranc-bourgeois-bloc-de-papier-etude-noir-pour-acrylique\/\">Read More&#8230;<span class=\"screen-reader-text\"> from Bloc de Papier Etude Noir pour Acrylique<\/span><\/a><\/p>\n","protected":false},"featured_media":17806,"comment_status":"closed","ping_status":"closed","template":"","meta":{"_acf_changed":false},"product_brand":[],"product_cat":[364],"product_tag":[],"class_list":{"0":"post-52682","1":"product","2":"type-product","3":"status-publish","4":"has-post-thumbnail","6":"product_cat-winsor-newton-coffrets-sets-pinceaux-foundation","7":"no-variations-price","8":"d-none","10":"first","11":"instock","12":"shipping-taxable","13":"purchasable","14":"product-type-variable"},"acf":[],"_links":{"self":[{"href":"https:\/\/trade.colart.com\/fr\/wp-json\/wp\/v2\/product\/52682","targetHints":{"allow":["GET"]}}],"collection":[{"href":"https:\/\/trade.colart.com\/fr\/wp-json\/wp\/v2\/product"}],"about":[{"href":"https:\/\/trade.colart.com\/fr\/wp-json\/wp\/v2\/types\/product"}],"replies":[{"embeddable":true,"href":"https:\/\/trade.colart.com\/fr\/wp-json\/wp\/v2\/comments?post=52682"}],"wp:featuredmedia":[{"embeddable":true,"href":"https:\/\/trade.colart.com\/fr\/wp-json\/wp\/v2\/media\/17806"}],"wp:attachment":[{"href":"https:\/\/trade.colart.com\/fr\/wp-json\/wp\/v2\/media?parent=52682"}],"wp:term":[{"taxonomy":"product_brand","embeddable":true,"href":"https:\/\/trade.colart.com\/fr\/wp-json\/wp\/v2\/product_brand?post=52682"},{"taxonomy":"product_cat","embeddable":true,"href":"https:\/\/trade.colart.com\/fr\/wp-json\/wp\/v2\/product_cat?post=52682"},{"taxonomy":"product_tag","embeddable":true,"href":"https:\/\/trade.colart.com\/fr\/wp-json\/wp\/v2\/product_tag?post=52682"}],"curies":[{"name":"wp","href":"https:\/\/api.w.org\/{rel}","templated":true}]}}