{"id":52683,"date":"2025-02-20T15:00:46","date_gmt":"2025-02-20T15:00:46","guid":{"rendered":"https:\/\/trade.colart.com\/fr\/product\/lefranc-bourgeois-carnet-de-dessin\/"},"modified":"2025-02-25T14:05:12","modified_gmt":"2025-02-25T14:05:12","slug":"lefranc-bourgeois-carnet-de-dessin","status":"publish","type":"product","link":"https:\/\/trade.colart.com\/fr\/product\/lefranc-bourgeois-carnet-de-dessin\/","title":{"rendered":"Carnet de Dessin"},"content":{"rendered":"<p>Notre gamme de papier est moulue afin d&#8217;offrir la meilleure qualit\u00e9 possible pour vos supports. Cr\u00e9ez davantage avec nos deux gammes de papier haute performance, telles que le papier acrylique, le papier calque, le papier noir et les papiers multi-techniques (pastels, aquarelle, etc.).<\/p>\n","protected":false},"excerpt":{"rendered":"<p>Esquissez des silhouettes envo\u00fbtantes sur nos carnets de croquis Atelier. Con\u00e7u pour les m\u00e9dias secs, chaque bloc contient du papier blanc polyvalent et durable.<\/p>\n<p>Id\u00e9al pour les crayons, les fusains et les encres, il est dot\u00e9 d&#8217;une couverture rigide en PVC noir. Il prot\u00e8ge votre travail et fournit un support suffisant pour dessiner en voyage ou lors de cours de dessin. Disponibles en set de 160 feuilles de 100 g\/m2 pour les formats A4 et A5 et en blocs \u00e0 reliure spirale. <span class=\"more_dots\">&#8230;<\/span><\/p>\n<p><a class=\"btn btn-secondary understrap-read-more-link\" href=\"https:\/\/trade.colart.com\/fr\/product\/lefranc-bourgeois-carnet-de-dessin\/\">Read More&#8230;<span class=\"screen-reader-text\"> from Carnet de Dessin<\/span><\/a><\/p>\n","protected":false},"featured_media":17844,"comment_status":"closed","ping_status":"closed","template":"","meta":{"_acf_changed":false},"product_brand":[],"product_cat":[364],"product_tag":[],"class_list":{"0":"post-52683","1":"product","2":"type-product","3":"status-publish","4":"has-post-thumbnail","6":"product_cat-winsor-newton-coffrets-sets-pinceaux-foundation","7":"no-variations-price","8":"d-none","10":"first","11":"instock","12":"shipping-taxable","13":"purchasable","14":"product-type-variable"},"acf":[],"_links":{"self":[{"href":"https:\/\/trade.colart.com\/fr\/wp-json\/wp\/v2\/product\/52683","targetHints":{"allow":["GET"]}}],"collection":[{"href":"https:\/\/trade.colart.com\/fr\/wp-json\/wp\/v2\/product"}],"about":[{"href":"https:\/\/trade.colart.com\/fr\/wp-json\/wp\/v2\/types\/product"}],"replies":[{"embeddable":true,"href":"https:\/\/trade.colart.com\/fr\/wp-json\/wp\/v2\/comments?post=52683"}],"wp:featuredmedia":[{"embeddable":true,"href":"https:\/\/trade.colart.com\/fr\/wp-json\/wp\/v2\/media\/17844"}],"wp:attachment":[{"href":"https:\/\/trade.colart.com\/fr\/wp-json\/wp\/v2\/media?parent=52683"}],"wp:term":[{"taxonomy":"product_brand","embeddable":true,"href":"https:\/\/trade.colart.com\/fr\/wp-json\/wp\/v2\/product_brand?post=52683"},{"taxonomy":"product_cat","embeddable":true,"href":"https:\/\/trade.colart.com\/fr\/wp-json\/wp\/v2\/product_cat?post=52683"},{"taxonomy":"product_tag","embeddable":true,"href":"https:\/\/trade.colart.com\/fr\/wp-json\/wp\/v2\/product_tag?post=52683"}],"curies":[{"name":"wp","href":"https:\/\/api.w.org\/{rel}","templated":true}]}}