{"id":52686,"date":"2025-02-26T01:18:36","date_gmt":"2025-02-26T01:18:36","guid":{"rendered":"https:\/\/trade.colart.com\/fr\/product\/lefranc-bourgeois-cern-couleur-vitrail\/"},"modified":"2026-04-16T13:54:12","modified_gmt":"2026-04-16T13:54:12","slug":"lefranc-bourgeois-cern-couleur-vitrail","status":"publish","type":"product","link":"https:\/\/trade.colart.com\/fr\/product\/lefranc-bourgeois-cern-couleur-vitrail\/","title":{"rendered":"Cern Couleur Vitrail"},"content":{"rendered":"<p>La gamme Cern Colour a \u00e9t\u00e9 cr\u00e9\u00e9e pour r\u00e9aliser des contours en relief sur toutes les surfaces lisses, pr\u00e9alablement d\u00e9graiss\u00e9es \u00e0 l&#8217;alcool. Associ\u00e9e aux couleurs Vitrail, le Cern imite les contours des vitraux anciens. Laisser s\u00e9cher le produit pendant 12 heures avant d&#8217;appliquer la peinture Vitrail.<\/p>\n","protected":false},"excerpt":{"rendered":"<p>La gamme Cern Colour a \u00e9t\u00e9 cr\u00e9\u00e9e pour r\u00e9aliser des contours en relief sur toutes les surfaces lisses, pr\u00e9alablement d\u00e9graiss\u00e9es \u00e0 l&#8217;alcool. Associ\u00e9e aux couleurs Vitrail, le Cern imite les contours des vitraux anciens. Laisser s\u00e9cher le produit pendant 12 heures avant d&#8217;appliquer la peinture Vitrail. <span class=\"more_dots\">&#8230;<\/span><\/p>\n<p><a class=\"btn btn-secondary understrap-read-more-link\" href=\"https:\/\/trade.colart.com\/fr\/product\/lefranc-bourgeois-cern-couleur-vitrail\/\">Read More&#8230;<span class=\"screen-reader-text\"> from Cern Couleur Vitrail<\/span><\/a><\/p>\n","protected":false},"featured_media":13308,"comment_status":"closed","ping_status":"closed","template":"","meta":{"_acf_changed":false},"product_brand":[],"product_cat":[2866],"product_tag":[],"class_list":{"0":"post-52686","1":"product","2":"type-product","3":"status-publish","4":"has-post-thumbnail","6":"product_cat-lefranc-bourgeois-loisirs","8":"first","9":"instock","10":"shipping-taxable","11":"purchasable","12":"product-type-variable"},"acf":[],"_links":{"self":[{"href":"https:\/\/trade.colart.com\/fr\/wp-json\/wp\/v2\/product\/52686","targetHints":{"allow":["GET"]}}],"collection":[{"href":"https:\/\/trade.colart.com\/fr\/wp-json\/wp\/v2\/product"}],"about":[{"href":"https:\/\/trade.colart.com\/fr\/wp-json\/wp\/v2\/types\/product"}],"replies":[{"embeddable":true,"href":"https:\/\/trade.colart.com\/fr\/wp-json\/wp\/v2\/comments?post=52686"}],"wp:featuredmedia":[{"embeddable":true,"href":"https:\/\/trade.colart.com\/fr\/wp-json\/wp\/v2\/media\/13308"}],"wp:attachment":[{"href":"https:\/\/trade.colart.com\/fr\/wp-json\/wp\/v2\/media?parent=52686"}],"wp:term":[{"taxonomy":"product_brand","embeddable":true,"href":"https:\/\/trade.colart.com\/fr\/wp-json\/wp\/v2\/product_brand?post=52686"},{"taxonomy":"product_cat","embeddable":true,"href":"https:\/\/trade.colart.com\/fr\/wp-json\/wp\/v2\/product_cat?post=52686"},{"taxonomy":"product_tag","embeddable":true,"href":"https:\/\/trade.colart.com\/fr\/wp-json\/wp\/v2\/product_tag?post=52686"}],"curies":[{"name":"wp","href":"https:\/\/api.w.org\/{rel}","templated":true}]}}