{"id":52689,"date":"2025-02-25T23:09:26","date_gmt":"2025-02-25T23:09:26","guid":{"rendered":"https:\/\/trade.colart.com\/fr\/product\/lefranc-bourgeois-encre-nan-king-de-couleur\/"},"modified":"2026-04-17T11:27:43","modified_gmt":"2026-04-17T11:27:43","slug":"lefranc-bourgeois-encre-nan-king-de-couleur","status":"publish","type":"product","link":"https:\/\/trade.colart.com\/fr\/product\/lefranc-bourgeois-encre-nan-king-de-couleur\/","title":{"rendered":"Encre Nan-King de Couleur"},"content":{"rendered":"<p>Plongez dans la richesse du noir d&#8217;encre, de la couleur r\u00e9sistant \u00e0 la lumi\u00e8re et la cr\u00e9ation de motifs gr\u00e2ce \u00e0 notre gamme d&#8217;encres de haute qualit\u00e9. Con\u00e7ues pour le dessin, la calligraphie, l&#8217;impression en bloc et l&#8217;art de la linogravure.<\/p>\n","protected":false},"excerpt":{"rendered":"<p>L&#8217;encre de Chine ind\u00e9l\u00e9bile de Nan King et sa texture fluide offre une excellente tenue dans le temps. Cette encre color\u00e9e est parfaite pour \u00eatre utilis\u00e9e en calligraphie, en dessin ou encore dilu\u00e9e \u00e0 l&#8217;eau. Lumineuse apr\u00e8s le s\u00e9chage, elle vous permet un r\u00e9sultat superbe sur toutes sortes de supports. <span class=\"more_dots\">&#8230;<\/span><\/p>\n<p><a class=\"btn btn-secondary understrap-read-more-link\" href=\"https:\/\/trade.colart.com\/fr\/product\/lefranc-bourgeois-encre-nan-king-de-couleur\/\">Read More&#8230;<span class=\"screen-reader-text\"> from Encre Nan-King de Couleur<\/span><\/a><\/p>\n","protected":false},"featured_media":13155,"comment_status":"closed","ping_status":"closed","template":"","meta":{"_acf_changed":false},"product_brand":[],"product_cat":[2829],"product_tag":[],"class_list":{"0":"post-52689","1":"product","2":"type-product","3":"status-publish","4":"has-post-thumbnail","6":"product_cat-lefranc-bourgeois-beaux-arts-encres","8":"first","9":"instock","10":"shipping-taxable","11":"purchasable","12":"product-type-variable"},"acf":[],"_links":{"self":[{"href":"https:\/\/trade.colart.com\/fr\/wp-json\/wp\/v2\/product\/52689","targetHints":{"allow":["GET"]}}],"collection":[{"href":"https:\/\/trade.colart.com\/fr\/wp-json\/wp\/v2\/product"}],"about":[{"href":"https:\/\/trade.colart.com\/fr\/wp-json\/wp\/v2\/types\/product"}],"replies":[{"embeddable":true,"href":"https:\/\/trade.colart.com\/fr\/wp-json\/wp\/v2\/comments?post=52689"}],"wp:featuredmedia":[{"embeddable":true,"href":"https:\/\/trade.colart.com\/fr\/wp-json\/wp\/v2\/media\/13155"}],"wp:attachment":[{"href":"https:\/\/trade.colart.com\/fr\/wp-json\/wp\/v2\/media?parent=52689"}],"wp:term":[{"taxonomy":"product_brand","embeddable":true,"href":"https:\/\/trade.colart.com\/fr\/wp-json\/wp\/v2\/product_brand?post=52689"},{"taxonomy":"product_cat","embeddable":true,"href":"https:\/\/trade.colart.com\/fr\/wp-json\/wp\/v2\/product_cat?post=52689"},{"taxonomy":"product_tag","embeddable":true,"href":"https:\/\/trade.colart.com\/fr\/wp-json\/wp\/v2\/product_tag?post=52689"}],"curies":[{"name":"wp","href":"https:\/\/api.w.org\/{rel}","templated":true}]}}