{"id":52690,"date":"2025-02-26T01:33:24","date_gmt":"2025-02-26T01:33:24","guid":{"rendered":"https:\/\/trade.colart.com\/fr\/product\/lefranc-bourgeois-couteau-a-peindre\/"},"modified":"2026-04-17T09:43:03","modified_gmt":"2026-04-17T09:43:03","slug":"lefranc-bourgeois-couteau-a-peindre","status":"publish","type":"product","link":"https:\/\/trade.colart.com\/fr\/product\/lefranc-bourgeois-couteau-a-peindre\/","title":{"rendered":"Couteau \u00e0 Peindre"},"content":{"rendered":"<p>Ajoutez de la texture \u00e0 vos cr\u00e9ations, cr\u00e9er des lignes nettes, des traits pr\u00e9cis ou des structures audacieuses avec nos couteaux \u00e0 peindre !<\/p>\n","protected":false},"excerpt":{"rendered":"<p>Notre gamme de couteaux \u00e0 peindre comprend 24 formes de taille et style diff\u00e9rents, vendus chacun \u00e0 l\u2019unit\u00e9.<br \/>\nSelon la forme du couteau, vous pouvez explorer diff\u00e9rentes techniques : peindre des d\u00e9tails gr\u00e2ce aux lames les plus fines, r\u00e9aliser de larges aplats avec les couteaux plus amples ou cr\u00e9er, avec les formes les plus sp\u00e9ciales, de nombreux effets tels que le sgrafitto, l\u2019emp\u00e2tement et bien d\u2019autres\u2026<br \/>\nPar exemple le N\u00b024 permet de cr\u00e9er des structures lin\u00e9aires uniques gr\u00e2ce aux fines dents en bout de couteau.<br \/>\nChaque couteau est dot\u00e9 d\u2019une lame en acier robuste et flexible, d\u2019une tige coud\u00e9e pour une meilleure application de la couleur et d\u2019un manche ergonomique en bois verni. <span class=\"more_dots\">&#8230;<\/span><\/p>\n<p><a class=\"btn btn-secondary understrap-read-more-link\" href=\"https:\/\/trade.colart.com\/fr\/product\/lefranc-bourgeois-couteau-a-peindre\/\">Read More&#8230;<span class=\"screen-reader-text\"> from Couteau \u00e0 Peindre<\/span><\/a><\/p>\n","protected":false},"featured_media":13294,"comment_status":"closed","ping_status":"closed","template":"","meta":{"_acf_changed":false},"product_brand":[],"product_cat":[2855],"product_tag":[],"class_list":{"0":"post-52690","1":"product","2":"type-product","3":"status-publish","4":"has-post-thumbnail","6":"product_cat-lefranc-bourgeois-beaux-arts-applicateurs-couteaux","8":"first","9":"instock","10":"shipping-taxable","11":"purchasable","12":"product-type-variable"},"acf":[],"_links":{"self":[{"href":"https:\/\/trade.colart.com\/fr\/wp-json\/wp\/v2\/product\/52690","targetHints":{"allow":["GET"]}}],"collection":[{"href":"https:\/\/trade.colart.com\/fr\/wp-json\/wp\/v2\/product"}],"about":[{"href":"https:\/\/trade.colart.com\/fr\/wp-json\/wp\/v2\/types\/product"}],"replies":[{"embeddable":true,"href":"https:\/\/trade.colart.com\/fr\/wp-json\/wp\/v2\/comments?post=52690"}],"wp:featuredmedia":[{"embeddable":true,"href":"https:\/\/trade.colart.com\/fr\/wp-json\/wp\/v2\/media\/13294"}],"wp:attachment":[{"href":"https:\/\/trade.colart.com\/fr\/wp-json\/wp\/v2\/media?parent=52690"}],"wp:term":[{"taxonomy":"product_brand","embeddable":true,"href":"https:\/\/trade.colart.com\/fr\/wp-json\/wp\/v2\/product_brand?post=52690"},{"taxonomy":"product_cat","embeddable":true,"href":"https:\/\/trade.colart.com\/fr\/wp-json\/wp\/v2\/product_cat?post=52690"},{"taxonomy":"product_tag","embeddable":true,"href":"https:\/\/trade.colart.com\/fr\/wp-json\/wp\/v2\/product_tag?post=52690"}],"curies":[{"name":"wp","href":"https:\/\/api.w.org\/{rel}","templated":true}]}}