{"id":52692,"date":"2025-02-25T22:54:50","date_gmt":"2025-02-25T22:54:50","guid":{"rendered":"https:\/\/trade.colart.com\/fr\/product\/lefranc-bourgeois-encre-de-chine-nan-king\/"},"modified":"2026-04-17T10:59:58","modified_gmt":"2026-04-17T10:59:58","slug":"lefranc-bourgeois-encre-de-chine-nan-king","status":"publish","type":"product","link":"https:\/\/trade.colart.com\/fr\/product\/lefranc-bourgeois-encre-de-chine-nan-king\/","title":{"rendered":"Encre de Chine Nan-King"},"content":{"rendered":"","protected":false},"excerpt":{"rendered":"<p>L&#8217;encre de Chine ind\u00e9l\u00e9bile de Nan King et sa texture fluide offre une excellente tenue dans le temps. Cette encre d&#8217;un noir profond est parfaite pour \u00eatre utilis\u00e9e en calligraphie, en dessin ou encore dilu\u00e9e \u00e0 l&#8217;eau. Lumineuse apr\u00e8s le s\u00e9chage, elle vous permet un r\u00e9sultat superbe sur toutes sortes de supports. <span class=\"more_dots\">&#8230;<\/span><\/p>\n<p><a class=\"btn btn-secondary understrap-read-more-link\" href=\"https:\/\/trade.colart.com\/fr\/product\/lefranc-bourgeois-encre-de-chine-nan-king\/\">Read More&#8230;<span class=\"screen-reader-text\"> from Encre de Chine Nan-King<\/span><\/a><\/p>\n","protected":false},"featured_media":13144,"comment_status":"closed","ping_status":"closed","template":"","meta":{"_acf_changed":false},"product_brand":[],"product_cat":[2829],"product_tag":[],"class_list":{"0":"post-52692","1":"product","2":"type-product","3":"status-publish","4":"has-post-thumbnail","6":"product_cat-lefranc-bourgeois-beaux-arts-encres","8":"first","9":"instock","10":"shipping-taxable","11":"purchasable","12":"product-type-variable"},"acf":[],"_links":{"self":[{"href":"https:\/\/trade.colart.com\/fr\/wp-json\/wp\/v2\/product\/52692","targetHints":{"allow":["GET"]}}],"collection":[{"href":"https:\/\/trade.colart.com\/fr\/wp-json\/wp\/v2\/product"}],"about":[{"href":"https:\/\/trade.colart.com\/fr\/wp-json\/wp\/v2\/types\/product"}],"replies":[{"embeddable":true,"href":"https:\/\/trade.colart.com\/fr\/wp-json\/wp\/v2\/comments?post=52692"}],"wp:featuredmedia":[{"embeddable":true,"href":"https:\/\/trade.colart.com\/fr\/wp-json\/wp\/v2\/media\/13144"}],"wp:attachment":[{"href":"https:\/\/trade.colart.com\/fr\/wp-json\/wp\/v2\/media?parent=52692"}],"wp:term":[{"taxonomy":"product_brand","embeddable":true,"href":"https:\/\/trade.colart.com\/fr\/wp-json\/wp\/v2\/product_brand?post=52692"},{"taxonomy":"product_cat","embeddable":true,"href":"https:\/\/trade.colart.com\/fr\/wp-json\/wp\/v2\/product_cat?post=52692"},{"taxonomy":"product_tag","embeddable":true,"href":"https:\/\/trade.colart.com\/fr\/wp-json\/wp\/v2\/product_tag?post=52692"}],"curies":[{"name":"wp","href":"https:\/\/api.w.org\/{rel}","templated":true}]}}