{"id":52693,"date":"2025-03-21T14:43:49","date_gmt":"2025-03-21T14:43:49","guid":{"rendered":"https:\/\/trade.colart.com\/fr\/product\/lefranc-bourgeois-gouache-linel-extra-fine\/"},"modified":"2026-04-17T11:54:30","modified_gmt":"2026-04-17T11:54:30","slug":"lefranc-bourgeois-gouache-linel-extra-fine","status":"publish","type":"product","link":"https:\/\/trade.colart.com\/fr\/product\/lefranc-bourgeois-gouache-linel-extra-fine\/","title":{"rendered":"Gouache Linel Extra-fine"},"content":{"rendered":"<p>Notre gamme de gouaches extra-fines Linel comprend 78 couleurs riches en pigments qui s\u00e8chent avec une finition opaque et mate. Fabriqu\u00e9 en France, chaque tube atteint une intensit\u00e9 de couleur durable gr\u00e2ce \u00e0 son liant traditionnel, la gomme arabique. <\/p>\n<p>Cette palette soigneusement s\u00e9lectionn\u00e9e offre un choix de couleurs sans \u00e9gal, allant des teintes soigneusement \u00e9quilibr\u00e9es aux tons m\u00e9talliques et fluorescents.<\/p>\n","protected":false},"excerpt":{"rendered":"<p>Notre gamme de gouaches extra-fines Linel comprend 78 couleurs riches en pigments qui s\u00e8chent avec une finition opaque et mate. Fabriqu\u00e9 en France, chaque tube atteint une intensit\u00e9 de couleur durable gr\u00e2ce \u00e0 son liant traditionnel, la gomme arabique. Cette palette soigneusement s\u00e9lectionn\u00e9e offre un choix de couleurs sans \u00e9gal, allant des teintes soigneusement \u00e9quilibr\u00e9es <span class=\"more_dots\">&#8230;<\/span><\/p>\n<p><a class=\"btn btn-secondary understrap-read-more-link\" href=\"https:\/\/trade.colart.com\/fr\/product\/lefranc-bourgeois-gouache-linel-extra-fine\/\">Read More&#8230;<span class=\"screen-reader-text\"> from Gouache Linel Extra-fine<\/span><\/a><\/p>\n","protected":false},"featured_media":25518,"comment_status":"closed","ping_status":"closed","template":"","meta":{"_acf_changed":false},"product_brand":[],"product_cat":[2825],"product_tag":[],"class_list":{"0":"post-52693","1":"product","2":"type-product","3":"status-publish","4":"has-post-thumbnail","6":"product_cat-lefranc-bourgeois-beaux-arts-gouache-gouache-extra-fine-linel","8":"first","9":"instock","10":"shipping-taxable","11":"purchasable","12":"product-type-variable"},"acf":[],"_links":{"self":[{"href":"https:\/\/trade.colart.com\/fr\/wp-json\/wp\/v2\/product\/52693","targetHints":{"allow":["GET"]}}],"collection":[{"href":"https:\/\/trade.colart.com\/fr\/wp-json\/wp\/v2\/product"}],"about":[{"href":"https:\/\/trade.colart.com\/fr\/wp-json\/wp\/v2\/types\/product"}],"replies":[{"embeddable":true,"href":"https:\/\/trade.colart.com\/fr\/wp-json\/wp\/v2\/comments?post=52693"}],"wp:featuredmedia":[{"embeddable":true,"href":"https:\/\/trade.colart.com\/fr\/wp-json\/wp\/v2\/media\/25518"}],"wp:attachment":[{"href":"https:\/\/trade.colart.com\/fr\/wp-json\/wp\/v2\/media?parent=52693"}],"wp:term":[{"taxonomy":"product_brand","embeddable":true,"href":"https:\/\/trade.colart.com\/fr\/wp-json\/wp\/v2\/product_brand?post=52693"},{"taxonomy":"product_cat","embeddable":true,"href":"https:\/\/trade.colart.com\/fr\/wp-json\/wp\/v2\/product_cat?post=52693"},{"taxonomy":"product_tag","embeddable":true,"href":"https:\/\/trade.colart.com\/fr\/wp-json\/wp\/v2\/product_tag?post=52693"}],"curies":[{"name":"wp","href":"https:\/\/api.w.org\/{rel}","templated":true}]}}