{"id":52697,"date":"2025-02-13T13:11:31","date_gmt":"2025-02-13T13:11:31","guid":{"rendered":"https:\/\/trade.colart.com\/fr\/product\/lefranc-bourgeois-enfants-pinceau-en-poil-de-poney\/"},"modified":"2025-02-13T13:11:32","modified_gmt":"2025-02-13T13:11:32","slug":"lefranc-bourgeois-enfants-pinceau-en-poil-de-poney","status":"publish","type":"product","link":"https:\/\/trade.colart.com\/fr\/product\/lefranc-bourgeois-enfants-pinceau-en-poil-de-poney\/","title":{"rendered":"Pinceau en Poil de Poney"},"content":{"rendered":"<p>Notre gamme d&#8217;outils essentiels \u00e0 la d\u00e9couverte artistique et reconnue par les \u00e9coles. Nos accessoires artistiques comprennent des tabliers, des palettes et des pots con\u00e7us pour les enfants.<\/p>\n","protected":false},"excerpt":{"rendered":"<p>Fournissez \u00e0 vos petits les outils id\u00e9aux pour peindre des contours et des lignes avec nos pinceaux poney pour enfants. En poils de poney souples, ces pinceaux pour enfants de haute qualit\u00e9 sont dot\u00e9s de pointes rondes qui conviennent parfaitement aux contours et au remplissage des petites surfaces.<\/p>\n<p>Les manches en bois peint sont r\u00e9sistants \u00e0 l&#8217;eau et sont issus de for\u00eats durables. Ils conviennent \u00e0 l&#8217;aquarelle, l&#8217;acrylique, la gouache, la d\u00e9trempe et l&#8217;encre. Faciles \u00e0 nettoyer, ces pinceaux sont id\u00e9aux pour la maison et l&#8217;\u00e9cole. <span class=\"more_dots\">&#8230;<\/span><\/p>\n<p><a class=\"btn btn-secondary understrap-read-more-link\" href=\"https:\/\/trade.colart.com\/fr\/product\/lefranc-bourgeois-enfants-pinceau-en-poil-de-poney\/\">Read More&#8230;<span class=\"screen-reader-text\"> from Pinceau en Poil de Poney<\/span><\/a><\/p>\n","protected":false},"featured_media":19615,"comment_status":"closed","ping_status":"closed","template":"","meta":{"_acf_changed":false},"product_brand":[],"product_cat":[2795],"product_tag":[],"class_list":{"0":"post-52697","1":"product","2":"type-product","3":"status-publish","4":"has-post-thumbnail","6":"product_cat-lefranc-bourgeois-enfants-10-ans-education-artistique-brosses-pinceaux-poney-a-lunite","7":"no-variations-price","8":"d-none","10":"first","11":"instock","12":"shipping-taxable","13":"purchasable","14":"product-type-variable"},"acf":[],"_links":{"self":[{"href":"https:\/\/trade.colart.com\/fr\/wp-json\/wp\/v2\/product\/52697","targetHints":{"allow":["GET"]}}],"collection":[{"href":"https:\/\/trade.colart.com\/fr\/wp-json\/wp\/v2\/product"}],"about":[{"href":"https:\/\/trade.colart.com\/fr\/wp-json\/wp\/v2\/types\/product"}],"replies":[{"embeddable":true,"href":"https:\/\/trade.colart.com\/fr\/wp-json\/wp\/v2\/comments?post=52697"}],"wp:featuredmedia":[{"embeddable":true,"href":"https:\/\/trade.colart.com\/fr\/wp-json\/wp\/v2\/media\/19615"}],"wp:attachment":[{"href":"https:\/\/trade.colart.com\/fr\/wp-json\/wp\/v2\/media?parent=52697"}],"wp:term":[{"taxonomy":"product_brand","embeddable":true,"href":"https:\/\/trade.colart.com\/fr\/wp-json\/wp\/v2\/product_brand?post=52697"},{"taxonomy":"product_cat","embeddable":true,"href":"https:\/\/trade.colart.com\/fr\/wp-json\/wp\/v2\/product_cat?post=52697"},{"taxonomy":"product_tag","embeddable":true,"href":"https:\/\/trade.colart.com\/fr\/wp-json\/wp\/v2\/product_tag?post=52697"}],"curies":[{"name":"wp","href":"https:\/\/api.w.org\/{rel}","templated":true}]}}