{"id":52706,"date":"2026-03-12T23:13:40","date_gmt":"2026-03-12T23:13:40","guid":{"rendered":"https:\/\/trade.colart.com\/fr\/product\/winsor-newton-cotman-aquarelle-metallic-pocket-set-8-12-godets\/"},"modified":"2026-04-17T14:26:51","modified_gmt":"2026-04-17T14:26:51","slug":"winsor-newton-cotman-aquarelle-metallic-pocket-set-8-12-godets","status":"publish","type":"product","link":"https:\/\/trade.colart.com\/fr\/product\/winsor-newton-cotman-aquarelle-metallic-pocket-set-8-12-godets\/","title":{"rendered":"Winsor &amp; Newton Cotman Aquarelle Metallic Pocket Set 8 1\/2 Godets"},"content":{"rendered":"<p>D\u00e9couvrez 8 aquarelles m\u00e9talliques Cotman fabriqu\u00e9es avec des pigments de haute qualit\u00e9 dans un set de poche. Contient un pinceau de voyage et de l\u2019espace pour 4 couleurs suppl\u00e9mentaires.<\/p>\n<p>Dot\u00e9 d&#8217;un mini pinceau, d&#8217;une zone de palette et de 8 demi-godets de nuances m\u00e9talliques, cet set de poche est une ressource pr\u00e9cieuse, notamment pour la peinture en plein air. Les couleurs m\u00e9talliques scintillantes, allant de l&#8217;\u00e9tain au bronze, cr\u00e9eront un effet enchanteur dans vos \u0153uvres. Ce sont des tons qui peuvent refroidir ou r\u00e9chauffer. Ils peuvent \u00e9galement \u00eatre utilis\u00e9s pour rehausser vos cr\u00e9ations.<\/p>\n","protected":false},"excerpt":{"rendered":"<p>D\u00e9couvrez 8 aquarelles m\u00e9talliques Cotman fabriqu\u00e9es avec des pigments de haute qualit\u00e9 dans un set de poche. Contient un pinceau de voyage et de l\u2019espace pour 4 couleurs suppl\u00e9mentaires.<\/p>\n<p>Dot\u00e9 d&#8217;un mini pinceau, d&#8217;une zone de palette et de 8 demi-godets de nuances m\u00e9talliques, cet set de poche est une ressource pr\u00e9cieuse, notamment pour la peinture en plein air. Les couleurs m\u00e9talliques scintillantes, allant de l&#8217;\u00e9tain au bronze, cr\u00e9eront un effet enchanteur dans vos \u0153uvres. Ce sont des tons qui peuvent refroidir ou r\u00e9chauffer. Ils peuvent \u00e9galement \u00eatre utilis\u00e9s pour rehausser vos cr\u00e9ations. <span class=\"more_dots\">&#8230;<\/span><\/p>\n<p><a class=\"btn btn-secondary understrap-read-more-link\" href=\"https:\/\/trade.colart.com\/fr\/product\/winsor-newton-cotman-aquarelle-metallic-pocket-set-8-12-godets\/\">Read More&#8230;<span class=\"screen-reader-text\"> from Winsor &amp; Newton Cotman Aquarelle Metallic Pocket Set 8 1\/2 Godets<\/span><\/a><\/p>\n","protected":false},"featured_media":52711,"comment_status":"closed","ping_status":"closed","template":"","meta":{"_acf_changed":false},"product_brand":[],"product_cat":[277],"product_tag":[],"class_list":{"0":"post-52706","1":"product","2":"type-product","3":"status-publish","4":"has-post-thumbnail","6":"product_cat-winsor-newton-coffrets-sets-aquarelle-fine-cotman","8":"first","9":"instock","10":"shipping-taxable","11":"purchasable","12":"product-type-simple"},"acf":[],"_links":{"self":[{"href":"https:\/\/trade.colart.com\/fr\/wp-json\/wp\/v2\/product\/52706","targetHints":{"allow":["GET"]}}],"collection":[{"href":"https:\/\/trade.colart.com\/fr\/wp-json\/wp\/v2\/product"}],"about":[{"href":"https:\/\/trade.colart.com\/fr\/wp-json\/wp\/v2\/types\/product"}],"replies":[{"embeddable":true,"href":"https:\/\/trade.colart.com\/fr\/wp-json\/wp\/v2\/comments?post=52706"}],"wp:featuredmedia":[{"embeddable":true,"href":"https:\/\/trade.colart.com\/fr\/wp-json\/wp\/v2\/media\/52711"}],"wp:attachment":[{"href":"https:\/\/trade.colart.com\/fr\/wp-json\/wp\/v2\/media?parent=52706"}],"wp:term":[{"taxonomy":"product_brand","embeddable":true,"href":"https:\/\/trade.colart.com\/fr\/wp-json\/wp\/v2\/product_brand?post=52706"},{"taxonomy":"product_cat","embeddable":true,"href":"https:\/\/trade.colart.com\/fr\/wp-json\/wp\/v2\/product_cat?post=52706"},{"taxonomy":"product_tag","embeddable":true,"href":"https:\/\/trade.colart.com\/fr\/wp-json\/wp\/v2\/product_tag?post=52706"}],"curies":[{"name":"wp","href":"https:\/\/api.w.org\/{rel}","templated":true}]}}