{"id":5276,"date":"2026-03-12T07:54:50","date_gmt":"2026-03-12T07:54:50","guid":{"rendered":"https:\/\/trade.colart.com\/fr\/product\/liquitex-basics-brosse-eventail-no6\/"},"modified":"2026-04-17T07:59:07","modified_gmt":"2026-04-17T07:59:07","slug":"liquitex-basics-brosse-eventail-no6","status":"publish","type":"product","link":"https:\/\/trade.colart.com\/fr\/product\/liquitex-basics-brosse-eventail-no6\/","title":{"rendered":"Liquitex Basics Brosse Eventail No6"},"content":{"rendered":"<p>Un pinceau durable \u00e0 manche long avec une t\u00eate plate en forme d&#8217;\u00e9ventail. Id\u00e9al pour lisser et ajouter de la texture, ce pinceau en nylon retient de bonnes charges de couleur et est id\u00e9al pour les peintures Basics et toutes les acryliques de viscosit\u00e9s moyennes\/fluides.<\/p>\n","protected":false},"excerpt":{"rendered":"<p>Un pinceau durable \u00e0 manche long avec une t\u00eate plate en forme d&#8217;\u00e9ventail. Id\u00e9al pour lisser et ajouter de la texture, ce pinceau en nylon retient de bonnes charges de couleur et est id\u00e9al pour les peintures Basics et toutes les acryliques de viscosit\u00e9s moyennes\/fluides. <span class=\"more_dots\">&#8230;<\/span><\/p>\n<p><a class=\"btn btn-secondary understrap-read-more-link\" href=\"https:\/\/trade.colart.com\/fr\/product\/liquitex-basics-brosse-eventail-no6\/\">Read More&#8230;<span class=\"screen-reader-text\"> from Liquitex Basics Brosse Eventail No6<\/span><\/a><\/p>\n","protected":false},"featured_media":11330,"comment_status":"closed","ping_status":"closed","template":"","meta":{"_acf_changed":false},"product_brand":[],"product_cat":[1035],"product_tag":[],"class_list":{"0":"post-5276","1":"product","2":"type-product","3":"status-publish","4":"has-post-thumbnail","6":"product_cat-liquitex-produit-gamme-acrylique-basics-pinceaux-basics","8":"first","9":"instock","10":"shipping-taxable","11":"purchasable","12":"product-type-simple"},"acf":[],"_links":{"self":[{"href":"https:\/\/trade.colart.com\/fr\/wp-json\/wp\/v2\/product\/5276","targetHints":{"allow":["GET"]}}],"collection":[{"href":"https:\/\/trade.colart.com\/fr\/wp-json\/wp\/v2\/product"}],"about":[{"href":"https:\/\/trade.colart.com\/fr\/wp-json\/wp\/v2\/types\/product"}],"replies":[{"embeddable":true,"href":"https:\/\/trade.colart.com\/fr\/wp-json\/wp\/v2\/comments?post=5276"}],"wp:featuredmedia":[{"embeddable":true,"href":"https:\/\/trade.colart.com\/fr\/wp-json\/wp\/v2\/media\/11330"}],"wp:attachment":[{"href":"https:\/\/trade.colart.com\/fr\/wp-json\/wp\/v2\/media?parent=5276"}],"wp:term":[{"taxonomy":"product_brand","embeddable":true,"href":"https:\/\/trade.colart.com\/fr\/wp-json\/wp\/v2\/product_brand?post=5276"},{"taxonomy":"product_cat","embeddable":true,"href":"https:\/\/trade.colart.com\/fr\/wp-json\/wp\/v2\/product_cat?post=5276"},{"taxonomy":"product_tag","embeddable":true,"href":"https:\/\/trade.colart.com\/fr\/wp-json\/wp\/v2\/product_tag?post=5276"}],"curies":[{"name":"wp","href":"https:\/\/api.w.org\/{rel}","templated":true}]}}