{"id":52854,"date":"2025-03-20T11:36:39","date_gmt":"2025-03-20T11:36:39","guid":{"rendered":"https:\/\/trade.colart.com\/fr\/product\/charbonnel-encre-taille-douce\/"},"modified":"2026-04-17T11:05:40","modified_gmt":"2026-04-17T11:05:40","slug":"charbonnel-encre-taille-douce","status":"publish","type":"product","link":"https:\/\/trade.colart.com\/fr\/product\/charbonnel-encre-taille-douce\/","title":{"rendered":"Encre Taille Douce"},"content":{"rendered":"<p>.<\/p>\n","protected":false},"excerpt":{"rendered":"<p>L&#8217;encre pour la gravure taille douce est non toxique et 100% naturelle.<\/p>\n<p>Toutes les couleurs ont une haute teneur en pigments et ont un excellent pouvoir couvrant, m\u00eame apr\u00e8s dilution avec le m\u00e9dium transparent.<\/p>\n<p>&#8211; la viscosit\u00e9 varie selon les couleurs<br \/>\n&#8211; liant \u00e0 base d\u2019huile de lin<br \/>\n&#8211; ne contiennent pas d&#8217;additifs<br \/>\n&#8211; fabriqu\u00e9 en France<br \/>\n&#8211; nettoyage \u00e0 l&#8217;huile ou au solvant<\/p>\n<p>L\u2019encre Taille Douce s\u00e8che comme une peinture \u00e0 l\u2019huile, en absorbant l\u2019oxyg\u00e8ne, mais plus rapidement. Le temps de s\u00e9chage est d\u2019environ 2 \u00e0 3 semaines selon les couleurs.<\/p>\n<p>La gamme r\u00e9pond aux standards des imprimeurs et des artistes les plus exigeants: s\u00e9lection des pigments suivants leurs crit\u00e8res de solidit\u00e9 lumi\u00e8re et de taux d&#8217;acidit\u00e9, qualit\u00e9 des huiles, finesse du broyage garantissant la qualit\u00e9 des tirages et de la p\u00e9rennit\u00e9 de l&#8217;oeuvre. <span class=\"more_dots\">&#8230;<\/span><\/p>\n<p><a class=\"btn btn-secondary understrap-read-more-link\" href=\"https:\/\/trade.colart.com\/fr\/product\/charbonnel-encre-taille-douce\/\">Read More&#8230;<span class=\"screen-reader-text\"> from Encre Taille Douce<\/span><\/a><\/p>\n","protected":false},"featured_media":13971,"comment_status":"closed","ping_status":"closed","template":"","meta":{"_acf_changed":false},"product_brand":[],"product_cat":[1455],"product_tag":[],"class_list":{"0":"post-52854","1":"product","2":"type-product","3":"status-publish","4":"has-post-thumbnail","6":"product_cat-charbonnel-encres-taille-douce","8":"first","9":"instock","10":"shipping-taxable","11":"purchasable","12":"product-type-variable"},"acf":[],"_links":{"self":[{"href":"https:\/\/trade.colart.com\/fr\/wp-json\/wp\/v2\/product\/52854","targetHints":{"allow":["GET"]}}],"collection":[{"href":"https:\/\/trade.colart.com\/fr\/wp-json\/wp\/v2\/product"}],"about":[{"href":"https:\/\/trade.colart.com\/fr\/wp-json\/wp\/v2\/types\/product"}],"replies":[{"embeddable":true,"href":"https:\/\/trade.colart.com\/fr\/wp-json\/wp\/v2\/comments?post=52854"}],"wp:featuredmedia":[{"embeddable":true,"href":"https:\/\/trade.colart.com\/fr\/wp-json\/wp\/v2\/media\/13971"}],"wp:attachment":[{"href":"https:\/\/trade.colart.com\/fr\/wp-json\/wp\/v2\/media?parent=52854"}],"wp:term":[{"taxonomy":"product_brand","embeddable":true,"href":"https:\/\/trade.colart.com\/fr\/wp-json\/wp\/v2\/product_brand?post=52854"},{"taxonomy":"product_cat","embeddable":true,"href":"https:\/\/trade.colart.com\/fr\/wp-json\/wp\/v2\/product_cat?post=52854"},{"taxonomy":"product_tag","embeddable":true,"href":"https:\/\/trade.colart.com\/fr\/wp-json\/wp\/v2\/product_tag?post=52854"}],"curies":[{"name":"wp","href":"https:\/\/api.w.org\/{rel}","templated":true}]}}